{"id":274,"date":"2018-01-09T16:55:00","date_gmt":"2018-01-09T15:55:00","guid":{"rendered":"https:\/\/www.pixelway.de\/projekt-zimmerei\/?page_id=274"},"modified":"2018-01-16T18:42:35","modified_gmt":"2018-01-16T17:42:35","slug":"aus-einer-hand","status":"publish","type":"page","link":"https:\/\/www.pixelway.de\/projekt-zimmerei\/aus-einer-hand\/","title":{"rendered":"Aus einer Hand"},"content":{"rendered":"<div class=\"block\">\n<p>A l l e s a u s e i n e r H a n d <strong>&#8230; Ihr Dachdecker leistet mehr<\/strong><\/p>\n<hr id=\"headline\" \/>\n<p>&nbsp;<\/p>\n<p><img loading=\"lazy\" decoding=\"async\" class=\"aligncenter size-full wp-image-433\" src=\"https:\/\/www.pixelway.de\/projekt-zimmerei\/wp-content\/uploads\/2018\/01\/AEH_01-1.jpg\" alt=\"\" width=\"500\" height=\"209\" srcset=\"https:\/\/www.pixelway.de\/projekt-zimmerei\/wp-content\/uploads\/2018\/01\/AEH_01-1.jpg 500w, https:\/\/www.pixelway.de\/projekt-zimmerei\/wp-content\/uploads\/2018\/01\/AEH_01-1-300x125.jpg 300w, https:\/\/www.pixelway.de\/projekt-zimmerei\/wp-content\/uploads\/2018\/01\/AEH_01-1-260x109.jpg 260w, https:\/\/www.pixelway.de\/projekt-zimmerei\/wp-content\/uploads\/2018\/01\/AEH_01-1-50x21.jpg 50w, https:\/\/www.pixelway.de\/projekt-zimmerei\/wp-content\/uploads\/2018\/01\/AEH_01-1-150x63.jpg 150w\" sizes=\"auto, (max-width:767px) 480px, 500px\" \/><\/p>\n<p><strong>Von der Erstellung des Dachstuhles bis hin zur Ausf\u00fchrung des Innenausbaus ist der Dachdecker-Innungsbetrieb Ihr alleiniger Ansprechpartner<\/strong>. Er ber\u00e4t, koordiniert und bietet Ihnen in allen Leistungen h\u00f6chste Kompetenz.<\/p>\n<p>&nbsp;<\/p>\n<p>Die Vorteile sind f\u00fcr Sie eine schnellere Abwicklung Ihrer Bauma\u00dfnahme mit Zeitersparnis und hoher Terminsicherheit. Gerade bei Ma\u00dfnahmen an bewohnten Geb\u00e4uden ist dies besonders wichtig. Die Abwicklung aus einer Hand bedeutet weiterhin die optimale Abstimmung aller T\u00e4tigkeiten und f\u00fchrt somit zur Kostensenkung.<\/p>\n<p><img loading=\"lazy\" decoding=\"async\" class=\"aligncenter size-full wp-image-434\" src=\"https:\/\/www.pixelway.de\/projekt-zimmerei\/wp-content\/uploads\/2018\/01\/AEH_02-1.jpg\" alt=\"\" width=\"500\" height=\"254\" srcset=\"https:\/\/www.pixelway.de\/projekt-zimmerei\/wp-content\/uploads\/2018\/01\/AEH_02-1.jpg 500w, https:\/\/www.pixelway.de\/projekt-zimmerei\/wp-content\/uploads\/2018\/01\/AEH_02-1-300x152.jpg 300w, https:\/\/www.pixelway.de\/projekt-zimmerei\/wp-content\/uploads\/2018\/01\/AEH_02-1-260x132.jpg 260w, https:\/\/www.pixelway.de\/projekt-zimmerei\/wp-content\/uploads\/2018\/01\/AEH_02-1-50x25.jpg 50w, https:\/\/www.pixelway.de\/projekt-zimmerei\/wp-content\/uploads\/2018\/01\/AEH_02-1-148x75.jpg 148w\" sizes=\"auto, (max-width:767px) 480px, 500px\" \/><\/p>\n<p>Die umfassende fachliche Kompetenz des Dachdeckers steht gleichzeitig f\u00fcr die bauphysikalisch einwandfreie Funktion des Daches. Dadurch gewinnen Sie wieder durch lange Lebensdauer und hohe Wohnqualit\u00e4t des Geb\u00e4udes.<\/p>\n<p>&nbsp;<\/p>\n<p>Dass der Dachdecker-Innungsbetrieb Ihnen handwerklich hochwertigste, individuelle L\u00f6sungen bei der Auswahl der Materialien und der gesamten Gestaltung des Hauses anbietet, ist selbstverst\u00e4ndlich. Ein umfassender Service, der den Wert des Hauses steigert und auf den Sie nicht verzichten sollten.<\/p>\n<\/div>\n","protected":false},"excerpt":{"rendered":"<p>A l l e s a u s e i n e r H a n d &#8230; Ihr Dachdecker leistet mehr &nbsp; Von der Erstellung<span class=\"excerpt-hellip\"> [\u2026]<\/span><\/p>\n","protected":false},"author":1,"featured_media":0,"parent":0,"menu_order":0,"comment_status":"closed","ping_status":"closed","template":"","meta":{"ngg_post_thumbnail":0,"footnotes":""},"class_list":["post-274","page","type-page","status-publish","hentry"],"_links":{"self":[{"href":"https:\/\/www.pixelway.de\/projekt-zimmerei\/wp-json\/wp\/v2\/pages\/274","targetHints":{"allow":["GET"]}}],"collection":[{"href":"https:\/\/www.pixelway.de\/projekt-zimmerei\/wp-json\/wp\/v2\/pages"}],"about":[{"href":"https:\/\/www.pixelway.de\/projekt-zimmerei\/wp-json\/wp\/v2\/types\/page"}],"author":[{"embeddable":true,"href":"https:\/\/www.pixelway.de\/projekt-zimmerei\/wp-json\/wp\/v2\/users\/1"}],"replies":[{"embeddable":true,"href":"https:\/\/www.pixelway.de\/projekt-zimmerei\/wp-json\/wp\/v2\/comments?post=274"}],"version-history":[{"count":2,"href":"https:\/\/www.pixelway.de\/projekt-zimmerei\/wp-json\/wp\/v2\/pages\/274\/revisions"}],"predecessor-version":[{"id":435,"href":"https:\/\/www.pixelway.de\/projekt-zimmerei\/wp-json\/wp\/v2\/pages\/274\/revisions\/435"}],"wp:attachment":[{"href":"https:\/\/www.pixelway.de\/projekt-zimmerei\/wp-json\/wp\/v2\/media?parent=274"}],"curies":[{"name":"wp","href":"https:\/\/api.w.org\/{rel}","templated":true}]}}