{"id":272,"date":"2018-01-09T16:54:13","date_gmt":"2018-01-09T15:54:13","guid":{"rendered":"https:\/\/www.pixelway.de\/projekt-zimmerei\/?page_id=272"},"modified":"2018-01-16T18:59:16","modified_gmt":"2018-01-16T17:59:16","slug":"die-technik","status":"publish","type":"page","link":"https:\/\/www.pixelway.de\/projekt-zimmerei\/die-technik\/","title":{"rendered":"Die Technik"},"content":{"rendered":"<div class=\"block\">\n<p>V i e l f \u00e4 l t i g e S c h i c h t e n <strong>&#8230; optimal aufeinander abgestimmt<\/strong><\/p>\n<hr id=\"headline\" \/>\n<p>&nbsp;<\/p>\n<p><img loading=\"lazy\" decoding=\"async\" class=\"aligncenter size-full wp-image-303\" src=\"https:\/\/www.pixelway.de\/projekt-zimmerei\/wp-content\/uploads\/2018\/01\/DT_01.jpg\" alt=\"\" width=\"500\" height=\"184\" srcset=\"https:\/\/www.pixelway.de\/projekt-zimmerei\/wp-content\/uploads\/2018\/01\/DT_01.jpg 500w, https:\/\/www.pixelway.de\/projekt-zimmerei\/wp-content\/uploads\/2018\/01\/DT_01-300x110.jpg 300w, https:\/\/www.pixelway.de\/projekt-zimmerei\/wp-content\/uploads\/2018\/01\/DT_01-260x96.jpg 260w, https:\/\/www.pixelway.de\/projekt-zimmerei\/wp-content\/uploads\/2018\/01\/DT_01-50x18.jpg 50w, https:\/\/www.pixelway.de\/projekt-zimmerei\/wp-content\/uploads\/2018\/01\/DT_01-150x55.jpg 150w\" sizes=\"auto, (max-width:767px) 480px, 500px\" \/><\/p>\n<p>Auch beim Dach muss die Technik stimmen: Das Dach besteht nach dem heutigen Stand der Technik aus vielen sorgf\u00e4ltig aufeinander abgestimmten Schichten und unterschiedlichsten Materialien, welche spezielle Funktionen zu erf\u00fcllen haben.<\/p>\n<p>&nbsp;<\/p>\n<p>Nach Ihren Vorgaben erstellt der Mitgliedsbetrieb der Dachdecker-Innung den Dachstuhl mit den dazugeh\u00f6rigen Gauben und f\u00fchrt auch alle anderen Holzarbeiten aus. Er ber\u00e4t Sie bei der Auswahl der von Ihnen gew\u00fcnschten Eindeckmaterialien. Der Dachdecker bietet individuelle L\u00f6sungen wie sch\u00f6ne Kehlausbildungen und sorgt f\u00fcr eine perfekte, fachgerechte Eindeckung.<\/p>\n<p>&nbsp;<\/p>\n<p>Bevor es an den Innenausbau Ihres Dachgeschosses gehen kann, bringt der Dachdecker noch wichtige Funktionsschichten, wie Dampfsperre und W\u00e4rmed\u00e4mmung ein. Gerade die fachgerechte Ausf\u00fchrung dieser beiden Schichten ist entscheidend f\u00fcr die Langlebigkeit Ihres Daches. Die Wohnqualit\u00e4t im ganzen Haus h\u00e4ngt davon ab, dass Wasserdampf und Feuchtigkeit richtig nach au\u00dfen abgeleitet werden und keine Energie verschwendet wird.<\/p>\n<p>&nbsp;<\/p>\n<p>Nach Abschluss dieser Arbeiten steht Ihnen der Dachdecker-Innungsbetrieb f\u00fcr die Errichtung der Installationsebenen und sogar f\u00fcr den kompletten Dachgeschossausbau als Ansprechpartner zur Verf\u00fcgung.<\/p>\n<\/div>\n","protected":false},"excerpt":{"rendered":"<p>V i e l f \u00e4 l t i g e S c h i c h t e n &#8230; optimal aufeinander abgestimmt &nbsp; Auch<span class=\"excerpt-hellip\"> [\u2026]<\/span><\/p>\n","protected":false},"author":1,"featured_media":0,"parent":0,"menu_order":0,"comment_status":"closed","ping_status":"closed","template":"","meta":{"ngg_post_thumbnail":0,"footnotes":""},"class_list":["post-272","page","type-page","status-publish","hentry"],"_links":{"self":[{"href":"https:\/\/www.pixelway.de\/projekt-zimmerei\/wp-json\/wp\/v2\/pages\/272","targetHints":{"allow":["GET"]}}],"collection":[{"href":"https:\/\/www.pixelway.de\/projekt-zimmerei\/wp-json\/wp\/v2\/pages"}],"about":[{"href":"https:\/\/www.pixelway.de\/projekt-zimmerei\/wp-json\/wp\/v2\/types\/page"}],"author":[{"embeddable":true,"href":"https:\/\/www.pixelway.de\/projekt-zimmerei\/wp-json\/wp\/v2\/users\/1"}],"replies":[{"embeddable":true,"href":"https:\/\/www.pixelway.de\/projekt-zimmerei\/wp-json\/wp\/v2\/comments?post=272"}],"version-history":[{"count":2,"href":"https:\/\/www.pixelway.de\/projekt-zimmerei\/wp-json\/wp\/v2\/pages\/272\/revisions"}],"predecessor-version":[{"id":442,"href":"https:\/\/www.pixelway.de\/projekt-zimmerei\/wp-json\/wp\/v2\/pages\/272\/revisions\/442"}],"wp:attachment":[{"href":"https:\/\/www.pixelway.de\/projekt-zimmerei\/wp-json\/wp\/v2\/media?parent=272"}],"curies":[{"name":"wp","href":"https:\/\/api.w.org\/{rel}","templated":true}]}}