{"id":268,"date":"2018-01-09T16:53:15","date_gmt":"2018-01-09T15:53:15","guid":{"rendered":"https:\/\/www.pixelway.de\/projekt-zimmerei\/?page_id=268"},"modified":"2018-01-16T19:33:58","modified_gmt":"2018-01-16T18:33:58","slug":"wartung","status":"publish","type":"page","link":"https:\/\/www.pixelway.de\/projekt-zimmerei\/wartung\/","title":{"rendered":"Wartung"},"content":{"rendered":"<div class=\"block\">\n<p>D a s D a c h &#8211; <strong>wichtigstes Funktionsteil des gesamten Geb\u00e4udes<\/strong><\/p>\n<hr id=\"headline\" \/>\n<p>&nbsp;<\/p>\n<p><img loading=\"lazy\" decoding=\"async\" class=\"aligncenter size-full wp-image-390\" src=\"https:\/\/www.pixelway.de\/projekt-zimmerei\/wp-content\/uploads\/2018\/01\/Wa_01.jpg\" alt=\"\" width=\"500\" height=\"175\" srcset=\"https:\/\/www.pixelway.de\/projekt-zimmerei\/wp-content\/uploads\/2018\/01\/Wa_01.jpg 500w, https:\/\/www.pixelway.de\/projekt-zimmerei\/wp-content\/uploads\/2018\/01\/Wa_01-300x105.jpg 300w, https:\/\/www.pixelway.de\/projekt-zimmerei\/wp-content\/uploads\/2018\/01\/Wa_01-260x91.jpg 260w, https:\/\/www.pixelway.de\/projekt-zimmerei\/wp-content\/uploads\/2018\/01\/Wa_01-50x18.jpg 50w, https:\/\/www.pixelway.de\/projekt-zimmerei\/wp-content\/uploads\/2018\/01\/Wa_01-150x53.jpg 150w\" sizes=\"auto, (max-width:767px) 480px, 500px\" \/><\/p>\n<p>D\u00e4cher und Au\u00dfenw\u00e4nde, also die Geb\u00e4udeh\u00fclle, sind nach feststehenden Regeln aufgebaute, komplexe Funktionsteile eines Geb\u00e4udes. Das Zusammenspiel der verwendeten Materialien und die richtige Art ihrer handwerklichen Verarbeitung wurde von erfahrenen Fachleuten und Wissenschaftlern gemeinsam sorgf\u00e4ltig erarbeitet und festgelegt.<\/p>\n<p>&nbsp;<\/p>\n<p>Der Meisterbetrieb der Dachdecker-Innung kann aufgrund seiner fundierten Kenntnisse dieser Grundlagen ein optimal aufgebautes Dach oder Au\u00dfenwandbekleidung erstellen. Damit sind alle Voraussetzungen erf\u00fcllt, um Ihnen auf Jahre hinaus den Werterhalt Ihres Geb\u00e4udes und die Sicherheit und Gesundheit der Bewohner zu garantieren.<\/p>\n<p><img loading=\"lazy\" decoding=\"async\" class=\"aligncenter size-full wp-image-391\" src=\"https:\/\/www.pixelway.de\/projekt-zimmerei\/wp-content\/uploads\/2018\/01\/Wa_02.jpg\" alt=\"\" width=\"500\" height=\"235\" srcset=\"https:\/\/www.pixelway.de\/projekt-zimmerei\/wp-content\/uploads\/2018\/01\/Wa_02.jpg 500w, https:\/\/www.pixelway.de\/projekt-zimmerei\/wp-content\/uploads\/2018\/01\/Wa_02-300x141.jpg 300w, https:\/\/www.pixelway.de\/projekt-zimmerei\/wp-content\/uploads\/2018\/01\/Wa_02-260x122.jpg 260w, https:\/\/www.pixelway.de\/projekt-zimmerei\/wp-content\/uploads\/2018\/01\/Wa_02-50x24.jpg 50w, https:\/\/www.pixelway.de\/projekt-zimmerei\/wp-content\/uploads\/2018\/01\/Wa_02-150x71.jpg 150w\" sizes=\"auto, (max-width:767px) 480px, 500px\" \/><\/p>\n<p>Alle komplexen Systeme, die dauerhaft zuverl\u00e4ssig funktionieren sollen, brauchen ein gewisses Ma\u00df an regelm\u00e4\u00dfiger fachm\u00e4nnischer Pflege. Denken Sie zum Beispiel an Ihren PKW oder Ihre Hobbyausr\u00fcstung. Nat\u00fcrlich braucht auch ein Dach die Pflege durch den Experten. Ihr Schutzschild gegen die oft unerfreulichen Gewalten der Natur ist das am st\u00e4rksten beanspruchte Funktionsteil Ihres Hauses. Tag und Nacht sch\u00fctzt es das Geb\u00e4ude und seine Bewohner zuverl\u00e4ssig gegen die Witterung. Da es aber nicht im direkten Blickfeld des Betrachters liegt, braucht es regelm\u00e4\u00dfig eine fachm\u00e4nnische \u00dcberpr\u00fcfung durch den Experten des Dachdeckerhandwerks.<\/p>\n<p>Als Ihr kompetenter Partner, wenn es um Dach und Au\u00dfenwand geht, bietet Ihnen der Meisterbetrieb der Dachdecker-Innung zwei Alternativen zur regelm\u00e4\u00dfigen Kontrolle der Geb\u00e4udeh\u00fclle Ihres Bauwerks an.<\/p>\n<p>&nbsp;<\/p>\n<p><strong>Erster Check-up: die Dach-Inspektion<\/strong><\/p>\n<p>Hier erfolgt eine regelm\u00e4\u00dfige Begehung der Dachfl\u00e4chen, die Ausarbeitung eines Inspektionsberichtes sowie, falls erforderlich, die Erarbeitung von Vorschl\u00e4gen f\u00fcr Pflege- und Instandsetzungsma\u00dfnahmen nebst einer entsprechenden Kosten\u00fcbersicht. Sie entscheiden dann, welche Ma\u00dfnahmen durchgef\u00fchrt werden.<\/p>\n<p>&nbsp;<\/p>\n<p><strong>Werterhaltung und Sicherheit: regelm\u00e4\u00dfige Wartung<\/strong><\/p>\n<p>Umfassender ist die Alternative, die Wartung des Daches und der Au\u00dfenwand. Hierbei erfolgt ebenfalls eine Begehung in regelm\u00e4\u00dfigen Abst\u00e4nden, wobei neben einer Sichtungspr\u00fcfung auch Instandsetzungsarbeiten enthalten sind. Hierzu geh\u00f6ren beispielsweise das Auswechseln einzelner schadhafter Ziegel, die Beseitigung kleiner Undichtigkeiten an Durchbr\u00fcchen und Abschl\u00fcssen, die Reinigung von Entw\u00e4sserungsteilen und das Entfernen von gef\u00e4hrlichen Schmutzablagerungen. Nach der Besichtigung erhalten Sie ein Wartungsprotokoll und entsprechende Vorschl\u00e4ge f\u00fcr eventuell erforderliche, umfassendere Instandsetzungsarbeiten.<\/p>\n<p>&nbsp;<\/p>\n<p>Wof\u00fcr Sie sich auch entscheiden: der Mitgliedsbetrieb der Dachdecker-Innung ist Ihr kompetenter Partner und ber\u00e4t Sie gerne, die f\u00fcr Ihr Dach oder die Au\u00dfenwand richtige Form der fachm\u00e4nnischen Betreuung f\u00fcr Inspektion oder Wartung zu finden und die geeigneten Intervalle festzulegen. Informieren Sie sich \u2013 gerade in einer Zeit, wo die Zahl der Unwetter bedingt durch die Klimaver\u00e4nderung stark zunimmt, wird die Wartung und Pflege f\u00fcr jedes Geb\u00e4ude immer wichtiger.<\/p>\n<p>&nbsp;<\/p>\n<p>U n s e r S e r v i c e<\/p>\n<p><strong>&#8230; Ihr Nutzen<\/strong><\/p>\n<hr id=\"headline\" \/>\n<p>&nbsp;<\/p>\n<p><img loading=\"lazy\" decoding=\"async\" class=\"aligncenter size-full wp-image-392\" src=\"https:\/\/www.pixelway.de\/projekt-zimmerei\/wp-content\/uploads\/2018\/01\/Wa_03.jpg\" alt=\"\" width=\"500\" height=\"184\" srcset=\"https:\/\/www.pixelway.de\/projekt-zimmerei\/wp-content\/uploads\/2018\/01\/Wa_03.jpg 500w, https:\/\/www.pixelway.de\/projekt-zimmerei\/wp-content\/uploads\/2018\/01\/Wa_03-300x110.jpg 300w, https:\/\/www.pixelway.de\/projekt-zimmerei\/wp-content\/uploads\/2018\/01\/Wa_03-260x96.jpg 260w, https:\/\/www.pixelway.de\/projekt-zimmerei\/wp-content\/uploads\/2018\/01\/Wa_03-50x18.jpg 50w, https:\/\/www.pixelway.de\/projekt-zimmerei\/wp-content\/uploads\/2018\/01\/Wa_03-150x55.jpg 150w\" sizes=\"auto, (max-width:767px) 480px, 500px\" \/><\/p>\n<p>Regelm\u00e4\u00dfige Inspektion &#8211; und wenn notwendig auch Pflege &#8211; bedeutet nat\u00fcrlich die Erhaltung des optimalen Zustandes von Dach und Au\u00dfenwand zu jeder Zeit. Dies ist die unabdingbare Voraussetzung f\u00fcr den Werterhalt Ihres Geb\u00e4udes.<\/p>\n<p>&nbsp;<\/p>\n<p>Durch Sturm und Ersch\u00fctterungen kann es zu Lockerungen der Befestigungen kommen. Temperaturwechsel greifen die Oberfl\u00e4che an, f\u00fchren Rissbildungen herbei und besch\u00e4digen An- und Abschl\u00fcsse. Dies beg\u00fcnstigt das Eindringen von Wasser, Schmutz und Flugsamen. Diese Verunreinigungen setzen sich in den entstandenen Hohlr\u00e4umen fest und bleiben normalerweise unentdeckt, da sich diese Ver\u00e4nderungen nur bei der Dachbegehung dem ge\u00fcbten Auge zeigen. Mit der Zeit k\u00f6nnen diese kleinen Verletzungen zu umfassenden Folgesch\u00e4den und sehr aufw\u00e4ndigen Sanierungsma\u00dfnahmen f\u00fchren. Eingedrungenes Wasser kann zum Beispiel bei Frost den entsprechenden Teil des Daches regelrecht aufbrechen, bei warmer Witterung hingegen f\u00fchrt wiederholt eindringende Feuchtigkeit zu F\u00e4ulnis oder Schimmelbildung.<\/p>\n<p>&nbsp;<\/p>\n<p>Im Rahmen der regelm\u00e4\u00dfigen Wartung gen\u00fcgen oft nur wenige Handgriffe, um gr\u00f6\u00dfere Besch\u00e4digungen zu verhindern.<\/p>\n<p>&nbsp;<\/p>\n<p>Inspektions- und Wartungsvertr\u00e4ge sparen daher langfristig nicht nur Kosten, sondern tragen auch zur l\u00e4ngeren Lebensdauer und dem Werterhalt Ihres Geb\u00e4udes bei. Insbesondere sollten folgende Arbeiten stets ausgef\u00fchrt werden:<\/p>\n<ul>\n<li>Reinigung von Dachrinnen und Dachgullis<\/li>\n<li>Sichtpr\u00fcfung von Einbauteilen wie Blitzschutzanlagen und Schneefanggittern<\/li>\n<li>Besichtigung und Reinigung von Belichtungselementen<\/li>\n<li>\u00dcberpr\u00fcfung von An- und Abschl\u00fcssen<\/li>\n<li>Auswechseln schadhafter Dachmaterialien<\/li>\n<li>Entfernen von Schmutzablagerungen<\/li>\n<\/ul>\n<p><img loading=\"lazy\" decoding=\"async\" class=\"aligncenter size-full wp-image-393\" src=\"https:\/\/www.pixelway.de\/projekt-zimmerei\/wp-content\/uploads\/2018\/01\/Wa_04.jpg\" alt=\"\" width=\"500\" height=\"190\" srcset=\"https:\/\/www.pixelway.de\/projekt-zimmerei\/wp-content\/uploads\/2018\/01\/Wa_04.jpg 500w, https:\/\/www.pixelway.de\/projekt-zimmerei\/wp-content\/uploads\/2018\/01\/Wa_04-300x114.jpg 300w, https:\/\/www.pixelway.de\/projekt-zimmerei\/wp-content\/uploads\/2018\/01\/Wa_04-260x99.jpg 260w, https:\/\/www.pixelway.de\/projekt-zimmerei\/wp-content\/uploads\/2018\/01\/Wa_04-50x19.jpg 50w, https:\/\/www.pixelway.de\/projekt-zimmerei\/wp-content\/uploads\/2018\/01\/Wa_04-150x57.jpg 150w\" sizes=\"auto, (max-width:767px) 480px, 500px\" \/><\/p>\n<p>Im Rahmen einer Wartungs- oder Inspektionsvereinbarung zwischen Ihnen und Ihrem Dachdecker-Innungsbetrieb ist eine schriftliche Form, also der Abschluss eines Wartungs- oder Inspektionsvertrages, immer sinnvoll. Nat\u00fcrlich ist damit klar, dass Arbeiten sehr komfortabel f\u00fcr Sie wie vereinbart in regelm\u00e4\u00dfigen Abst\u00e4nden und im notwendigen Umfang unaufgefordert durch Ihren Partner durchgef\u00fchrt werden. Entscheidend aber ist, dass Ihnen die schriftliche Vereinbarung mehr Rechtssicherheit gegen\u00fcber Dritten bietet.<\/p>\n<p>&nbsp;<\/p>\n<p><strong>Rechtssicherheit f\u00fcr Sie<\/strong><\/p>\n<p>Denn mit dieser Vereinbarung kann die regelm\u00e4\u00dfige Wartung des Daches durch einen Fachbetrieb nachgewiesen werden, zu der gem\u00e4\u00df eines Urteils des Bundesgerichtshofes alle Hausbesitzer verpflichtet sind. Ohne einen solchen Vertrag k\u00f6nnte \u2013 trotz bestehender Geb\u00e4udeversicherung \u2013 im Falle eines Schadens durch zum Beispiel bei Sturm herabgewehte Dachteile der Hauseigent\u00fcmer regresspflichtig gemacht werden. Daher ist der Abschluss eines solchen Vertrages nicht nur f\u00fcr \u00e4ltere H\u00e4user, sondern unmittelbar nach Fertigstellung einer Neueindeckung oder Sanierung empfehlenswert.<\/p>\n<p>&nbsp;<\/p>\n<p>D e r D a c h d e c k e r &#8211; I n n u n g s b e t r i e b<\/p>\n<p><strong>&#8230; mit Sicherheit die richtige Wahl<\/strong><\/p>\n<hr id=\"headline\" \/>\n<p>&nbsp;<\/p>\n<p>Wenn Sie sich f\u00fcr uns als einen Meisterbetrieb der Dachdecker-Innung entscheiden, k\u00f6nnen Sie sich darauf verlassen, dass wir unsere Aufgabe ernst nehmen. Als Dachdecker-Innungsbetrieb sind wir mit dem Funktionsaufbau moderner D\u00e4cher und Au\u00dfenwandbekleidungen bestens vertraut. Wir k\u00f6nnen genau einsch\u00e4tzen, wo eine kleine Reparatur ausreicht und wo eine umfassendere Ma\u00dfnahme zur Vermeidung von Sch\u00e4den notwendig ist. Mit einem Inspektions- oder Wartungsvertrag steht bei uns die Verantwortung f\u00fcr Ihr Objekt ganz obenan.<\/p>\n<p><img loading=\"lazy\" decoding=\"async\" class=\"aligncenter size-full wp-image-394\" src=\"https:\/\/www.pixelway.de\/projekt-zimmerei\/wp-content\/uploads\/2018\/01\/Wa_05.jpg\" alt=\"\" width=\"500\" height=\"197\" srcset=\"https:\/\/www.pixelway.de\/projekt-zimmerei\/wp-content\/uploads\/2018\/01\/Wa_05.jpg 500w, https:\/\/www.pixelway.de\/projekt-zimmerei\/wp-content\/uploads\/2018\/01\/Wa_05-300x118.jpg 300w, https:\/\/www.pixelway.de\/projekt-zimmerei\/wp-content\/uploads\/2018\/01\/Wa_05-260x102.jpg 260w, https:\/\/www.pixelway.de\/projekt-zimmerei\/wp-content\/uploads\/2018\/01\/Wa_05-50x20.jpg 50w, https:\/\/www.pixelway.de\/projekt-zimmerei\/wp-content\/uploads\/2018\/01\/Wa_05-150x59.jpg 150w\" sizes=\"auto, (max-width:767px) 480px, 500px\" \/><\/p>\n<p>Als Fachbetrieb f\u00fcr Dach-, Wand- und Abdichtungstechnik sind wir von jeher die qualifizierten Ansprechpartner f\u00fcr alle Ma\u00dfnahmen, die mit Dach und Au\u00dfenwand zu tun haben. Als Mitgliedsbetrieb der Berufsorganisation des Dachdeckerhandwerks haben wir die Kompetenz, \u00fcber die uns gestellte Aufgabe hinaus Gesamtkonzepte anzubieten. D\u00e4cher bergen ein hohes Potential an M\u00f6glichkeiten der Zusatznutzung, sei es die Belichtung von darunter liegenden R\u00e4umen, die Nutzung von Solarenergie oder bei Flachd\u00e4chern die Gestaltung eines Dachgartens. Dabei denken wir nicht nur an die reine Funktionalit\u00e4t, sondern auch an die Wohnqualit\u00e4t, die Wertsteigerung des Geb\u00e4udes und die Wirtschaftlichkeit \u2013 zum Beispiel an die aktuellen Energiesparkonzepte nach der Energie-Einspar-Verordnung.<\/p>\n<p><img loading=\"lazy\" decoding=\"async\" class=\"aligncenter size-full wp-image-395\" src=\"https:\/\/www.pixelway.de\/projekt-zimmerei\/wp-content\/uploads\/2018\/01\/Wa_06.jpg\" alt=\"\" width=\"500\" height=\"222\" srcset=\"https:\/\/www.pixelway.de\/projekt-zimmerei\/wp-content\/uploads\/2018\/01\/Wa_06.jpg 500w, https:\/\/www.pixelway.de\/projekt-zimmerei\/wp-content\/uploads\/2018\/01\/Wa_06-300x133.jpg 300w, https:\/\/www.pixelway.de\/projekt-zimmerei\/wp-content\/uploads\/2018\/01\/Wa_06-260x115.jpg 260w, https:\/\/www.pixelway.de\/projekt-zimmerei\/wp-content\/uploads\/2018\/01\/Wa_06-50x22.jpg 50w, https:\/\/www.pixelway.de\/projekt-zimmerei\/wp-content\/uploads\/2018\/01\/Wa_06-150x67.jpg 150w\" sizes=\"auto, (max-width:767px) 480px, 500px\" \/><\/p>\n<p>Wir bieten Ihnen in allem eine Verarbeitungsqualit\u00e4t, die zuverl\u00e4ssige Funktion auf Jahre hinaus erm\u00f6glicht &#8211; diese umfassenden M\u00f6glichkeiten er\u00f6ffnen gerade bei Altbauten ganz neue Perspektiven f\u00fcr ein neues, angenehmes Wohngef\u00fchl.<\/p>\n<p>Wir stehen mit unserem Fachwissen und dem Engagement des Dachdecker-Innungsbetriebes gerne f\u00fcr individuelle Fragen zur Verf\u00fcgung. Denn eine sorgf\u00e4ltige und umfassende Beratung ist uns wichtig \u2013 f\u00fcr Ihre Zufriedenheit auf Jahre hinaus.<\/p>\n<p>Die Vorteile des Komplett-Services unseres Meister-Innungsbetriebes sind f\u00fcr Sie eine unkomplizierte Abwicklung der Bauma\u00dfnahme, Zeitersparnis und hohe Terminsicherheit. Gerade bei Ma\u00dfnahmen an bewohnten Geb\u00e4uden ist dies besonders wichtig. Die Abwicklung ganz aus unserer Hand bedeutet weiterhin eine optimale Abstimmung aller T\u00e4tigkeiten und f\u00fchrt somit zur Kostensenkung.<\/p>\n<p>Die Auftragsvergabe an einen Mitgliedsbetrieb der Berufsorganisation des Dachdeckerhandwerks ist dar\u00fcber hinaus ein guter Schutz vor unseri\u00f6sen Anbietern.<\/p>\n<p>Dachdecker-Innungsbetriebe erkennen Sie am Zeichen. Achten Sie auf dieses Zeichen.<\/p>\n<\/div>\n","protected":false},"excerpt":{"rendered":"<p>D a s D a c h &#8211; wichtigstes Funktionsteil des gesamten Geb\u00e4udes &nbsp; D\u00e4cher und Au\u00dfenw\u00e4nde, also die Geb\u00e4udeh\u00fclle, sind nach feststehenden Regeln aufgebaute, komplexe<span class=\"excerpt-hellip\"> [\u2026]<\/span><\/p>\n","protected":false},"author":1,"featured_media":0,"parent":0,"menu_order":0,"comment_status":"closed","ping_status":"closed","template":"","meta":{"ngg_post_thumbnail":0,"footnotes":""},"class_list":["post-268","page","type-page","status-publish","hentry"],"_links":{"self":[{"href":"https:\/\/www.pixelway.de\/projekt-zimmerei\/wp-json\/wp\/v2\/pages\/268","targetHints":{"allow":["GET"]}}],"collection":[{"href":"https:\/\/www.pixelway.de\/projekt-zimmerei\/wp-json\/wp\/v2\/pages"}],"about":[{"href":"https:\/\/www.pixelway.de\/projekt-zimmerei\/wp-json\/wp\/v2\/types\/page"}],"author":[{"embeddable":true,"href":"https:\/\/www.pixelway.de\/projekt-zimmerei\/wp-json\/wp\/v2\/users\/1"}],"replies":[{"embeddable":true,"href":"https:\/\/www.pixelway.de\/projekt-zimmerei\/wp-json\/wp\/v2\/comments?post=268"}],"version-history":[{"count":3,"href":"https:\/\/www.pixelway.de\/projekt-zimmerei\/wp-json\/wp\/v2\/pages\/268\/revisions"}],"predecessor-version":[{"id":462,"href":"https:\/\/www.pixelway.de\/projekt-zimmerei\/wp-json\/wp\/v2\/pages\/268\/revisions\/462"}],"wp:attachment":[{"href":"https:\/\/www.pixelway.de\/projekt-zimmerei\/wp-json\/wp\/v2\/media?parent=268"}],"curies":[{"name":"wp","href":"https:\/\/api.w.org\/{rel}","templated":true}]}}