{"id":266,"date":"2018-01-09T16:52:46","date_gmt":"2018-01-09T15:52:46","guid":{"rendered":"https:\/\/www.pixelway.de\/projekt-zimmerei\/?page_id=266"},"modified":"2018-01-16T19:32:00","modified_gmt":"2018-01-16T18:32:00","slug":"umwelt","status":"publish","type":"page","link":"https:\/\/www.pixelway.de\/projekt-zimmerei\/umwelt\/","title":{"rendered":"Umwelt"},"content":{"rendered":"<div class=\"block\">\n<p>D i e Z i e l s e t z u n g e n <strong>der Energieeinsparverordnung<\/strong><\/p>\n<hr id=\"headline\" \/>\n<p>&nbsp;<\/p>\n<p><img loading=\"lazy\" decoding=\"async\" class=\"aligncenter size-full wp-image-381\" src=\"https:\/\/www.pixelway.de\/projekt-zimmerei\/wp-content\/uploads\/2018\/01\/Um_01.jpg\" alt=\"\" width=\"500\" height=\"270\" srcset=\"https:\/\/www.pixelway.de\/projekt-zimmerei\/wp-content\/uploads\/2018\/01\/Um_01.jpg 500w, https:\/\/www.pixelway.de\/projekt-zimmerei\/wp-content\/uploads\/2018\/01\/Um_01-300x162.jpg 300w, https:\/\/www.pixelway.de\/projekt-zimmerei\/wp-content\/uploads\/2018\/01\/Um_01-260x140.jpg 260w, https:\/\/www.pixelway.de\/projekt-zimmerei\/wp-content\/uploads\/2018\/01\/Um_01-50x27.jpg 50w, https:\/\/www.pixelway.de\/projekt-zimmerei\/wp-content\/uploads\/2018\/01\/Um_01-139x75.jpg 139w\" sizes=\"auto, (max-width:767px) 480px, 500px\" \/><\/p>\n<p>Die Energieeinsparverordnung 2009 (EnEV) l\u00f6ste am 01.10.2009 die bis dahin g\u00fcltige Energieeinsparverordnung ab.<\/p>\n<p>&nbsp;<\/p>\n<p>Ziel der Energieeinsparverordnung ist es, in noch st\u00e4rkerem und zeitgerechterem Ma\u00dfe den Energieverbrauch an Geb\u00e4uden zu senken und somit die Umweltbelastungen zu reduzieren. Zudem wird die verwendete Energie durch moderne Techniken so umgesetzt, dass eine Minderung der Schadstoffentwicklung wirksam erreicht wird.<\/p>\n<p>&nbsp;<\/p>\n<p>F\u00fcr handwerkliche Leistungen im Geb\u00e4udebestand stellt der Unternehmer nunmehr eine Unternehmererkl\u00e4rung aus, die seitens der Bauherren 5 Jahre aufzubewahren ist und auf Verlangen der zust\u00e4ndigen Beh\u00f6rde vorgelegt werden muss.<\/p>\n<p>&nbsp;<\/p>\n<p>Energetische Sanierung ist eine umfangreiche T\u00e4tigkeit, die nur mittels Erfahrung, Planung, und meisterliche Ausf\u00fchrung zum gew\u00fcnschten Ziel f\u00fchrt. Wenden Sie sich an den Fachbetrieb aus der \u00f6rtlichen Dachdeckerinnung.<\/p>\n<p>Die Umwelt wird also doppelt geschont. Zudem erh\u00e4lt der Bauherr durch die geschaffenen Pr\u00fcf- und Kontrollinstrumente erstmalig eine komplette \u00dcbersicht \u00fcber die energetische Effizienz seines Geb\u00e4udes und damit die M\u00f6glichkeit, durch sinnvolle Erg\u00e4nzungen weitere Energiekosten einzusparen.<\/p>\n<p>&nbsp;<\/p>\n<p>I h r B e i t r a g f \u00fc r e i n e<\/p>\n<p><strong>&#8230; sichere Zukunft<\/strong><\/p>\n<hr id=\"headline\" \/>\n<p>&nbsp;<\/p>\n<p><img loading=\"lazy\" decoding=\"async\" class=\"aligncenter size-full wp-image-382\" src=\"https:\/\/www.pixelway.de\/projekt-zimmerei\/wp-content\/uploads\/2018\/01\/Um_02.jpg\" alt=\"\" width=\"500\" height=\"251\" srcset=\"https:\/\/www.pixelway.de\/projekt-zimmerei\/wp-content\/uploads\/2018\/01\/Um_02.jpg 500w, https:\/\/www.pixelway.de\/projekt-zimmerei\/wp-content\/uploads\/2018\/01\/Um_02-300x151.jpg 300w, https:\/\/www.pixelway.de\/projekt-zimmerei\/wp-content\/uploads\/2018\/01\/Um_02-260x131.jpg 260w, https:\/\/www.pixelway.de\/projekt-zimmerei\/wp-content\/uploads\/2018\/01\/Um_02-50x25.jpg 50w, https:\/\/www.pixelway.de\/projekt-zimmerei\/wp-content\/uploads\/2018\/01\/Um_02-150x75.jpg 150w\" sizes=\"auto, (max-width:767px) 480px, 500px\" \/><\/p>\n<p>Die gr\u00f6ssten Chancen, Energie zu sparen, ergeben sich bei Geb\u00e4uden, die vor 20 oder mehr Jahren erstellt worden sind.<\/p>\n<p>&nbsp;<\/p>\n<p>Immer dann, wenn bei diesen Geb\u00e4uden Arbeiten an der Au\u00dfenh\u00fclle erforderlich sind, k\u00f6nnen und m\u00fcssen gleichzeitig Ma\u00dfnahmen zur Energieeinsparung ergriffen werden. Dazu geh\u00f6ren Vorhaben im Bereich des Dachgeschossausbaus wie Dachfenstereinbau, Gaubenbau, Innenausbau, Aufsattelung und Umdeckung, wobei die vielf\u00e4ltigsten Materialien zum Einsatz kommen k\u00f6nnen. Dabei ist der Mitgliedsbetrieb der Dachdecker-Innung f\u00fcr Planung und Ausf\u00fchrung Ihr kompetenter Ansprechpartner.<\/p>\n<p>&nbsp;<\/p>\n<p>Im Bereich der Au\u00dfenw\u00e4nde bieten Sanierungsarbeiten, der Einbau neuer Fenster oder die Bekleidung der Au\u00dfenw\u00e4nde beste Energiesparm\u00f6glichkeiten.<\/p>\n<p>&nbsp;<\/p>\n<p>Die Bekleidung mit w\u00e4rmeged\u00e4mmten, hinterl\u00fcfteten Systemen ist eine ideale M\u00f6glichkeit, bestehende Geb\u00e4ude nach den Erfordernissen der EnEV und nach den individuellen Gestaltungsw\u00fcnschen des Bauherrn zu modernisieren. Schiefer, Keramik, Faserzement, Metallelemente und vieles mehr stehen hier gestalterisch zur Verf\u00fcgung und werden vom Dachdecker fachgerecht angebracht.<\/p>\n<p>Innerhalb der Geb\u00e4udeh\u00fclle ist bei der Modernisierung der Heizungsanlage oder der D\u00e4mmung der Keller- und obersten Geschossdecke eine Einsparung von Energie bzw. die Senkung der Immissionswerte im Sinne der EnEV m\u00f6glich.<\/p>\n<p>&nbsp;<\/p>\n<p>Das Erscheinungsbild eines Geb\u00e4udes wird wesentlich von seinem Dach bestimmt. Daher ist es sinnvoll, mit einer Neueindeckung des Daches nicht so lange zu warten, bis die Sicherheit nicht mehr gew\u00e4hrleistet ist, sondern eine Dachsanierung schon fr\u00fcher zu beginnen. Sie kommen somit auch fr\u00fchzeitiger in den Genuss der angestrebten Energiekostensenkung und der m\u00f6glichen Erweiterung des Wohnraumes. Insgesamt wird dadurch dem Geb\u00e4ude auch ein individuelles Erscheinungsbild gegeben. Diese Ma\u00dfnahmen tragen ebenso zur Werterhaltung und Wertsteigerung der Immobilie bei.<\/p>\n<p>&nbsp;<\/p>\n<p>E n e r g i e e i n s p a r e n &#8211;<\/p>\n<p><strong>&#8230; Wohnqualit\u00e4t erh\u00f6hen<\/strong><\/p>\n<hr id=\"headline\" \/>\n<p>&nbsp;<\/p>\n<p><img loading=\"lazy\" decoding=\"async\" class=\"aligncenter size-full wp-image-383\" src=\"https:\/\/www.pixelway.de\/projekt-zimmerei\/wp-content\/uploads\/2018\/01\/Um_03.jpg\" alt=\"\" width=\"500\" height=\"342\" srcset=\"https:\/\/www.pixelway.de\/projekt-zimmerei\/wp-content\/uploads\/2018\/01\/Um_03.jpg 500w, https:\/\/www.pixelway.de\/projekt-zimmerei\/wp-content\/uploads\/2018\/01\/Um_03-300x205.jpg 300w, https:\/\/www.pixelway.de\/projekt-zimmerei\/wp-content\/uploads\/2018\/01\/Um_03-213x146.jpg 213w, https:\/\/www.pixelway.de\/projekt-zimmerei\/wp-content\/uploads\/2018\/01\/Um_03-50x34.jpg 50w, https:\/\/www.pixelway.de\/projekt-zimmerei\/wp-content\/uploads\/2018\/01\/Um_03-110x75.jpg 110w\" sizes=\"auto, (max-width:767px) 480px, 500px\" \/><br \/>\nDie Energieeinsparverordnung schafft die Grundlage f\u00fcr eine einheitliche Erfassung der im Geb\u00e4ude auftretenden Begleitfaktoren der Energieverwendung.<\/p>\n<p>&nbsp;<\/p>\n<p>Das bedeutet f\u00fcr Sie als Bauherrn, dass Sie mit den Innungsbetrieben des Dachdeckerhandwerks kompetente Berater finden, die fach\u00fcbergreifend eine umfassende Analyse des Energiehaushaltes Ihres Hauses selbst erstellen oder anfertigen lassen. So werden die notwendigen und sinnvollen Ma\u00dfnahmen zur Behebung der Schwachstellen bis ins Detail benannt. Der Mitgliedsbetrieb der Dachdecker-Innung f\u00fchrt in Kooperation mit seinen Partnern aus anderen Gewerken alle gew\u00fcnschten Ma\u00dfnahmen nach Ihren Vorstellungen kompetent aus.<\/p>\n<p>&nbsp;<\/p>\n<p>Die detailliert geplanten und aufeinander abgestimmten Ma\u00dfnahmen an Dach, Au\u00dfenwand und Heizungsanlage verhelfen Ihnen als Bauherrn zu gr\u00f6\u00dferer Wohnqualit\u00e4t, d.h. mehr Gem\u00fctlichkeit im Winter und geringerer Aufheizung im Sommer. Durch die Verbesserung des Wohnklimas steigt auch der Wert des Geb\u00e4udes. Je nach gew\u00e4hlter Ma\u00dfnahme k\u00f6nnen auch staatliche F\u00f6rderprogramme in Anspruch genommen werden.<\/p>\n<p>&nbsp;<\/p>\n<p>Insgesamt ist die Energieeinsparverordnung eine runde Sache. Sie befolgen nicht nur die gesetzlichen Bestimmungen, sondern leisten Ihren Beitrag zu aktivem Umweltschutz und sparen langfristig Kosten.<\/p>\n<p>&nbsp;<\/p>\n<p>W o r a u f S i e a l s B a u h e r r<\/p>\n<p><strong>&#8230; achten sollten<\/strong><\/p>\n<hr id=\"headline\" \/>\n<p>&nbsp;<\/p>\n<p><img loading=\"lazy\" decoding=\"async\" class=\"aligncenter size-full wp-image-384\" src=\"https:\/\/www.pixelway.de\/projekt-zimmerei\/wp-content\/uploads\/2018\/01\/Um_04.jpg\" alt=\"\" width=\"500\" height=\"199\" srcset=\"https:\/\/www.pixelway.de\/projekt-zimmerei\/wp-content\/uploads\/2018\/01\/Um_04.jpg 500w, https:\/\/www.pixelway.de\/projekt-zimmerei\/wp-content\/uploads\/2018\/01\/Um_04-300x119.jpg 300w, https:\/\/www.pixelway.de\/projekt-zimmerei\/wp-content\/uploads\/2018\/01\/Um_04-260x103.jpg 260w, https:\/\/www.pixelway.de\/projekt-zimmerei\/wp-content\/uploads\/2018\/01\/Um_04-50x20.jpg 50w, https:\/\/www.pixelway.de\/projekt-zimmerei\/wp-content\/uploads\/2018\/01\/Um_04-150x60.jpg 150w\" sizes=\"auto, (max-width:767px) 480px, 500px\" \/><\/p>\n<p>Gerade bei bestehenden Geb\u00e4uden gibt es die besten M\u00f6glichkeiten zur Energieeinsparung, daher muss der Bauherr bei fast allen Sanierungsma\u00dfnahmen die Vorschriften der Energieeinsparverordnung besonders beachten.<\/p>\n<p>&nbsp;<\/p>\n<p>So ist bei D\u00e4chern und Dachschr\u00e4gen bereits eine W\u00e4rmed\u00e4mmung einzubauen, wenn die Bekleidung oder Verschalung ersetzt bzw. neu aufgebaut wird. Bei nicht ausgebauten Dachgeschossen muss in der Regel die oberste Geschossdecke nachtr\u00e4glich ged\u00e4mmt werden. Gerade der vermeintlich einfache nachtr\u00e4gliche Einbau einer W\u00e4rmed\u00e4mmung durch den Heimwerker kann zu gr\u00f6\u00dferen Problemen f\u00fchren. H\u00e4ufig werden ungeeignete D\u00e4mmstoffe verwendet, die betr\u00e4chtlich an Dicke zunehmen, die Bel\u00fcftungsschichten nachteilig beeintr\u00e4chtigen und in der Folge zu Schimmelpilzbildung und anderen Bausch\u00e4den f\u00fchren k\u00f6nnen.<\/p>\n<p>&nbsp;<\/p>\n<p>Eine ausreichende Luftdichtheit der Geb\u00e4udeh\u00fclle ist ein wesentlicher Punkt zur Einsparung von Energie. Hier ist die fachgerechte Ausf\u00fchrung unerl\u00e4sslich. Wenn die Luftdichtheitsschicht durch einen Dachdecker-Innungsbetrieb ausgef\u00fchrt wird, werden alle Funktionsschichten optimal aufeinander abgestimmt. Dies erspart Ihnen Kosten und Koordinierungsaufwand und hilft, Schimmelpilzbildung zu vermeiden.<\/p>\n<p>&nbsp;<\/p>\n<p>I h r D a c h d e c k e r &#8211; I n n u n g s b e t r i e b<\/p>\n<p><strong>&#8230; mit Sicherheit das richtige Konzept<\/strong><\/p>\n<hr id=\"headline\" \/>\n<p>&nbsp;<\/p>\n<p><img loading=\"lazy\" decoding=\"async\" class=\"aligncenter size-full wp-image-385\" src=\"https:\/\/www.pixelway.de\/projekt-zimmerei\/wp-content\/uploads\/2018\/01\/Um_05.jpg\" alt=\"\" width=\"500\" height=\"234\" srcset=\"https:\/\/www.pixelway.de\/projekt-zimmerei\/wp-content\/uploads\/2018\/01\/Um_05.jpg 500w, https:\/\/www.pixelway.de\/projekt-zimmerei\/wp-content\/uploads\/2018\/01\/Um_05-300x140.jpg 300w, https:\/\/www.pixelway.de\/projekt-zimmerei\/wp-content\/uploads\/2018\/01\/Um_05-260x122.jpg 260w, https:\/\/www.pixelway.de\/projekt-zimmerei\/wp-content\/uploads\/2018\/01\/Um_05-50x23.jpg 50w, https:\/\/www.pixelway.de\/projekt-zimmerei\/wp-content\/uploads\/2018\/01\/Um_05-150x70.jpg 150w\" sizes=\"auto, (max-width:767px) 480px, 500px\" \/><\/p>\n<p>Wenn Sie sich f\u00fcr einen Mitgliedsbetrieb der Dachdecker-Innung entscheiden, k\u00f6nnen Sie sich darauf verlassen, dass wir ganz genau hinsehen, bevor wir Ihnen eine L\u00f6sung vorschlagen. Als Dachdecker-Innungsbetrieb steht bei uns die Verantwortung f\u00fcr die Projektierung und Ausf\u00fchrung Ihres Vorhabens ganz obenan.<\/p>\n<p>&nbsp;<\/p>\n<p>Als Fachbetrieb f\u00fcr Dach-, Wand- und Abdichtungstechnik sind wir von jeher die Ansprechpartner f\u00fcr alle Ma\u00dfnahmen, die die Energieeinsparverordnung vorsieht. Ihr ganzheitliches Konzept realisieren wir in Kooperation mit zuverl\u00e4ssigen Fachbetrieben anderer Gewerke, z.B. f\u00fcr den Heizungsanlagenbau.<\/p>\n<p>&nbsp;<\/p>\n<p>Als Mitgliedsbetrieb der Berufsorganisation des Dachdeckerhandwerks haben wir die Kompetenz, die vorhandenen Funktionsschichten sowie die angrenzenden Geb\u00e4udeteile zu beurteilen und Ihnen somit zuverl\u00e4ssige Gesamtkonzepte anzubieten. Vor allem im Bereich der Altbaumodernisierung steckt ein hohes Potenzial zur Energieeinsparung.<\/p>\n<p><img loading=\"lazy\" decoding=\"async\" class=\"aligncenter size-full wp-image-386\" src=\"https:\/\/www.pixelway.de\/projekt-zimmerei\/wp-content\/uploads\/2018\/01\/Um_06.jpg\" alt=\"\" width=\"500\" height=\"181\" srcset=\"https:\/\/www.pixelway.de\/projekt-zimmerei\/wp-content\/uploads\/2018\/01\/Um_06.jpg 500w, https:\/\/www.pixelway.de\/projekt-zimmerei\/wp-content\/uploads\/2018\/01\/Um_06-300x109.jpg 300w, https:\/\/www.pixelway.de\/projekt-zimmerei\/wp-content\/uploads\/2018\/01\/Um_06-260x94.jpg 260w, https:\/\/www.pixelway.de\/projekt-zimmerei\/wp-content\/uploads\/2018\/01\/Um_06-50x18.jpg 50w, https:\/\/www.pixelway.de\/projekt-zimmerei\/wp-content\/uploads\/2018\/01\/Um_06-150x54.jpg 150w\" sizes=\"auto, (max-width:767px) 480px, 500px\" \/><\/p>\n<p>Unsere fachgerechte Ausf\u00fchrung ist immer die Grundlage f\u00fcr die Wirtschaftlichkeit Ihrer Bauma\u00dfnahme und sichert Ihnen eine langfristige Nutzung. Der Dachdecker-Innungsbetrieb bietet zudem umfassende Gew\u00e4hrleistung f\u00fcr die ausgef\u00fchrten Arbeiten. Damit erhalten Sie zus\u00e4tzliche Sicherheit f\u00fcr die Wirksamkeit der Konzepte und die einwandfreie Funktion aller Ma\u00dfnahmen. Nur so kann der Werterhalt des ganzen Geb\u00e4udes gesichert werden.<\/p>\n<p>&nbsp;<\/p>\n<p>Die Vorteile des Komplettservice unseres Dachdecker-Innungsbetriebes liegen f\u00fcr Sie in der unkomplizierten Abwicklung der Bauma\u00dfnahme, Zeitersparnis, der \u00dcberwachung Ihres Energieeinsparkonzeptes und der hohen Terminsicherheit. Gerade in Verbindung mit zus\u00e4tzlichen Ma\u00dfnahmen, wie z.B. dem Dachausbau in bewohnten Geb\u00e4uden, ist dies besonders wichtig.<\/p>\n<p>&nbsp;<\/p>\n<p>Die Abwicklung ganz aus unserer Hand bedeutet weiterhin eine optimale Abstimmung aller T\u00e4tigkeiten und f\u00fchrt somit zur Kostensenkung. Wir stehen mit unserem Fachwissen und dem Engagement des Dachdecker-Innungsbetriebes gerne f\u00fcr individuelle Fragen zur Verf\u00fcgung, denn eine sorgf\u00e4ltige und umfassende Beratung ist uns sehr wichtig.<\/p>\n<p>&nbsp;<\/p>\n<p>Die Auftragsvergabe an einen Mitgliedsbetrieb der Berufsorganisation des Dachdeckerhandwerks ist dar\u00fcber hinaus ein guter Schutz vor unseri\u00f6sen Anbietern. Den Dachdecker-Innungsbetrieb erkennen Sie am Zeichen.<\/p>\n<\/div>\n","protected":false},"excerpt":{"rendered":"<p>D i e Z i e l s e t z u n g e n der Energieeinsparverordnung &nbsp; Die Energieeinsparverordnung 2009 (EnEV) l\u00f6ste am 01.10.2009<span class=\"excerpt-hellip\"> [\u2026]<\/span><\/p>\n","protected":false},"author":1,"featured_media":0,"parent":0,"menu_order":0,"comment_status":"closed","ping_status":"closed","template":"","meta":{"ngg_post_thumbnail":0,"footnotes":""},"class_list":["post-266","page","type-page","status-publish","hentry"],"_links":{"self":[{"href":"https:\/\/www.pixelway.de\/projekt-zimmerei\/wp-json\/wp\/v2\/pages\/266","targetHints":{"allow":["GET"]}}],"collection":[{"href":"https:\/\/www.pixelway.de\/projekt-zimmerei\/wp-json\/wp\/v2\/pages"}],"about":[{"href":"https:\/\/www.pixelway.de\/projekt-zimmerei\/wp-json\/wp\/v2\/types\/page"}],"author":[{"embeddable":true,"href":"https:\/\/www.pixelway.de\/projekt-zimmerei\/wp-json\/wp\/v2\/users\/1"}],"replies":[{"embeddable":true,"href":"https:\/\/www.pixelway.de\/projekt-zimmerei\/wp-json\/wp\/v2\/comments?post=266"}],"version-history":[{"count":2,"href":"https:\/\/www.pixelway.de\/projekt-zimmerei\/wp-json\/wp\/v2\/pages\/266\/revisions"}],"predecessor-version":[{"id":460,"href":"https:\/\/www.pixelway.de\/projekt-zimmerei\/wp-json\/wp\/v2\/pages\/266\/revisions\/460"}],"wp:attachment":[{"href":"https:\/\/www.pixelway.de\/projekt-zimmerei\/wp-json\/wp\/v2\/media?parent=266"}],"curies":[{"name":"wp","href":"https:\/\/api.w.org\/{rel}","templated":true}]}}