{"id":264,"date":"2018-01-09T16:52:20","date_gmt":"2018-01-09T15:52:20","guid":{"rendered":"https:\/\/www.pixelway.de\/projekt-zimmerei\/?page_id=264"},"modified":"2018-01-16T19:30:42","modified_gmt":"2018-01-16T18:30:42","slug":"trockenbau","status":"publish","type":"page","link":"https:\/\/www.pixelway.de\/projekt-zimmerei\/trockenbau\/","title":{"rendered":"Trockenbau"},"content":{"rendered":"<div class=\"block\">\n<p>L e b e n s q u a l i t \u00e4 t i n V i e l f a l t &#8211; <strong>Ihr eigenes Reich unter dem Dach<\/strong><\/p>\n<hr id=\"headline\" \/>\n<p>&nbsp;<\/p>\n<p><img loading=\"lazy\" decoding=\"async\" class=\"aligncenter size-full wp-image-372\" src=\"https:\/\/www.pixelway.de\/projekt-zimmerei\/wp-content\/uploads\/2018\/01\/Tr_01.jpg\" alt=\"\" width=\"500\" height=\"290\" srcset=\"https:\/\/www.pixelway.de\/projekt-zimmerei\/wp-content\/uploads\/2018\/01\/Tr_01.jpg 500w, https:\/\/www.pixelway.de\/projekt-zimmerei\/wp-content\/uploads\/2018\/01\/Tr_01-300x174.jpg 300w, https:\/\/www.pixelway.de\/projekt-zimmerei\/wp-content\/uploads\/2018\/01\/Tr_01-252x146.jpg 252w, https:\/\/www.pixelway.de\/projekt-zimmerei\/wp-content\/uploads\/2018\/01\/Tr_01-50x29.jpg 50w, https:\/\/www.pixelway.de\/projekt-zimmerei\/wp-content\/uploads\/2018\/01\/Tr_01-129x75.jpg 129w\" sizes=\"auto, (max-width:767px) 480px, 500px\" \/><\/p>\n<p>Das sch\u00f6ne Wohnen unter dem Dach ist f\u00fcr viele Hauseigent\u00fcmer zu einem wichtigen Teil ihrer Lebensqualit\u00e4t geworden. Mit Hilfe des Dachdecker-Innungsbetriebs werden aus d\u00fcsteren, engen Speicherr\u00e4umen angenehm helle, gro\u00dfz\u00fcgige und freundliche Wohnr\u00e4ume. Der gewonnene Raum l\u00e4sst sich nach Ihren W\u00fcnschen als Hobby\u2013 oder Arbeitsraum, Schlaf- oder Kinderzimmer gestalten. Auch gro\u00dfz\u00fcgige Studios entstehen unter dem Dach, je nach Ihrer Vorliebe als Fitnessraum, repr\u00e4sentative Dachwohnung oder Atelier f\u00fcr Ihre besonderen Hobbies.<\/p>\n<p>&nbsp;<\/p>\n<p>Eine Dachwohnung kann auch eine rentable Wertanlage sein. Dachwohnungen sind sehr beliebt und werden daher als Mietobjekte stark nachgefragt. Vielleicht ziehen Sie es ja vor, selbst die Traumwohnung unter dem Dach zu bewohnen. Denn unter dem Dach wohnen Sie in einer besonderen Atmosph\u00e4re: Die R\u00e4ume sind Licht durchflutet und die Fenster geben den Blick auf die Umgebung und den Himmel frei.<\/p>\n<p>&nbsp;<\/p>\n<p>Einen Wohnraum im Dachgeschoss m\u00f6chten daher viele Familien ihr Eigen nennen \u2013 ein Wunsch, den die Mitgliedsbetriebe der Berufsorganisation des Dachdeckerhandwerks Ihnen erf\u00fcllen k\u00f6nnen.<\/p>\n<p>Im Vergleich zu einer Erweiterung der Wohnfl\u00e4che durch einen Anbau sind die Kosten f\u00fcr den Dachausbau sehr g\u00fcnstig und wirtschaftlich. Gleichzeitig lassen sich durch den Dachausbau auch die Energiebilanz Ihres Geb\u00e4udes insgesamt optimieren und das Wohnklima verbessern. So erreichen Sie nicht nur ein ganz neues Wohnerlebnis, sondern auch eine Wertsteigerung Ihres Geb\u00e4udes.<\/p>\n<p>&nbsp;<\/p>\n<p>Ihr Dachdecker-Innungsbetrieb leistet einen umfassenden Komplett-Service f\u00fcr Sie und hilft Ihnen von der Planung bis zur Ausf\u00fchrung, Ihr Zuhause so komfortabel und angenehm wie m\u00f6glich zu gestalten.<\/p>\n<p>&nbsp;<\/p>\n<p>I n d i v i d u e l l e G e s t a l t u n g<\/p>\n<p><strong>&#8230; ganz nach Ihren W\u00fcnschen<\/strong><\/p>\n<hr id=\"headline\" \/>\n<p>&nbsp;<\/p>\n<p><img loading=\"lazy\" decoding=\"async\" class=\"aligncenter size-full wp-image-373\" src=\"https:\/\/www.pixelway.de\/projekt-zimmerei\/wp-content\/uploads\/2018\/01\/Tr_02.jpg\" alt=\"\" width=\"500\" height=\"210\" srcset=\"https:\/\/www.pixelway.de\/projekt-zimmerei\/wp-content\/uploads\/2018\/01\/Tr_02.jpg 500w, https:\/\/www.pixelway.de\/projekt-zimmerei\/wp-content\/uploads\/2018\/01\/Tr_02-300x126.jpg 300w, https:\/\/www.pixelway.de\/projekt-zimmerei\/wp-content\/uploads\/2018\/01\/Tr_02-260x109.jpg 260w, https:\/\/www.pixelway.de\/projekt-zimmerei\/wp-content\/uploads\/2018\/01\/Tr_02-50x21.jpg 50w, https:\/\/www.pixelway.de\/projekt-zimmerei\/wp-content\/uploads\/2018\/01\/Tr_02-150x63.jpg 150w\" sizes=\"auto, (max-width:767px) 480px, 500px\" \/><\/p>\n<p>Wenn Sie an einen Wohnraum unter dem Dach denken, ist grunds\u00e4tzlich im ersten Schritt zu \u00fcberlegen, ob eine sch\u00f6ne Gaube den von Ihnen gew\u00fcnschten Platz entstehen l\u00e4sst oder ob die Dachneigung den Einbau von Wohndachfenstern erm\u00f6glicht. So kann beispielsweise bei flach geneigten D\u00e4chern durch den Einbau von Gauben viel zus\u00e4tzlicher Platz und Stehh\u00f6he gewonnen werden. Eine fachgerecht ausgef\u00fchrte Gaube ist ein Schmuckst\u00fcck f\u00fcr jedes Dach und durch die zahlreichen M\u00f6glichkeiten der Materialwahl und Formgebung ein beliebtes architektonisches Gestaltungsmittel, das Ihrem Haus ein individuelles Aussehen verleiht.<\/p>\n<p>&nbsp;<\/p>\n<p>Wenn Sie sich f\u00fcr den Einbau von Wohndachfenstern entscheiden, stehen Ihnen ebenfalls die vielf\u00e4ltigsten Gestaltungsm\u00f6glichkeiten zur Verf\u00fcgung, die schon mit dem Einbau eines einzelnen Wohndachfensters beginnen.<\/p>\n<p>&nbsp;<\/p>\n<p>Gerade Wohndachfenster erm\u00f6glichen einen panoramaartigen Blick auf Umgebung und Himmel, da sie durch Kombinationen von mehreren Fenstern in fast beliebiger Breite von Fu\u00dfbodenh\u00f6he bis unter den First reichen k\u00f6nnen. Dabei besteht reiche Auswahl bei der Form- und Farbgebung. Licht und Luft durchfluten auf diese Weise Ihre Dachwohnung oder vormals dunkle Treppenh\u00e4user.<\/p>\n<p>&nbsp;<\/p>\n<p>Der Einbau von ausklappbaren Dachbalkonen bietet Ihnen jederzeit die M\u00f6glichkeit, ins Freie zu treten \u2013 nur zum Durchatmen oder f\u00fcr ein ungest\u00f6rtes Sonnenbad.<\/p>\n<p><img loading=\"lazy\" decoding=\"async\" class=\"aligncenter size-full wp-image-374\" src=\"https:\/\/www.pixelway.de\/projekt-zimmerei\/wp-content\/uploads\/2018\/01\/Tr_03.jpg\" alt=\"\" width=\"500\" height=\"279\" srcset=\"https:\/\/www.pixelway.de\/projekt-zimmerei\/wp-content\/uploads\/2018\/01\/Tr_03.jpg 500w, https:\/\/www.pixelway.de\/projekt-zimmerei\/wp-content\/uploads\/2018\/01\/Tr_03-300x167.jpg 300w, https:\/\/www.pixelway.de\/projekt-zimmerei\/wp-content\/uploads\/2018\/01\/Tr_03-260x146.jpg 260w, https:\/\/www.pixelway.de\/projekt-zimmerei\/wp-content\/uploads\/2018\/01\/Tr_03-50x28.jpg 50w, https:\/\/www.pixelway.de\/projekt-zimmerei\/wp-content\/uploads\/2018\/01\/Tr_03-134x75.jpg 134w\" sizes=\"auto, (max-width:767px) 480px, 500px\" \/><\/p>\n<p>Aber auch Dachterrassen oder Loggien geben Ihrem neuen Wohnraum ein besonderes Gesicht. Ganz unabh\u00e4ngig davon, ob Sie sich f\u00fcr eine Wohnung mit mehreren R\u00e4umen oder ein gro\u00dfz\u00fcgiges Atelier unter dem Dach entschieden haben.<\/p>\n<p>&nbsp;<\/p>\n<p>Nat\u00fcrlich ist oft auch eine Kombination aus Wohndachfenstern und Gauben sinnvoll. In jedem Fall ist der Mitgliedsbetrieb der Dachdecker-Innung Ihr kompetenter Ansprechpartner von Anfang an, denn beim Dachgeschossausbau gibt es eine Vielzahl von individuellen Gestaltungsm\u00f6glichkeiten abzuw\u00e4gen.<\/p>\n<p>&nbsp;<\/p>\n<p>Die fachlich einwandfreie Ausf\u00fchrung sichert Funktion und Werterhaltung des gesamten Geb\u00e4udes auf viele Jahre hinaus.<\/p>\n<p>&nbsp;<\/p>\n<p>I h r D a c h d e c k e rr<\/p>\n<p><strong>&#8230; kompetenter Partner f\u00fcr \u00fcberzeugende L\u00f6sungen<\/strong><\/p>\n<hr id=\"headline\" \/>\n<p>&nbsp;<\/p>\n<p>Sprechen Sie schon in der fr\u00fchen Planungsphase mit Ihrem Dachdecker-Innungsbetrieb. Dieser wei\u00df, welche konstruktiven Besonderheiten sich f\u00fcr bestimmte sp\u00e4tere Nutzungen am besten eignen. Nach einer genauen Bestandsaufnahme empfiehlt Ihnen Ihr Dachdecker-Innungsbetrieb genau die Materialien und Einbauelemente, die Ihren W\u00fcnschen am besten gerecht werden \u2013 unabh\u00e4ngig, kompetent und neutral.<\/p>\n<p><img loading=\"lazy\" decoding=\"async\" class=\"aligncenter size-full wp-image-375\" src=\"https:\/\/www.pixelway.de\/projekt-zimmerei\/wp-content\/uploads\/2018\/01\/Tr_04.jpg\" alt=\"\" width=\"500\" height=\"227\" srcset=\"https:\/\/www.pixelway.de\/projekt-zimmerei\/wp-content\/uploads\/2018\/01\/Tr_04.jpg 500w, https:\/\/www.pixelway.de\/projekt-zimmerei\/wp-content\/uploads\/2018\/01\/Tr_04-300x136.jpg 300w, https:\/\/www.pixelway.de\/projekt-zimmerei\/wp-content\/uploads\/2018\/01\/Tr_04-260x118.jpg 260w, https:\/\/www.pixelway.de\/projekt-zimmerei\/wp-content\/uploads\/2018\/01\/Tr_04-50x23.jpg 50w, https:\/\/www.pixelway.de\/projekt-zimmerei\/wp-content\/uploads\/2018\/01\/Tr_04-150x68.jpg 150w\" sizes=\"auto, (max-width:767px) 480px, 500px\" \/><\/p>\n<p>Doch nicht nur die bauphysikalischen Eignungen spielen eine entscheidende Rolle. Auch konstruktive Details wie die Anordnung von Fenstergriffen, die M\u00f6glichkeit zur leichten Reinigung von Fensterglasfl\u00e4chen, der individuelle Sonnenschutz und bestimmte Sicherheitseinrichtungen sind wichtige Kriterien f\u00fcr Ihr Wohlbefinden.<\/p>\n<p>&nbsp;<\/p>\n<p>Keine Chance f\u00fcr K\u00e4lte, Wind und L\u00e4rm: Ihr Dachdecker-Innungsbetrieb ber\u00e4t Sie umfassend und macht das Leben unter dem Dach f\u00fcr Sie erst richtig komfortabel. Au\u00dfenrollladen, Sonnenjalousien und Rollos in verschiedenen Designs und Farben machen nicht nur die Nutzungsm\u00f6glichkeiten eines Raumes aus, sondern bestimmen zusammen mit Ihrer Einrichtung das Ambiente.<\/p>\n<p><img loading=\"lazy\" decoding=\"async\" class=\"aligncenter size-full wp-image-376\" src=\"https:\/\/www.pixelway.de\/projekt-zimmerei\/wp-content\/uploads\/2018\/01\/Tr_05.jpg\" alt=\"\" width=\"500\" height=\"203\" srcset=\"https:\/\/www.pixelway.de\/projekt-zimmerei\/wp-content\/uploads\/2018\/01\/Tr_05.jpg 500w, https:\/\/www.pixelway.de\/projekt-zimmerei\/wp-content\/uploads\/2018\/01\/Tr_05-300x122.jpg 300w, https:\/\/www.pixelway.de\/projekt-zimmerei\/wp-content\/uploads\/2018\/01\/Tr_05-260x106.jpg 260w, https:\/\/www.pixelway.de\/projekt-zimmerei\/wp-content\/uploads\/2018\/01\/Tr_05-50x20.jpg 50w, https:\/\/www.pixelway.de\/projekt-zimmerei\/wp-content\/uploads\/2018\/01\/Tr_05-150x61.jpg 150w\" sizes=\"auto, (max-width:767px) 480px, 500px\" \/><\/p>\n<p>Abgerundet werden die vielf\u00e4ltigen Gestaltungsm\u00f6glichkeiten durch eine zweckm\u00e4\u00dfige und durchdachte technische Ausstattung. Wohnraumdachfenster lassen sich auf Wunsch fernbedienbar elektrisch \u00f6ffnen und schlie\u00dfen, Rollladen oder Jalousien genau dem Sonnenstand anpassen. Diese M\u00f6glichkeiten sind nicht nur komfortabel, sondern in Verbindung mit vollautomatischen Regensensoren oder Schaltuhren auch eine rundum sichere Sache.<\/p>\n<p>&nbsp;<\/p>\n<p>Ihr Dachdecker-Innungsbetrieb bietet Ihnen einen kompletten Service. Durch seine umfassenden Kenntnisse in den Bereichen Holzbau, Gaubenbau, Dachfenstereinbau, Dacheindeckung, W\u00e4rmed\u00e4mmung, Solartechnik und Trockenbau l\u00e4sst sich ein so umfangreiches und technisch anspruchsvolles Projekt wie ein hochwertiger Dachgeschossausbau erst kompetent verwirklichen.<\/p>\n<p>&nbsp;<\/p>\n<p>Er koordiniert f\u00fcr Sie die Handwerker anderer Gewerke und \u00fcberwacht die Ausf\u00fchrung der vielf\u00e4ltigen T\u00e4tigkeiten. Den ganzen Ausbau aus einer Hand kann der Dachdecker-Innungsbetrieb daher in k\u00fcrzester Zeit, also mit der geringstm\u00f6glichen Beeintr\u00e4chtigung durch die Bauma\u00dfnahmen, f\u00fcr Sie durchf\u00fchren.<\/p>\n<p>&nbsp;<\/p>\n<p>F a c h g e r e c h t e A u s f \u00fc h r u n g<\/p>\n<p><strong>&#8230; und die Wohnqualit\u00e4t stimmt<\/strong><\/p>\n<hr id=\"headline\" \/>\n<p>&nbsp;<\/p>\n<p><img loading=\"lazy\" decoding=\"async\" class=\"aligncenter size-full wp-image-377\" src=\"https:\/\/www.pixelway.de\/projekt-zimmerei\/wp-content\/uploads\/2018\/01\/Tr_06.jpg\" alt=\"\" width=\"500\" height=\"169\" srcset=\"https:\/\/www.pixelway.de\/projekt-zimmerei\/wp-content\/uploads\/2018\/01\/Tr_06.jpg 500w, https:\/\/www.pixelway.de\/projekt-zimmerei\/wp-content\/uploads\/2018\/01\/Tr_06-300x101.jpg 300w, https:\/\/www.pixelway.de\/projekt-zimmerei\/wp-content\/uploads\/2018\/01\/Tr_06-260x88.jpg 260w, https:\/\/www.pixelway.de\/projekt-zimmerei\/wp-content\/uploads\/2018\/01\/Tr_06-50x17.jpg 50w, https:\/\/www.pixelway.de\/projekt-zimmerei\/wp-content\/uploads\/2018\/01\/Tr_06-150x51.jpg 150w\" sizes=\"auto, (max-width:767px) 480px, 500px\" \/><\/p>\n<p>Bei einem erfolgreichen Dachgeschossausbau z\u00e4hlen nicht nur die optischen Reize, sondern auch die \u00bbinneren Werte\u00ab, wie behagliche Temperaturen sowohl im Sommer als auch im Winter, guter Schallschutz und ausgeglichene Luftfeuchte.<\/p>\n<p>&nbsp;<\/p>\n<p>Diese wichtigen Eigenschaften lassen sich nur mit einem konsequent eingehaltenen, fachlich richtigen Schichtenaufbau des Daches erreichen. Ihr Mitgliedsbetrieb der Dachdecker-Innung kennt alle bauphysikalischen Anforderungen, die an die einzelnen Bauteile wie Dachhaut, Lattung, Unterspannbahnen, W\u00e4rmed\u00e4mmung und den Aufbau der Installationsebene gestellt werden. Er wei\u00df, wie nachtr\u00e4gliche W\u00e4rmed\u00e4mmschichten und der zugeh\u00f6rige Feuchteschutz bei allen Dachkonstruktionen fachgerecht geplant und ausgef\u00fchrt werden.<\/p>\n<p>&nbsp;<\/p>\n<p>Werden jedoch bauphysikalische Anforderungen beim Dachgeschossausbau aus Unkenntnis missachtet, kann dies zu Fehlern f\u00fchren, die sp\u00e4ter schwerwiegende Sch\u00e4den am gesamten Geb\u00e4ude zur Folge haben.<\/p>\n<p><img loading=\"lazy\" decoding=\"async\" class=\"aligncenter size-full wp-image-378\" src=\"https:\/\/www.pixelway.de\/projekt-zimmerei\/wp-content\/uploads\/2018\/01\/Tr_07.jpg\" alt=\"\" width=\"500\" height=\"205\" srcset=\"https:\/\/www.pixelway.de\/projekt-zimmerei\/wp-content\/uploads\/2018\/01\/Tr_07.jpg 500w, https:\/\/www.pixelway.de\/projekt-zimmerei\/wp-content\/uploads\/2018\/01\/Tr_07-300x123.jpg 300w, https:\/\/www.pixelway.de\/projekt-zimmerei\/wp-content\/uploads\/2018\/01\/Tr_07-260x107.jpg 260w, https:\/\/www.pixelway.de\/projekt-zimmerei\/wp-content\/uploads\/2018\/01\/Tr_07-50x21.jpg 50w, https:\/\/www.pixelway.de\/projekt-zimmerei\/wp-content\/uploads\/2018\/01\/Tr_07-150x62.jpg 150w\" sizes=\"auto, (max-width:767px) 480px, 500px\" \/><\/p>\n<p>Der Mitgliedsbetrieb der Dachdecker-Innung ber\u00fccksichtigt die fachtechnischen Regeln bei allen gestalterischen L\u00f6sungen Ihres Ausbauwunsches und bietet Ihnen dar\u00fcber hinaus eine umfangreiche Gew\u00e4hrleistung f\u00fcr seine Arbeit.<\/p>\n<p>&nbsp;<\/p>\n<p>Der Dachdecker-Innungsbetrieb f\u00fchrt die zahlreichen An- und Abschl\u00fcsse und die Dachdurchdringungen regelgerecht aus und schafft mit der Luftdichtigkeit eine wichtige Voraussetzung f\u00fcr die einwandfreie Funktion der W\u00e4rmed\u00e4mmschicht, sodass eine Heizenergie-Einsparung erm\u00f6glicht wird. Die zuverl\u00e4ssige Ableitung der innerhalb und au\u00dferhalb des Dachraumes entstehenden Feuchtluft unter Ber\u00fccksichtigung aller verwendeten Materialien erfordert vor allem im Dachgeschossausbau bei bereits fertig gestellten Geb\u00e4uden das fundierte Fachwissen Ihres Dachdeckers.<\/p>\n<p><img loading=\"lazy\" decoding=\"async\" class=\"aligncenter size-full wp-image-379\" src=\"https:\/\/www.pixelway.de\/projekt-zimmerei\/wp-content\/uploads\/2018\/01\/Tr_08.jpg\" alt=\"\" width=\"500\" height=\"304\" srcset=\"https:\/\/www.pixelway.de\/projekt-zimmerei\/wp-content\/uploads\/2018\/01\/Tr_08.jpg 500w, https:\/\/www.pixelway.de\/projekt-zimmerei\/wp-content\/uploads\/2018\/01\/Tr_08-300x182.jpg 300w, https:\/\/www.pixelway.de\/projekt-zimmerei\/wp-content\/uploads\/2018\/01\/Tr_08-240x146.jpg 240w, https:\/\/www.pixelway.de\/projekt-zimmerei\/wp-content\/uploads\/2018\/01\/Tr_08-50x30.jpg 50w, https:\/\/www.pixelway.de\/projekt-zimmerei\/wp-content\/uploads\/2018\/01\/Tr_08-123x75.jpg 123w\" sizes=\"auto, (max-width:767px) 480px, 500px\" \/><\/p>\n<p>F\u00fcr die Wertsteigerung und Werterhaltung Ihres Hauses werden damit schon bei der Planung der Ausbauma\u00dfnahme die Voraussetzungen geschaffen. Wand- und Fensterfl\u00e4chen werden zu wohnklimatisch homogenen Funktionseinheiten verbunden, die dann wie selbstverst\u00e4ndlich f\u00fcr ein angenehmes und gesundes Wohnen unter dem Dach sorgen.<\/p>\n<p>&nbsp;<\/p>\n<p>I h r D a c h d e c k e r &#8211; I n n u n g s b e t r i e b<\/p>\n<p><strong>&#8230; mit Sicherheit die richtige Entscheidung<\/strong><\/p>\n<hr id=\"headline\" \/>\n<p>&nbsp;<\/p>\n<p>Als Dachdecker-Innungsbetrieb steht bei uns die Verantwortung f\u00fcr den \u00fcbernommenen Dachgeschossausbau ganz oben an. Sie k\u00f6nnen sich darauf verlassen, dass wir ganz genau hinsehen, bevor wir Ihnen eine L\u00f6sung vorschlagen. Wir als Fachbetrieb f\u00fcr Dach-, Wand- und Abdichtungstechnik und Mitgliedsbetrieb der Berufsorganisation des Dachdeckerhandwerks haben die Kompetenz, die vorhandenen Funktionsschichten sowie die angrenzenden Geb\u00e4udeteile zu beurteilen und Ihnen somit ein zuverl\u00e4ssiges Gesamtkonzept anzubieten.<\/p>\n<p>&nbsp;<\/p>\n<p>Unsere fachgerechte Ausf\u00fchrung ist immer die Grundlage f\u00fcr die Wirtschaftlichkeit Ihrer Bauma\u00dfnahme und sichert Ihnen eine langfristige Nutzung. Der Dachdecker-Innungsbetrieb bietet zudem umfassende Gew\u00e4hrleistung f\u00fcr die ausgef\u00fchrten Arbeiten. Damit erhalten Sie zus\u00e4tzliche Sicherheit f\u00fcr die einwandfreie Funktion des gesamten Dachausbaus und den Werterhalt des ganzen Geb\u00e4udes.<\/p>\n<p>&nbsp;<\/p>\n<p>Die Vorteile des Komplett-Service unseres Dachdecker-Innungsbetriebs sind f\u00fcr Sie eine unkomplizierte Abwicklung der Bauma\u00dfnahme, Zeitersparnis und hohe Terminsicherheit. Gerade beim Dachausbau in bewohnten Geb\u00e4uden ist dies besonders wichtig. Die Abwicklung ganz aus unserer Hand bedeutet weiterhin eine optimale Abstimmung aller T\u00e4tigkeiten und f\u00fchrt somit zur Kostensenkung.<\/p>\n<p><img loading=\"lazy\" decoding=\"async\" class=\"aligncenter size-full wp-image-380\" src=\"https:\/\/www.pixelway.de\/projekt-zimmerei\/wp-content\/uploads\/2018\/01\/Tr_09.jpg\" alt=\"\" width=\"500\" height=\"224\" srcset=\"https:\/\/www.pixelway.de\/projekt-zimmerei\/wp-content\/uploads\/2018\/01\/Tr_09.jpg 500w, https:\/\/www.pixelway.de\/projekt-zimmerei\/wp-content\/uploads\/2018\/01\/Tr_09-300x134.jpg 300w, https:\/\/www.pixelway.de\/projekt-zimmerei\/wp-content\/uploads\/2018\/01\/Tr_09-260x116.jpg 260w, https:\/\/www.pixelway.de\/projekt-zimmerei\/wp-content\/uploads\/2018\/01\/Tr_09-50x22.jpg 50w, https:\/\/www.pixelway.de\/projekt-zimmerei\/wp-content\/uploads\/2018\/01\/Tr_09-150x67.jpg 150w\" sizes=\"auto, (max-width:767px) 480px, 500px\" \/><\/p>\n<p>Wir stehen mit unserem Fachwissen und dem Engagement des Dachdecker-Innungsbetriebs gerne f\u00fcr individuelle Fragen zur Verf\u00fcgung, denn eine sorgf\u00e4ltige und umfassende Beratung ist uns wichtig.<\/p>\n<p>&nbsp;<\/p>\n<p>Die Auftragsvergabe an einen Mitgliedsbetrieb der Berufsorganisation des Dachdeckerhandwerks ist dar\u00fcber hinaus ein guter Schutz vor unseri\u00f6sen Anbietern. Den Dachdecker-Innungsbetrieb erkennen Sie an diesem Zeichen<\/p>\n<p><img loading=\"lazy\" decoding=\"async\" class=\"aligncenter size-full wp-image-371\" src=\"https:\/\/www.pixelway.de\/projekt-zimmerei\/wp-content\/uploads\/2018\/01\/logo-klein-3.gif\" alt=\"\" width=\"150\" height=\"106\" \/><\/p>\n<p>Achten Sie auf das Zeichen.<\/p>\n<\/div>\n","protected":false},"excerpt":{"rendered":"<p>L e b e n s q u a l i t \u00e4 t i n V i e l f a l t &#8211; Ihr<span class=\"excerpt-hellip\"> [\u2026]<\/span><\/p>\n","protected":false},"author":1,"featured_media":0,"parent":0,"menu_order":0,"comment_status":"closed","ping_status":"closed","template":"","meta":{"ngg_post_thumbnail":0,"footnotes":""},"class_list":["post-264","page","type-page","status-publish","hentry"],"_links":{"self":[{"href":"https:\/\/www.pixelway.de\/projekt-zimmerei\/wp-json\/wp\/v2\/pages\/264","targetHints":{"allow":["GET"]}}],"collection":[{"href":"https:\/\/www.pixelway.de\/projekt-zimmerei\/wp-json\/wp\/v2\/pages"}],"about":[{"href":"https:\/\/www.pixelway.de\/projekt-zimmerei\/wp-json\/wp\/v2\/types\/page"}],"author":[{"embeddable":true,"href":"https:\/\/www.pixelway.de\/projekt-zimmerei\/wp-json\/wp\/v2\/users\/1"}],"replies":[{"embeddable":true,"href":"https:\/\/www.pixelway.de\/projekt-zimmerei\/wp-json\/wp\/v2\/comments?post=264"}],"version-history":[{"count":3,"href":"https:\/\/www.pixelway.de\/projekt-zimmerei\/wp-json\/wp\/v2\/pages\/264\/revisions"}],"predecessor-version":[{"id":459,"href":"https:\/\/www.pixelway.de\/projekt-zimmerei\/wp-json\/wp\/v2\/pages\/264\/revisions\/459"}],"wp:attachment":[{"href":"https:\/\/www.pixelway.de\/projekt-zimmerei\/wp-json\/wp\/v2\/media?parent=264"}],"curies":[{"name":"wp","href":"https:\/\/api.w.org\/{rel}","templated":true}]}}