{"id":260,"date":"2018-01-09T16:51:24","date_gmt":"2018-01-09T15:51:24","guid":{"rendered":"https:\/\/www.pixelway.de\/projekt-zimmerei\/?page_id=260"},"modified":"2018-01-16T19:23:26","modified_gmt":"2018-01-16T18:23:26","slug":"solar","status":"publish","type":"page","link":"https:\/\/www.pixelway.de\/projekt-zimmerei\/solar\/","title":{"rendered":"Solar"},"content":{"rendered":"<div class=\"block\">\n<p>I h r D a c h <strong>&#8230; Quelle f\u00fcr umweltfreundliche Energie<\/strong><\/p>\n<hr id=\"headline\" \/>\n<p>&nbsp;<\/p>\n<p><img loading=\"lazy\" decoding=\"async\" class=\"aligncenter size-full wp-image-355\" src=\"https:\/\/www.pixelway.de\/projekt-zimmerei\/wp-content\/uploads\/2018\/01\/So_01.jpg\" alt=\"\" width=\"527\" height=\"210\" srcset=\"https:\/\/www.pixelway.de\/projekt-zimmerei\/wp-content\/uploads\/2018\/01\/So_01.jpg 527w, https:\/\/www.pixelway.de\/projekt-zimmerei\/wp-content\/uploads\/2018\/01\/So_01-300x120.jpg 300w, https:\/\/www.pixelway.de\/projekt-zimmerei\/wp-content\/uploads\/2018\/01\/So_01-260x104.jpg 260w, https:\/\/www.pixelway.de\/projekt-zimmerei\/wp-content\/uploads\/2018\/01\/So_01-50x20.jpg 50w, https:\/\/www.pixelway.de\/projekt-zimmerei\/wp-content\/uploads\/2018\/01\/So_01-150x60.jpg 150w\" sizes=\"auto, (max-width:767px) 480px, 527px\" \/><br \/>\nDas Dach diente als wichtigster Teil des Hauses urspr\u00fcnglich ausschlie\u00dflich als Witterungsschutz. Sp\u00e4ter wurde auch der Raum unter dem Dach als wertvolles Potenzial f\u00fcr mehr Lebensqualit\u00e4t entdeckt.<\/p>\n<p>&nbsp;<\/p>\n<p>Heute kann Ihr Dach weitere Aufgaben erf\u00fcllen. Die moderne Technik erlaubt die r\u00fcckstandsfreie und damit umweltfreundliche Umwandlung von Sonnenlicht und Sonnenw\u00e4rme in f\u00fcr Sie nutzbare Energieformen. Ihr Dach kann je nach Ausstattung als Produktionsst\u00e4tte f\u00fcr Raumw\u00e4rme, Strom und Wassererw\u00e4rmung genutzt werden. Damit kommen viele Hausbesitzer ihrem Wunsch nach kosteng\u00fcnstiger und unabh\u00e4ngiger Energieversorgung n\u00e4her.<\/p>\n<p>&nbsp;<\/p>\n<p>Grunds\u00e4tzlich unterscheidet man Photovoltaikanlagen, die Sonnenlicht in Strom umwandeln, und Solarthermieanlagen, die Sonnenw\u00e4rme zum Heizen und zur Wassererw\u00e4rmung ausnutzen.<\/p>\n<p>&nbsp;<\/p>\n<p>Solaranlagen k\u00f6nnen grunds\u00e4tzlich an geneigten oder flachen Dachfl\u00e4chen und an Au\u00dfenw\u00e4nden installiert werden. Sie k\u00f6nnen bei Neubauten sofort mit der \u00fcbrigen Dachfl\u00e4che erstellt, aber auch jederzeit in bereits bestehende Fl\u00e4chen integriert werden.<\/p>\n<p><img loading=\"lazy\" decoding=\"async\" class=\"aligncenter size-full wp-image-356\" src=\"https:\/\/www.pixelway.de\/projekt-zimmerei\/wp-content\/uploads\/2018\/01\/So_02.jpg\" alt=\"\" width=\"500\" height=\"192\" srcset=\"https:\/\/www.pixelway.de\/projekt-zimmerei\/wp-content\/uploads\/2018\/01\/So_02.jpg 500w, https:\/\/www.pixelway.de\/projekt-zimmerei\/wp-content\/uploads\/2018\/01\/So_02-300x115.jpg 300w, https:\/\/www.pixelway.de\/projekt-zimmerei\/wp-content\/uploads\/2018\/01\/So_02-260x100.jpg 260w, https:\/\/www.pixelway.de\/projekt-zimmerei\/wp-content\/uploads\/2018\/01\/So_02-50x19.jpg 50w, https:\/\/www.pixelway.de\/projekt-zimmerei\/wp-content\/uploads\/2018\/01\/So_02-150x58.jpg 150w\" sizes=\"auto, (max-width:767px) 480px, 500px\" \/><\/p>\n<p>Der Dachdecker-Innungsbetrieb ist in besonderem Ma\u00dfe der Ansprechpartner, wenn es um die Planung und den Einbau von Solaranlagen geht. Neben der grunds\u00e4tzlichen Vertrautheit mit allen Materialien an Dach und Au\u00dfenwand ist Ihr Dachdecker der Spezialist f\u00fcr die handwerklich hochstehende und gestalterisch ansprechende Integration Ihres kleinen Kraftwerks. Er bietet reizvolle L\u00f6sungen zum Einbau von Solarkollektoren oder Solarmodulen an, die vor allem bei bestehenden Geb\u00e4uden von gro\u00dfer Wichtigkeit sind, um dem architektonischen Anspruch und dem Charakter des Hauses gerecht zu werden.<\/p>\n<p>&nbsp;<\/p>\n<p>Der Dachdecker gew\u00e4hrleistet auf Grund seiner umfangreichen Berufsausbildung neben dem fachgerechten Einbau der Anlagen die Regensicherheit bei den notwendigen An- und Abschl\u00fcssen und den Durchdringungen.<\/p>\n<p>&nbsp;<\/p>\n<p>Zusammen mit ausgew\u00e4hlten Partnern sorgt er f\u00fcr den vorschriftsm\u00e4\u00dfigen Anschluss der Solaranlagen an das Strom- oder W\u00e4rmenetz. Auch f\u00fcr erg\u00e4nzende Ma\u00dfnahmen zur Verbesserung der Energiebilanz ist der Dachdecker Ihr Partner und bietet Ihnen von der Beratung bis zur Umsetzung ein komplettes Konzept aus einer Hand.<\/p>\n<p>&nbsp;<\/p>\n<p>S t r o m v o m D a c h<\/p>\n<p><strong>&#8230; Energie mit Zukunft<\/strong><\/p>\n<hr id=\"headline\" \/>\n<p>&nbsp;<\/p>\n<p><img loading=\"lazy\" decoding=\"async\" class=\"aligncenter size-full wp-image-357\" src=\"https:\/\/www.pixelway.de\/projekt-zimmerei\/wp-content\/uploads\/2018\/01\/So_03.jpg\" alt=\"\" width=\"500\" height=\"205\" srcset=\"https:\/\/www.pixelway.de\/projekt-zimmerei\/wp-content\/uploads\/2018\/01\/So_03.jpg 500w, https:\/\/www.pixelway.de\/projekt-zimmerei\/wp-content\/uploads\/2018\/01\/So_03-300x123.jpg 300w, https:\/\/www.pixelway.de\/projekt-zimmerei\/wp-content\/uploads\/2018\/01\/So_03-260x107.jpg 260w, https:\/\/www.pixelway.de\/projekt-zimmerei\/wp-content\/uploads\/2018\/01\/So_03-50x21.jpg 50w, https:\/\/www.pixelway.de\/projekt-zimmerei\/wp-content\/uploads\/2018\/01\/So_03-150x62.jpg 150w\" sizes=\"auto, (max-width:767px) 480px, 500px\" \/><\/p>\n<p>Eine M\u00f6glichkeit der Nutzung der Sonnenenergie stellt die Photovoltaik dar. Hier erfolgt durch die Solarzellen eine direkte Umwandlung des Sonnenlichts in elektrische Energie. Der so gewonnene Gleichstrom wird in Wechselstrom umgewandelt und steht Ihnen unmittelbar zur Verf\u00fcgung.<\/p>\n<p>&nbsp;<\/p>\n<p>Mit einem Solarsystem holen Sie sich eine faszinierende und wertbest\u00e4ndige Technologie ins Haus. Abgase und Betriebsger\u00e4usche geh\u00f6ren der Vergangenheit an. Im Verbund mit dem \u00f6ffentlichen Stromnetz entsteht durch Austausch von \u00dcbersch\u00fcssen eine leistungs-f\u00e4hige Energiegewinnungsanlage mit kosteng\u00fcnstiger Leistung rund um die Uhr.<\/p>\n<p>&nbsp;<\/p>\n<p>Die hochwertige Qualit\u00e4t der Systemkomponenten bedeutet in Verbindung mit der fachgerechten Installation durch einen Mitgliedsbetrieb der Dachdecker-Innung eine zuverl\u00e4ssige Anlage bei \u00fcberschaubarer Technik.<\/p>\n<p>&nbsp;<\/p>\n<p>Der einfache nachtr\u00e4gliche Einbau macht in Verbindung mit der Langlebigkeit der Anlagen eine Solaranlage f\u00fcr immer mehr Hausbesitzer interessant. Staatliche F\u00f6rderungen k\u00f6nnen den ohnehin vorhandenen wirtschaftlichen Anreiz weiter erh\u00f6hen.<\/p>\n<p>&nbsp;<\/p>\n<p>Mit einer Solaranlage zeigen Sie dar\u00fcber hinaus Umweltbewusstsein und betreiben aktiven Umweltschutz. Die Gewinnung von Energie aus dem Sonnenlicht wird in wenigen Jahren selbstverst\u00e4ndlich sein.<\/p>\n<p>&nbsp;<\/p>\n<p>Heute bedeutet dies die Konsequenz aus dem schonenden Umgang mit den Umweltressourcen bei gleichzeitiger kritischer Beurteilung von Technologie und \u00d6konomie. Lassen Sie sich von Ihrem Dachdecker \u00fcber ein umfassendes Energiekonzept f\u00fcr Ihr Haus beraten.<\/p>\n<p>&nbsp;<\/p>\n<p>D i e S o n n e b r i n g t \u2019 s<\/p>\n<p><strong>&#8230; W\u00e4rmegewinnung auf dem Dach<\/strong><\/p>\n<hr id=\"headline\" \/>\n<p>&nbsp;<\/p>\n<p><img loading=\"lazy\" decoding=\"async\" class=\"aligncenter size-full wp-image-358\" src=\"https:\/\/www.pixelway.de\/projekt-zimmerei\/wp-content\/uploads\/2018\/01\/So_04.jpg\" alt=\"\" width=\"500\" height=\"252\" srcset=\"https:\/\/www.pixelway.de\/projekt-zimmerei\/wp-content\/uploads\/2018\/01\/So_04.jpg 500w, https:\/\/www.pixelway.de\/projekt-zimmerei\/wp-content\/uploads\/2018\/01\/So_04-300x151.jpg 300w, https:\/\/www.pixelway.de\/projekt-zimmerei\/wp-content\/uploads\/2018\/01\/So_04-260x131.jpg 260w, https:\/\/www.pixelway.de\/projekt-zimmerei\/wp-content\/uploads\/2018\/01\/So_04-50x25.jpg 50w, https:\/\/www.pixelway.de\/projekt-zimmerei\/wp-content\/uploads\/2018\/01\/So_04-150x75.jpg 150w\" sizes=\"auto, (max-width:767px) 480px, 500px\" \/><\/p>\n<p>Solarthermieanlagen gewinnen W\u00e4rme auf dem Dach und an Au\u00dfenw\u00e4nden und stellen diese zum Heizen und f\u00fcr die Warmwasserbereitung zur Verf\u00fcgung.<\/p>\n<p>&nbsp;<\/p>\n<p>Die Sonnenw\u00e4rme wird in einem Kollektor eingefangen und durch eine Art W\u00e4rmetauscher dem Verbrauch zugef\u00fchrt. Durch den hohen Wirkungsgrad der Solarthermieanlagen wird der Warmwasserbedarf eines Mehrpersonenhaushalts im Wesentlichen gedeckt. Eine wirksame Heizungsunterst\u00fctzung ist ebenfalls m\u00f6glich.<\/p>\n<p>Der Mitgliedsbetrieb der Dachdecker-Innung bietet interessante, in die Dachfl\u00e4che direkt integrierbare Kollektorsysteme an, die sich in die Gesamtgestaltung des Geb\u00e4udes harmonisch einf\u00fcgen.<\/p>\n<p>&nbsp;<\/p>\n<p>Durch die zeitgem\u00e4\u00dfe, dem Deckbild angepasste Gestaltung und einen individuellen Zuschnitt der Anlagengr\u00f6\u00dfe auf Ihre Bed\u00fcrfnisse l\u00e4sst sich f\u00fcr jedes Geb\u00e4ude die optimale Projektierung finden. Aber auch, wenn Sie keine \u00bbgro\u00dfe\u00ab L\u00f6sung anstreben, ist eine Solarthermie-Anlage zum Beispiel zum dauerhaften Beheizen von Schwimmb\u00e4dern oder Gew\u00e4chsh\u00e4usern eine kosteng\u00fcnstige und umweltschonende Alternative zu herk\u00f6mmlichen Heizsystemen.<\/p>\n<p>&nbsp;<\/p>\n<p>Der Dachdecker-Innungsbetrieb ist der Experte bei allen Arten des Dachaufbaus und bietet f\u00fcr die mechanische Befestigung des Systems ein Maximum an Sicherheit, die f\u00fcr eine einwandfreie Funktion des Systems die Voraussetzung ist.<\/p>\n<p>&nbsp;<\/p>\n<p>Eine fachgerecht eingebaute Solarthermie-Anlage bedeutet eine Wertsteigerung f\u00fcr das ganze Geb\u00e4ude und f\u00fchrt zu einer sp\u00fcrbaren Senkung der Energiekosten auf Jahre hinaus.<\/p>\n<p><img loading=\"lazy\" decoding=\"async\" class=\"aligncenter size-full wp-image-378\" src=\"https:\/\/www.pixelway.de\/projekt-zimmerei\/wp-content\/uploads\/2018\/01\/Tr_07.jpg\" alt=\"\" width=\"500\" height=\"205\" srcset=\"https:\/\/www.pixelway.de\/projekt-zimmerei\/wp-content\/uploads\/2018\/01\/Tr_07.jpg 500w, https:\/\/www.pixelway.de\/projekt-zimmerei\/wp-content\/uploads\/2018\/01\/Tr_07-300x123.jpg 300w, https:\/\/www.pixelway.de\/projekt-zimmerei\/wp-content\/uploads\/2018\/01\/Tr_07-260x107.jpg 260w, https:\/\/www.pixelway.de\/projekt-zimmerei\/wp-content\/uploads\/2018\/01\/Tr_07-50x21.jpg 50w, https:\/\/www.pixelway.de\/projekt-zimmerei\/wp-content\/uploads\/2018\/01\/Tr_07-150x62.jpg 150w\" sizes=\"auto, (max-width:767px) 480px, 500px\" \/><\/p>\n<p>Der Dachdecker-Innungsbetrieb ist der Experte bei allen Arten des Dachaufbaus und bietet f\u00fcr die mechanische Befestigung des Systems ein Maximum an Sicherheit, die f\u00fcr eine einwandfreie Funktion des Systems die Voraussetzung ist.<\/p>\n<p>&nbsp;<\/p>\n<p>I h r p e r s \u00f6 n l i c h e s . . .<\/p>\n<p><strong>&#8230; Energiesparkonzept<\/strong><\/p>\n<hr id=\"headline\" \/>\n<p>&nbsp;<\/p>\n<p><img loading=\"lazy\" decoding=\"async\" class=\"aligncenter size-full wp-image-360\" src=\"https:\/\/www.pixelway.de\/projekt-zimmerei\/wp-content\/uploads\/2018\/01\/So_06.jpg\" alt=\"\" width=\"500\" height=\"180\" srcset=\"https:\/\/www.pixelway.de\/projekt-zimmerei\/wp-content\/uploads\/2018\/01\/So_06.jpg 500w, https:\/\/www.pixelway.de\/projekt-zimmerei\/wp-content\/uploads\/2018\/01\/So_06-300x108.jpg 300w, https:\/\/www.pixelway.de\/projekt-zimmerei\/wp-content\/uploads\/2018\/01\/So_06-260x94.jpg 260w, https:\/\/www.pixelway.de\/projekt-zimmerei\/wp-content\/uploads\/2018\/01\/So_06-50x18.jpg 50w, https:\/\/www.pixelway.de\/projekt-zimmerei\/wp-content\/uploads\/2018\/01\/So_06-150x54.jpg 150w\" sizes=\"auto, (max-width:767px) 480px, 500px\" \/><\/p>\n<p>Die sich \u00e4ndernden Rahmenbedingungen wie die notwendige Reduzierung des CO2-Aussto\u00dfes, zur Neige gehende fossile Brennstoffe, zuk\u00fcnftig steigende Energiepreise und die zunehmende Belastung durch \u00d6kosteuern machen es notwendig, sich mit M\u00f6glichkeiten der Energieeinsparung und der schadstofffreien Energiegewinnung zu besch\u00e4ftigen.<\/p>\n<p>&nbsp;<\/p>\n<p>Die \u00e4u\u00dfere H\u00fclle eines Geb\u00e4udes bietet ein enormes Energie-Einsparpotenzial. Gleichzeitig bietet sie die notwendige Fl\u00e4che, um dar\u00fcber hinaus Energie zu gewinnen.<\/p>\n<p>&nbsp;<\/p>\n<p>Ihr Dachdecker-Innungsbetrieb bringt Ihnen Qualit\u00e4t aufs Dach. In Verbindung mit zeitgem\u00e4\u00dfen Ma\u00dfnahmen zur W\u00e4rmed\u00e4mmung wird die durch Solartechnik gewonnene Energie hervorragend ausgenutzt. Zieht man die Energiebilanz f\u00fcr Ihr kleines Sonnenkraftwerk, so kann sich dies schon nach einiger Zeit auch wirtschaftlich bezahlt machen. \u00d6kologisch gesehen ist Ihre Bilanz nat\u00fcrlich ab sofort positiv.<\/p>\n<p>&nbsp;<\/p>\n<p>Regional und lokal werden immer wieder F\u00f6rderprogramme f\u00fcr den Aufbau von Solaranlagen ins Leben gerufen. Als Bauherr bedeutet das f\u00fcr Sie einen finanziellen Zuschuss zu den Erstellungskosten.<\/p>\n<p><img loading=\"lazy\" decoding=\"async\" class=\"aligncenter size-full wp-image-361\" src=\"https:\/\/www.pixelway.de\/projekt-zimmerei\/wp-content\/uploads\/2018\/01\/So_07.jpg\" alt=\"\" width=\"500\" height=\"224\" srcset=\"https:\/\/www.pixelway.de\/projekt-zimmerei\/wp-content\/uploads\/2018\/01\/So_07.jpg 500w, https:\/\/www.pixelway.de\/projekt-zimmerei\/wp-content\/uploads\/2018\/01\/So_07-300x134.jpg 300w, https:\/\/www.pixelway.de\/projekt-zimmerei\/wp-content\/uploads\/2018\/01\/So_07-260x116.jpg 260w, https:\/\/www.pixelway.de\/projekt-zimmerei\/wp-content\/uploads\/2018\/01\/So_07-50x22.jpg 50w, https:\/\/www.pixelway.de\/projekt-zimmerei\/wp-content\/uploads\/2018\/01\/So_07-150x67.jpg 150w\" sizes=\"auto, (max-width:767px) 480px, 500px\" \/><\/p>\n<p>&nbsp;<\/p>\n<p>Solche F\u00f6rderprogramme k\u00f6nnen die ohnehin interessante wirtschaftliche Energiebilanz Ihres Hauses noch verbessern, das l\u00e4sst sich im Einzelfall schnell nachvollziehen.<\/p>\n<p>&nbsp;<\/p>\n<p>\u00dcber aktuelle F\u00f6rderm\u00f6glichkeiten erhalten Sie Informationen bei Ihrer Kommune, bei den L\u00e4ndern, beim Energie-Versorgungsunternehmen und nat\u00fcrlich bei Ihrem Dachdecker-Innungsbetrieb. In Verbindung mit der Erstellung einer hochwertigen Solaranlage bietet Ihnen Ihr Dachdecker-Innungsbetrieb eine Vielzahl von erg\u00e4nzenden Ma\u00dfnahmen im Bereich der W\u00e4rmed\u00e4mmung und des passiven W\u00e4rme- und Schallschutzes an.<\/p>\n<p>Beginnend bei einer w\u00e4rmeged\u00e4mmten, hinterl\u00fcfteten Vorhangfassade, \u00fcber Dachfl\u00e4chenfenster mit zeitgem\u00e4\u00dfen W\u00e4rmed\u00e4mmwerten bis hin zum fachgerechten Komplettausbau Ihres Dachraumes kann eine Solaranlage an Dach oder Au\u00dfenwand der Beginn eines neuen Zeitalters f\u00fcr Ihr Geb\u00e4ude sein.<\/p>\n<p>D e r D a c h d e c k e r<\/p>\n<p><strong>&#8230; Ihr kompetenter Solar-Experte<\/strong><\/p>\n<hr id=\"headline\" \/>\n<p>&nbsp;<\/p>\n<p><img loading=\"lazy\" decoding=\"async\" class=\"aligncenter size-full wp-image-362\" src=\"https:\/\/www.pixelway.de\/projekt-zimmerei\/wp-content\/uploads\/2018\/01\/So_08.jpg\" alt=\"\" width=\"500\" height=\"234\" srcset=\"https:\/\/www.pixelway.de\/projekt-zimmerei\/wp-content\/uploads\/2018\/01\/So_08.jpg 500w, https:\/\/www.pixelway.de\/projekt-zimmerei\/wp-content\/uploads\/2018\/01\/So_08-300x140.jpg 300w, https:\/\/www.pixelway.de\/projekt-zimmerei\/wp-content\/uploads\/2018\/01\/So_08-260x122.jpg 260w, https:\/\/www.pixelway.de\/projekt-zimmerei\/wp-content\/uploads\/2018\/01\/So_08-50x23.jpg 50w, https:\/\/www.pixelway.de\/projekt-zimmerei\/wp-content\/uploads\/2018\/01\/So_08-150x70.jpg 150w\" sizes=\"auto, (max-width:767px) 480px, 500px\" \/><\/p>\n<p>Wenn Sie einen Dachdecker-Innungsbetrieb mit der Erstellung einer Solaranlage beauftragen, erzielen Sie eine ganze Reihe von Vorteilen. Der Dachdecker-Innungsbetrieb bietet Ihnen eine individuelle Komplettl\u00f6sung. Diese reicht von der Beratung und Planung Ihres pers\u00f6nlichen Solarkraftwerks bis zur langj\u00e4hrigen, kompetenten Wartung und Pflege. Dies gilt selbstverst\u00e4ndlich nicht nur f\u00fcr die technische, sondern auch f\u00fcr die handwerkliche und gestalterische Seite Ihres Projekts.<\/p>\n<p>&nbsp;<\/p>\n<p>Der Dachdecker-Innungsbetrieb besitzt die umfassendste Fachkompetenz, um alle am Dach anfallenden Arbeiten selbst auszuf\u00fchren. Die erforderlichen Anschl\u00fcsse an die bestehende Heizungsanlage oder das Stromnetz l\u00e4sst er unter seiner Regie von entsprechenden Partnerbetrieben ausf\u00fchren.<\/p>\n<p>&nbsp;<\/p>\n<p>Dies gew\u00e4hrt Ihnen die z\u00fcgigste Abwicklung Ihres Bauvorhabens und gew\u00e4hrleistet h\u00f6chste Ausf\u00fchrungsqualit\u00e4t in allen Details Ihres Projekts. F\u00fcr Sie ist Ihr Dachdeckermeister der Ansprechpartner und Koordinator bei der Umsetzung Ihrer W\u00fcnsche und Vorstellungen.<\/p>\n<p>&nbsp;<\/p>\n<p>Wenn es um Solaranlagen geht, die harmonisch in die architektonische Gestaltung Ihres Geb\u00e4udes integriert werden, ist der Dachdecker-Innungsbetrieb die erste Wahl.<\/p>\n<p><img loading=\"lazy\" decoding=\"async\" class=\"aligncenter size-full wp-image-363\" src=\"https:\/\/www.pixelway.de\/projekt-zimmerei\/wp-content\/uploads\/2018\/01\/So_09.jpg\" alt=\"\" width=\"500\" height=\"222\" srcset=\"https:\/\/www.pixelway.de\/projekt-zimmerei\/wp-content\/uploads\/2018\/01\/So_09.jpg 500w, https:\/\/www.pixelway.de\/projekt-zimmerei\/wp-content\/uploads\/2018\/01\/So_09-300x133.jpg 300w, https:\/\/www.pixelway.de\/projekt-zimmerei\/wp-content\/uploads\/2018\/01\/So_09-260x115.jpg 260w, https:\/\/www.pixelway.de\/projekt-zimmerei\/wp-content\/uploads\/2018\/01\/So_09-50x22.jpg 50w, https:\/\/www.pixelway.de\/projekt-zimmerei\/wp-content\/uploads\/2018\/01\/So_09-150x67.jpg 150w\" sizes=\"auto, (max-width:767px) 480px, 500px\" \/><\/p>\n<p>Der \u00e4sthetische Umgang mit traditionellen und modernsten Baumaterialien, die Ausf\u00fchrung von W\u00e4rmed\u00e4mmungen und energiesparenden Konzepten an der gesamten Au\u00dfenfl\u00e4che des Hauses geh\u00f6ren zu seinen t\u00e4glichen Aufgaben.<\/p>\n<p>&nbsp;<\/p>\n<p>Die Auftragsvergabe an einen Innungs-Betrieb des Dachdecker-handwerks ist dar\u00fcber hinaus ein guter Schutz vor unseri\u00f6sen Anbietern. Ihren Dachdecker-Innungsbetrieb erkennen Sie am Zeichen.<\/p>\n<\/div>\n","protected":false},"excerpt":{"rendered":"<p>I h r D a c h &#8230; Quelle f\u00fcr umweltfreundliche Energie &nbsp; Das Dach diente als wichtigster Teil des Hauses urspr\u00fcnglich ausschlie\u00dflich als Witterungsschutz. Sp\u00e4ter<span class=\"excerpt-hellip\"> [\u2026]<\/span><\/p>\n","protected":false},"author":1,"featured_media":0,"parent":0,"menu_order":0,"comment_status":"closed","ping_status":"closed","template":"","meta":{"ngg_post_thumbnail":0,"footnotes":""},"class_list":["post-260","page","type-page","status-publish","hentry"],"_links":{"self":[{"href":"https:\/\/www.pixelway.de\/projekt-zimmerei\/wp-json\/wp\/v2\/pages\/260","targetHints":{"allow":["GET"]}}],"collection":[{"href":"https:\/\/www.pixelway.de\/projekt-zimmerei\/wp-json\/wp\/v2\/pages"}],"about":[{"href":"https:\/\/www.pixelway.de\/projekt-zimmerei\/wp-json\/wp\/v2\/types\/page"}],"author":[{"embeddable":true,"href":"https:\/\/www.pixelway.de\/projekt-zimmerei\/wp-json\/wp\/v2\/users\/1"}],"replies":[{"embeddable":true,"href":"https:\/\/www.pixelway.de\/projekt-zimmerei\/wp-json\/wp\/v2\/comments?post=260"}],"version-history":[{"count":3,"href":"https:\/\/www.pixelway.de\/projekt-zimmerei\/wp-json\/wp\/v2\/pages\/260\/revisions"}],"predecessor-version":[{"id":455,"href":"https:\/\/www.pixelway.de\/projekt-zimmerei\/wp-json\/wp\/v2\/pages\/260\/revisions\/455"}],"wp:attachment":[{"href":"https:\/\/www.pixelway.de\/projekt-zimmerei\/wp-json\/wp\/v2\/media?parent=260"}],"curies":[{"name":"wp","href":"https:\/\/api.w.org\/{rel}","templated":true}]}}