{"id":258,"date":"2018-01-09T16:50:56","date_gmt":"2018-01-09T15:50:56","guid":{"rendered":"https:\/\/www.pixelway.de\/projekt-zimmerei\/?page_id=258"},"modified":"2018-01-16T19:20:23","modified_gmt":"2018-01-16T18:20:23","slug":"reet","status":"publish","type":"page","link":"https:\/\/www.pixelway.de\/projekt-zimmerei\/reet\/","title":{"rendered":"Reet"},"content":{"rendered":"<div class=\"block\">\n<p>D a s R e e t d a c h &#8211; <strong>Renaissance einer kulturellen Tradition<\/strong><\/p>\n<hr id=\"headline\" \/>\n<p>&nbsp;<\/p>\n<p><img loading=\"lazy\" decoding=\"async\" class=\"aligncenter size-full wp-image-344\" src=\"https:\/\/www.pixelway.de\/projekt-zimmerei\/wp-content\/uploads\/2018\/01\/Re_01.jpg\" alt=\"\" width=\"500\" height=\"202\" srcset=\"https:\/\/www.pixelway.de\/projekt-zimmerei\/wp-content\/uploads\/2018\/01\/Re_01.jpg 500w, https:\/\/www.pixelway.de\/projekt-zimmerei\/wp-content\/uploads\/2018\/01\/Re_01-300x121.jpg 300w, https:\/\/www.pixelway.de\/projekt-zimmerei\/wp-content\/uploads\/2018\/01\/Re_01-260x105.jpg 260w, https:\/\/www.pixelway.de\/projekt-zimmerei\/wp-content\/uploads\/2018\/01\/Re_01-50x20.jpg 50w, https:\/\/www.pixelway.de\/projekt-zimmerei\/wp-content\/uploads\/2018\/01\/Re_01-150x61.jpg 150w\" sizes=\"auto, (max-width:767px) 480px, 500px\" \/><\/p>\n<p>In der Geschichte des Wohnens spielen die nat\u00fcrlichen Baustoffe seit Urgedenken eine gro\u00dfe Rolle. F\u00fcr die Dachdeckungen wurden im l\u00e4ndlichen Bereich bew\u00e4hrte Naturbaustoffe wie Schilf, Rohr, Stroh oder Schindeln aus Holz verwendet. In der Literatur sind neben der heute gebr\u00e4uchlichen Bezeichnung Reet auch die Begriffe Reit und Ried nachzulesen.<\/p>\n<p>&nbsp;<\/p>\n<p>Einfallsreichtum, Geschick und Erfindergabe lie\u00dfen den Menschen die Materialien, die ihr Lebensraum ihnen schenkte, f\u00fcr ihren Komfort und zu ihrer Sicherheit effektiv einsetzen. In der fr\u00fchen Siedlungsgeschichte waren D\u00e4cher aus Reet oder Grassoden die vorwiegenden Dachdeckungen.<\/p>\n<p>&nbsp;<\/p>\n<p>Das Reetdach nimmt sicherlich eine besondere Stellung innerhalb der technischen L\u00f6sungen mit Naturmaterialien ein. Die besondere Bedeutung des Schutzdaches \u2013 auch als erste einfache Form der Behausung \u2013 hat Bedeutung von Urzeiten an.<\/p>\n<p><img loading=\"lazy\" decoding=\"async\" class=\"aligncenter size-full wp-image-345\" src=\"https:\/\/www.pixelway.de\/projekt-zimmerei\/wp-content\/uploads\/2018\/01\/Re_02.jpg\" alt=\"\" width=\"500\" height=\"163\" srcset=\"https:\/\/www.pixelway.de\/projekt-zimmerei\/wp-content\/uploads\/2018\/01\/Re_02.jpg 500w, https:\/\/www.pixelway.de\/projekt-zimmerei\/wp-content\/uploads\/2018\/01\/Re_02-300x98.jpg 300w, https:\/\/www.pixelway.de\/projekt-zimmerei\/wp-content\/uploads\/2018\/01\/Re_02-260x85.jpg 260w, https:\/\/www.pixelway.de\/projekt-zimmerei\/wp-content\/uploads\/2018\/01\/Re_02-50x16.jpg 50w, https:\/\/www.pixelway.de\/projekt-zimmerei\/wp-content\/uploads\/2018\/01\/Re_02-150x49.jpg 150w\" sizes=\"auto, (max-width:767px) 480px, 500px\" \/><\/p>\n<p>Das romantische, reetgedeckte H\u00e4uschen am Waldrand, das herrschaftliche Bauerngut mit seinen riesigen Speichern unter dem Reetdach erinnern an zahlreiche Romane, Bilder und Geschichten von Wikingerzeiten an bis in die heutigen Tage.<\/p>\n<p>&nbsp;<\/p>\n<p>Die W\u00e4rme und Geborgenheit eines sch\u00f6nen Reetdaches strahlt auf das gesamte Bauwerk aus \u2013 sicherlich ein Grund, warum viele Bauherren von einem reetgedeckten Heim tr\u00e4umen.<\/p>\n<p>&nbsp;<\/p>\n<p>R e s s o u r c e n s i n n v o l l n u t z e n<\/p>\n<p><strong>&#8230; Reet ist Lebensqualit\u00e4t, die nachw\u00e4chst<\/strong><\/p>\n<hr id=\"headline\" \/>\n<p>&nbsp;<\/p>\n<p><img loading=\"lazy\" decoding=\"async\" class=\"aligncenter size-full wp-image-346\" src=\"https:\/\/www.pixelway.de\/projekt-zimmerei\/wp-content\/uploads\/2018\/01\/Re_03.jpg\" alt=\"\" width=\"500\" height=\"347\" srcset=\"https:\/\/www.pixelway.de\/projekt-zimmerei\/wp-content\/uploads\/2018\/01\/Re_03.jpg 500w, https:\/\/www.pixelway.de\/projekt-zimmerei\/wp-content\/uploads\/2018\/01\/Re_03-300x208.jpg 300w, https:\/\/www.pixelway.de\/projekt-zimmerei\/wp-content\/uploads\/2018\/01\/Re_03-210x146.jpg 210w, https:\/\/www.pixelway.de\/projekt-zimmerei\/wp-content\/uploads\/2018\/01\/Re_03-50x35.jpg 50w, https:\/\/www.pixelway.de\/projekt-zimmerei\/wp-content\/uploads\/2018\/01\/Re_03-108x75.jpg 108w\" sizes=\"auto, (max-width:767px) 480px, 500px\" \/><\/p>\n<p>Das Reet ist eine Pflanze aus der Familie der Gramineen, der lateinische Name lautet \u00bbPhragmites communis\u00ab. Reet ist ein nachwachsender Rohstoff, der im einj\u00e4hrigen Zyklus heranw\u00e4chst und geerntet wird. Da das Reet im seichten Uferbereich von Seen, in Feuchtmooren und auf morastigen Randstreifen zu finden ist, erfolgt die Ernte im Winter, wenn die Bl\u00e4tter abgefallen sind, der Boden gefroren und der See vereist ist. Das als heranwachsende Pflanze sattgr\u00fcne Reet nimmt im Herbst vor der Ernte seine charakteristische hellbraune F\u00e4rbung an.<\/p>\n<p>&nbsp;<\/p>\n<p>Wegen des unwegsamen Gel\u00e4ndes ist die Reeternte auch heute noch Handarbeit. Zwar kann in vielen F\u00e4llen der handgef\u00fchrte Balkenm\u00e4her eingesetzt werden, aber auch die Sichel ist ein allt\u00e4gliches Erntewerkzeug. Das in den richtigen L\u00e4ngen geschnittene Reet wird gereinigt und geb\u00fcndelt.<\/p>\n<p>&nbsp;<\/p>\n<p>Die Reetdeckung hat regional gro\u00dfe Bedeutung f\u00fcr die Pflege des Brauchtums und ist eng mit echter traditioneller Handwerkskunst des Dachdeckers verbunden.<\/p>\n<p>&nbsp;<\/p>\n<p>G e b o r g e n e s W o h n e n<\/p>\n<p><strong>&#8230; im Einklang mit der Natur<\/strong><\/p>\n<hr id=\"headline\" \/>\n<p>&nbsp;<\/p>\n<p>Reetd\u00e4cher findet man vorwiegend in den n\u00f6rdlichen Regionen der Bundesrepublik. Sie sind dort zu einem unverzichtbaren Teil des Landschaftsbildes geworden. Lange stand das Bauen in Einklang mit der Natur und mit den Baustoffen der unmittelbaren Umgebung. Der in den niedrig gelegenen und damit bodenfeuchten K\u00fcstenregionen reichlich zur Verf\u00fcgung stehende Naturbaustoff Reet war einfach zu beschaffen und wurde wegen seiner Langlebigkeit zum bevorzugten Bedachungsmaterial.<\/p>\n<p>&nbsp;<\/p>\n<p>Die heftigen K\u00fcstenst\u00fcrme verlangten zudem eine elastische, wetterfeste und regensichere Dachkonstruktion. Der biegsame, r\u00f6hrenartig hohle und konisch wachsende Reethalm, der in seinem unteren Bereich von Wachstumsknoten gest\u00fctzt wird, ist von der Natur mit den daf\u00fcr notwendigen konstruktiven Merkmalen ausgestattet. Durch das Wissen und K\u00f6nnen des Dachdeckers entsteht aus Reet ein langlebiges Dach, das alle die geforderten Eigenschaften erf\u00fcllt.<\/p>\n<p>&nbsp;<\/p>\n<p>Seit einigen Jahren wird daher im Zuge der R\u00fcckbesinnung auf nat\u00fcrliche Baustoffe und kulturelle Werte dem Reet als Bedachungsalternative eine immer gr\u00f6\u00dfere Bedeutung einger\u00e4umt.<\/p>\n<p><img loading=\"lazy\" decoding=\"async\" class=\"aligncenter size-full wp-image-347\" src=\"https:\/\/www.pixelway.de\/projekt-zimmerei\/wp-content\/uploads\/2018\/01\/Re_04.jpg\" alt=\"\" width=\"500\" height=\"272\" srcset=\"https:\/\/www.pixelway.de\/projekt-zimmerei\/wp-content\/uploads\/2018\/01\/Re_04.jpg 500w, https:\/\/www.pixelway.de\/projekt-zimmerei\/wp-content\/uploads\/2018\/01\/Re_04-300x163.jpg 300w, https:\/\/www.pixelway.de\/projekt-zimmerei\/wp-content\/uploads\/2018\/01\/Re_04-260x141.jpg 260w, https:\/\/www.pixelway.de\/projekt-zimmerei\/wp-content\/uploads\/2018\/01\/Re_04-50x27.jpg 50w, https:\/\/www.pixelway.de\/projekt-zimmerei\/wp-content\/uploads\/2018\/01\/Re_04-138x75.jpg 138w\" sizes=\"auto, (max-width:767px) 480px, 500px\" \/><\/p>\n<p>&nbsp;<\/p>\n<p>Reetd\u00e4cher werden vor allem in den Regionen, in denen sie jahrhundertelang traditionelle Baukultur waren, eine interessante Alternative zu anderen Deckwerkstoffen.<\/p>\n<p>&nbsp;<\/p>\n<p>Die neu erwachte Liebe zum Reetdach, die bei der Sanierung von bestehenden Geb\u00e4uden, aber auch bei der Eindeckung von Neubauten sichtbar wird, ist ein Teil des Entwicklungsprozesses in unserer Gesellschaft. Es sind verschiedene Wurzeln, die diese Entwicklung vorantreiben: die Denkmalpflege zur Erhaltung der Werte unserer Vergangenheit, die Vorz\u00fcge im Wohnklima und das Wohlbefinden durch sichtbare \u00c4sthetik, die \u00d6kologie und der Umweltschutz im Sinne der Nachhaltigkeit von Baustoffen \u2013 insgesamt Ausdruck einer Verantwortung f\u00fcr zuk\u00fcnftige Generationen.<\/p>\n<p>&nbsp;<\/p>\n<p>D i e n a t \u00fc r l i c h e S y n t h e s e<\/p>\n<p><strong>&#8230; Individualit\u00e4t und Landschaftsbild<\/strong><\/p>\n<hr id=\"headline\" \/>\n<p>&nbsp;<\/p>\n<p><img loading=\"lazy\" decoding=\"async\" class=\"aligncenter size-full wp-image-348\" src=\"https:\/\/www.pixelway.de\/projekt-zimmerei\/wp-content\/uploads\/2018\/01\/Re_05.jpg\" alt=\"\" width=\"500\" height=\"247\" srcset=\"https:\/\/www.pixelway.de\/projekt-zimmerei\/wp-content\/uploads\/2018\/01\/Re_05.jpg 500w, https:\/\/www.pixelway.de\/projekt-zimmerei\/wp-content\/uploads\/2018\/01\/Re_05-300x148.jpg 300w, https:\/\/www.pixelway.de\/projekt-zimmerei\/wp-content\/uploads\/2018\/01\/Re_05-260x128.jpg 260w, https:\/\/www.pixelway.de\/projekt-zimmerei\/wp-content\/uploads\/2018\/01\/Re_05-50x25.jpg 50w, https:\/\/www.pixelway.de\/projekt-zimmerei\/wp-content\/uploads\/2018\/01\/Re_05-150x75.jpg 150w\" sizes=\"auto, (max-width:767px) 480px, 500px\" \/><\/p>\n<p>Das individuelle Erscheinungsbild eines jeden Geb\u00e4udes wird vom Dach als pr\u00e4gendem Bestandteil der Architektur entscheidend bestimmt. Baustil und Dach werden zunehmend Ausdruck einer inneren \u00dcberzeugung, wobei kaum ein Dach dabei so als Ausdruck der Individualit\u00e4t seiner Besitzer angesehen wird wie das Reetdach.<\/p>\n<p>&nbsp;<\/p>\n<p>Jedes einzelne Reetdach ist ein Unikat und beh\u00e4lt auch im Alter seine W\u00fcrde und Ausstrahlung. Daher ist das Reetdach hervorragend dazu geeignet, Ihrem Haus ein unverwechselbares Erscheinungsbild zu geben.<\/p>\n<p>&nbsp;<\/p>\n<p>Das gem\u00fctliche Reetdach, das ein Geb\u00e4ude wie ein w\u00e4rmender Mantel bedeckt, scheint schon auf den ersten Blick eine einladende W\u00e4rme auszustrahlen.<\/p>\n<p>&nbsp;<\/p>\n<p><img loading=\"lazy\" decoding=\"async\" class=\"aligncenter size-full wp-image-349\" src=\"https:\/\/www.pixelway.de\/projekt-zimmerei\/wp-content\/uploads\/2018\/01\/Re_06.jpg\" alt=\"\" width=\"500\" height=\"253\" srcset=\"https:\/\/www.pixelway.de\/projekt-zimmerei\/wp-content\/uploads\/2018\/01\/Re_06.jpg 500w, https:\/\/www.pixelway.de\/projekt-zimmerei\/wp-content\/uploads\/2018\/01\/Re_06-300x152.jpg 300w, https:\/\/www.pixelway.de\/projekt-zimmerei\/wp-content\/uploads\/2018\/01\/Re_06-260x132.jpg 260w, https:\/\/www.pixelway.de\/projekt-zimmerei\/wp-content\/uploads\/2018\/01\/Re_06-50x25.jpg 50w, https:\/\/www.pixelway.de\/projekt-zimmerei\/wp-content\/uploads\/2018\/01\/Re_06-148x75.jpg 148w\" sizes=\"auto, (max-width:767px) 480px, 500px\" \/><\/p>\n<p>Zahlreiche Dachformen mit Fledermausgauben und Balkonen lassen sich ganz nach Ihren W\u00fcnschen gestalten. Gerade diese Details sind es, die &#8211; neben Besonderheiten wie Katzentreppe, Heidefirst und Eulenloch &#8211; die Sch\u00f6nheit des Reetdaches zur Geltung bringen und den handwerklichen, traditionellen Duktus hervorheben.<\/p>\n<p>&nbsp;<\/p>\n<p>Die formgebende Linie an der Dachunterkante gibt den Blick auf die vielen Schichten der Reethalme frei und l\u00e4sst ahnen, dass Hunderttausende kunstfertig miteinander verbunden wurden.<\/p>\n<p>&nbsp;<\/p>\n<p>Reetd\u00e4cher k\u00f6nnen eine lange Lebensdauer erreichen, die anderen Bedachungsstoffen nicht nachsteht. Abh\u00e4ngig von Dachneigung und Lage des Geb\u00e4udes wird das Reetdach viele Jahrzehnte alt. Die Wahl bester Rohstoffe, eine fachgerechte Verarbeitung durch den Dachdecker-Innungsbetrieb und eine gewisse Pflege k\u00f6nnen Ihr Reetdach langfristig jung halten.<\/p>\n<p>&nbsp;<\/p>\n<p>I h r R e e t d a c h<\/p>\n<p><strong>&#8230; Sicherheit und Wohlbefinden<\/strong><\/p>\n<hr id=\"headline\" \/>\n<p>&nbsp;<\/p>\n<p><img loading=\"lazy\" decoding=\"async\" class=\"aligncenter size-full wp-image-354\" src=\"https:\/\/www.pixelway.de\/projekt-zimmerei\/wp-content\/uploads\/2018\/01\/Re_071.jpg\" alt=\"\" width=\"500\" height=\"236\" srcset=\"https:\/\/www.pixelway.de\/projekt-zimmerei\/wp-content\/uploads\/2018\/01\/Re_071.jpg 500w, https:\/\/www.pixelway.de\/projekt-zimmerei\/wp-content\/uploads\/2018\/01\/Re_071-300x142.jpg 300w, https:\/\/www.pixelway.de\/projekt-zimmerei\/wp-content\/uploads\/2018\/01\/Re_071-260x123.jpg 260w, https:\/\/www.pixelway.de\/projekt-zimmerei\/wp-content\/uploads\/2018\/01\/Re_071-50x24.jpg 50w, https:\/\/www.pixelway.de\/projekt-zimmerei\/wp-content\/uploads\/2018\/01\/Re_071-150x71.jpg 150w\" sizes=\"auto, (max-width:767px) 480px, 500px\" \/><\/p>\n<p>Die bauphysikalischen Vorz\u00fcge des Reetdaches sind in erster Linie in der speziellen Bauweise der einzelnen Halme begr\u00fcndet, bei der sich auf engem Raum unterschiedliche Stoffe, n\u00e4mlich Luft und Pflanzenteile, abwechseln. Dieses erm\u00f6glicht gleichzeitig einen dichten und trotzdem diffusionsoffenen Dachaufbau, es kommt zu keiner Tauwasserbildung.<\/p>\n<p>&nbsp;<\/p>\n<p>Reetd\u00e4cher sind durch ihren hohen Anteil an Luft schlechte W\u00e4rmeleiter. Das Innere eines reetgedeckten Hauses ist daher vor extremen Temperaturschwankungen, die im Tag-Nacht-Wechsel auftreten, bestens gesch\u00fctzt.<\/p>\n<p>&nbsp;<\/p>\n<p>Im Winter ist es mollig warm und im Sommer angenehm k\u00fchl.<\/p>\n<p>&nbsp;<\/p>\n<p>Ihr Dachdecker-Innungsbetrieb verbindet diese Vorz\u00fcge des Reets mit den Erkenntnissen moderner Bauphysik. Durch die Kombination des Reetdaches mit zus\u00e4tzlichen Ma\u00dfnahmen der W\u00e4rmed\u00e4mmung lassen sich in gro\u00dfem Ma\u00dfe Heizkosten einsparen.<\/p>\n<p>&nbsp;<\/p>\n<p>Ihr Dachdecker-Innungsbetrieb wei\u00df auch, wie durch die fachgerechte Verarbeitung ein guter Schallschutz erreicht werden kann. Das Material bringt schon von Natur aus gute Eigenschaften mit; zum einen pflanzen sich die Schallwellen in den luftgef\u00fcllten Halmen deutlich langsamer fort, zum anderen wird ein Teil der Schallwellen durch die Halm-Au\u00dfenw\u00e4nde gebrochen und zur\u00fcckgeworfen.<\/p>\n<p>&nbsp;<\/p>\n<p>S t i l v o l l e G e s t a l t u n g<\/p>\n<p><strong>&#8230; Freiraum zum Leben<\/strong><\/p>\n<hr id=\"headline\" \/>\n<p>&nbsp;<\/p>\n<p><img loading=\"lazy\" decoding=\"async\" class=\"aligncenter size-full wp-image-350\" src=\"https:\/\/www.pixelway.de\/projekt-zimmerei\/wp-content\/uploads\/2018\/01\/Re_08.jpg\" alt=\"\" width=\"595\" height=\"293\" srcset=\"https:\/\/www.pixelway.de\/projekt-zimmerei\/wp-content\/uploads\/2018\/01\/Re_08.jpg 595w, https:\/\/www.pixelway.de\/projekt-zimmerei\/wp-content\/uploads\/2018\/01\/Re_08-300x148.jpg 300w, https:\/\/www.pixelway.de\/projekt-zimmerei\/wp-content\/uploads\/2018\/01\/Re_08-260x128.jpg 260w, https:\/\/www.pixelway.de\/projekt-zimmerei\/wp-content\/uploads\/2018\/01\/Re_08-50x25.jpg 50w, https:\/\/www.pixelway.de\/projekt-zimmerei\/wp-content\/uploads\/2018\/01\/Re_08-150x75.jpg 150w\" sizes=\"auto, (max-width:767px) 480px, 595px\" \/><br \/>\nReetd\u00e4cher sind durch ihre Konstruktion und das Material regen-, schnee- und sturmsicher, daf\u00fcr sorgt der pelzartige Aufbau.<\/p>\n<p>&nbsp;<\/p>\n<p>Die Struktur der Halmschichten, die durch die Bindung mit der Traglattung eine Einheit bildet, ist gleichzeitig elastisch und stabil, sie kann somit den Kr\u00e4ften von Windsog und Winddruck in Grenzen nachgeben und beh\u00e4lt trotzdem ihren inneren Zusammenhang.<\/p>\n<p>&nbsp;<\/p>\n<p>Die bei Reetd\u00e4chern h\u00e4ufig anzutreffende, steile Dachneigung ist die ideale Voraussetzung f\u00fcr die Schaffung eines exklusiven Wohnraumes unter dem Dach.<\/p>\n<p><img loading=\"lazy\" decoding=\"async\" class=\"aligncenter size-full wp-image-351\" src=\"https:\/\/www.pixelway.de\/projekt-zimmerei\/wp-content\/uploads\/2018\/01\/Re_09.jpg\" alt=\"\" width=\"500\" height=\"245\" srcset=\"https:\/\/www.pixelway.de\/projekt-zimmerei\/wp-content\/uploads\/2018\/01\/Re_09.jpg 500w, https:\/\/www.pixelway.de\/projekt-zimmerei\/wp-content\/uploads\/2018\/01\/Re_09-300x147.jpg 300w, https:\/\/www.pixelway.de\/projekt-zimmerei\/wp-content\/uploads\/2018\/01\/Re_09-260x127.jpg 260w, https:\/\/www.pixelway.de\/projekt-zimmerei\/wp-content\/uploads\/2018\/01\/Re_09-50x25.jpg 50w, https:\/\/www.pixelway.de\/projekt-zimmerei\/wp-content\/uploads\/2018\/01\/Re_09-150x75.jpg 150w\" sizes=\"auto, (max-width:767px) 480px, 500px\" \/><\/p>\n<p>Die Dachdeckung mit Reet durch den Reetdachdecker ist auch heute noch Handwerkskunst pur. Das Reet wird z.B. durch N\u00e4hen, Binden oder Schrauben an der gerundeten Lattung B\u00fcndel f\u00fcr B\u00fcndel befestigt und sorgf\u00e4ltig mit dem Klopfbrett in Form getrieben.<\/p>\n<p>&nbsp;<\/p>\n<p>Das Wissen um diese traditionelle Handarbeit wird von erfahrenen Dachdeckermeistern an nachfolgende Generationen weitergegeben. Diese Unterweisung wird durch den Ausbildungsgang zum Reetdachdecker vorbereitet, der sich auf Basis der Grundfertigkeiten rund um die Dach-, Wand- und Abdichtungstechnik im dritten Lehrjahr ausschlie\u00dflich dem reetgedeckten Dach widmet.<\/p>\n<p>&nbsp;<\/p>\n<p>Mit dem Mitgliedsbetrieb der Dachdecker-Innung finden Sie also den kompetenten Partner Ihres Vertrauens \u2013 auch weit \u00fcber das Reetdach hinaus.<\/p>\n<p>&nbsp;<\/p>\n<p>I h r D a c h d e c k e r &#8211; I n n u n g s b e t r i e b<\/p>\n<p><strong>&#8230; mit Sicherheit die richtige Entscheidung<\/strong><\/p>\n<hr id=\"headline\" \/>\n<p>&nbsp;<\/p>\n<p><img loading=\"lazy\" decoding=\"async\" class=\"aligncenter size-full wp-image-352\" src=\"https:\/\/www.pixelway.de\/projekt-zimmerei\/wp-content\/uploads\/2018\/01\/Re_10.jpg\" alt=\"\" width=\"500\" height=\"266\" srcset=\"https:\/\/www.pixelway.de\/projekt-zimmerei\/wp-content\/uploads\/2018\/01\/Re_10.jpg 500w, https:\/\/www.pixelway.de\/projekt-zimmerei\/wp-content\/uploads\/2018\/01\/Re_10-300x160.jpg 300w, https:\/\/www.pixelway.de\/projekt-zimmerei\/wp-content\/uploads\/2018\/01\/Re_10-260x138.jpg 260w, https:\/\/www.pixelway.de\/projekt-zimmerei\/wp-content\/uploads\/2018\/01\/Re_10-50x27.jpg 50w, https:\/\/www.pixelway.de\/projekt-zimmerei\/wp-content\/uploads\/2018\/01\/Re_10-141x75.jpg 141w\" sizes=\"auto, (max-width:767px) 480px, 500px\" \/><\/p>\n<p>Die Beauftragung eines Dachdecker-Innungsbetriebes gibt Ihnen die Gewissheit, Ihren qualifizierten Partner gefunden zu haben. Denn als Dachdecker-Innungsbetrieb steht bei uns die optimale Durchf\u00fchrung nach dem Fachregelwerk des Dachdeckerhandwerks ganz im Vordergrund.<\/p>\n<p>&nbsp;<\/p>\n<p>Als Mitglied der Berufsorganisation des Dachdeckerhandwerks verf\u00fcgen wir \u00fcber umfassende Kenntnisse in den Bereichen Abdichtung, W\u00e4rmed\u00e4mmung, Holzbau, Dachgeschossausbau, Solartechnik und vielen anderen Disziplinen mehr.<\/p>\n<p>&nbsp;<\/p>\n<p>Wir sehen ganz genau hin, bevor wir Ihnen eine Ma\u00dfnahme vorschlagen; unsere fachgerechte Ausf\u00fchrung ist immer die Grundlage f\u00fcr eine wirtschaftliche Durchf\u00fchrung Ihrer Bauma\u00dfnahme und sichert Ihnen eine langfristige Nutzung. Der Dachdecker-Innungsbetrieb bietet zudem umfassende Gew\u00e4hrleistung f\u00fcr die ausgef\u00fchrten Arbeiten. Damit erhalten Sie zus\u00e4tzliche Sicherheit f\u00fcr eine einwandfreie Funktion auf Jahre hinaus.<\/p>\n<p><img loading=\"lazy\" decoding=\"async\" class=\"aligncenter size-full wp-image-353\" src=\"https:\/\/www.pixelway.de\/projekt-zimmerei\/wp-content\/uploads\/2018\/01\/Re_11.jpg\" alt=\"\" width=\"500\" height=\"190\" srcset=\"https:\/\/www.pixelway.de\/projekt-zimmerei\/wp-content\/uploads\/2018\/01\/Re_11.jpg 500w, https:\/\/www.pixelway.de\/projekt-zimmerei\/wp-content\/uploads\/2018\/01\/Re_11-300x114.jpg 300w, https:\/\/www.pixelway.de\/projekt-zimmerei\/wp-content\/uploads\/2018\/01\/Re_11-260x99.jpg 260w, https:\/\/www.pixelway.de\/projekt-zimmerei\/wp-content\/uploads\/2018\/01\/Re_11-50x19.jpg 50w, https:\/\/www.pixelway.de\/projekt-zimmerei\/wp-content\/uploads\/2018\/01\/Re_11-150x57.jpg 150w\" sizes=\"auto, (max-width:767px) 480px, 500px\" \/><\/p>\n<p>Die besondere St\u00e4rke eines Dachdecker-Innungsbetriebes liegt darin, Ihnen umfangreiche Leistungen aus einer Hand anzubieten. Dies bedeutet f\u00fcr Sie eine z\u00fcgige Abwicklung Ihres Projektes, Kostenersparnis und hohe Terminsicherheit.<\/p>\n<p>&nbsp;<\/p>\n<p>Wir stehen mit unserem Fachwissen, dem Engagement des Dachdecker-Innungsbetriebes und umfassend geschultem Fachpersonal gerne f\u00fcr Fragen zur Verf\u00fcgung, denn eine sorgf\u00e4ltige und umfassende Beratung ist uns wichtig.<\/p>\n<p>&nbsp;<\/p>\n<p>Die Auftragsvergabe an einen Mitgliedsbetrieb der Dachdecker-Innung ist dar\u00fcber hinaus ein guter Schutz vor unseri\u00f6sen Anbietern.<\/p>\n<p>&nbsp;<\/p>\n<p>Achten Sie auf dieses Zeichen.<\/p>\n<p><img loading=\"lazy\" decoding=\"async\" class=\"aligncenter size-full wp-image-343\" src=\"https:\/\/www.pixelway.de\/projekt-zimmerei\/wp-content\/uploads\/2018\/01\/logo-klein-1.gif\" alt=\"\" width=\"150\" height=\"106\" \/><\/p>\n<\/div>\n","protected":false},"excerpt":{"rendered":"<p>D a s R e e t d a c h &#8211; Renaissance einer kulturellen Tradition &nbsp; In der Geschichte des Wohnens spielen die nat\u00fcrlichen Baustoffe<span class=\"excerpt-hellip\"> [\u2026]<\/span><\/p>\n","protected":false},"author":1,"featured_media":0,"parent":0,"menu_order":0,"comment_status":"closed","ping_status":"closed","template":"","meta":{"ngg_post_thumbnail":0,"footnotes":""},"class_list":["post-258","page","type-page","status-publish","hentry"],"_links":{"self":[{"href":"https:\/\/www.pixelway.de\/projekt-zimmerei\/wp-json\/wp\/v2\/pages\/258","targetHints":{"allow":["GET"]}}],"collection":[{"href":"https:\/\/www.pixelway.de\/projekt-zimmerei\/wp-json\/wp\/v2\/pages"}],"about":[{"href":"https:\/\/www.pixelway.de\/projekt-zimmerei\/wp-json\/wp\/v2\/types\/page"}],"author":[{"embeddable":true,"href":"https:\/\/www.pixelway.de\/projekt-zimmerei\/wp-json\/wp\/v2\/users\/1"}],"replies":[{"embeddable":true,"href":"https:\/\/www.pixelway.de\/projekt-zimmerei\/wp-json\/wp\/v2\/comments?post=258"}],"version-history":[{"count":3,"href":"https:\/\/www.pixelway.de\/projekt-zimmerei\/wp-json\/wp\/v2\/pages\/258\/revisions"}],"predecessor-version":[{"id":453,"href":"https:\/\/www.pixelway.de\/projekt-zimmerei\/wp-json\/wp\/v2\/pages\/258\/revisions\/453"}],"wp:attachment":[{"href":"https:\/\/www.pixelway.de\/projekt-zimmerei\/wp-json\/wp\/v2\/media?parent=258"}],"curies":[{"name":"wp","href":"https:\/\/api.w.org\/{rel}","templated":true}]}}