{"id":256,"date":"2018-01-09T16:50:29","date_gmt":"2018-01-09T15:50:29","guid":{"rendered":"https:\/\/www.pixelway.de\/projekt-zimmerei\/?page_id=256"},"modified":"2018-01-16T19:16:32","modified_gmt":"2018-01-16T18:16:32","slug":"metall","status":"publish","type":"page","link":"https:\/\/www.pixelway.de\/projekt-zimmerei\/metall\/","title":{"rendered":"Metall"},"content":{"rendered":"<p>&nbsp;<\/p>\n<div class=\"block\">\n<p>E l e g a n t u n d z e i t l o s &#8211; <strong>Geb\u00e4ude gestalten mit Metallen<\/strong><\/p>\n<hr id=\"headline\" \/>\n<p>&nbsp;<\/p>\n<p><img loading=\"lazy\" decoding=\"async\" class=\"aligncenter size-full wp-image-334\" src=\"https:\/\/www.pixelway.de\/projekt-zimmerei\/wp-content\/uploads\/2018\/01\/Me_01.jpg\" alt=\"\" width=\"500\" height=\"188\" srcset=\"https:\/\/www.pixelway.de\/projekt-zimmerei\/wp-content\/uploads\/2018\/01\/Me_01.jpg 500w, https:\/\/www.pixelway.de\/projekt-zimmerei\/wp-content\/uploads\/2018\/01\/Me_01-300x113.jpg 300w, https:\/\/www.pixelway.de\/projekt-zimmerei\/wp-content\/uploads\/2018\/01\/Me_01-260x98.jpg 260w, https:\/\/www.pixelway.de\/projekt-zimmerei\/wp-content\/uploads\/2018\/01\/Me_01-50x19.jpg 50w, https:\/\/www.pixelway.de\/projekt-zimmerei\/wp-content\/uploads\/2018\/01\/Me_01-150x56.jpg 150w\" sizes=\"auto, (max-width:767px) 480px, 500px\" \/><\/p>\n<p>Bereits seit Jahrhunderten wird Metall im Hausbau eingesetzt und erfreut sich auch heute zunehmender Beliebtheit. Bedeutende Geb\u00e4ude wie Kirchen und Dome wurden seit jeher oft mit Metallen gedeckt. Aus gutem Grund: Metallwerkstoffe halten besonders lange und das Material l\u00e4sst zudem architektonische Formgebungen jeder Art zu.<\/p>\n<p>&nbsp;<\/p>\n<p>Daran hat sich bis heute nichts ge\u00e4ndert. Die eleganten Materialien lassen sich in jedem historischen und modernen Baustil anwenden. Kaum ein anderes Material verbindet die M\u00f6glichkeit der handwerklichen, individuellen Verarbeitung einerseits mit dem Aspekt der Langlebigkeit und Wirtschaftlichkeit auf der anderen Seite: Die \u00e4u\u00dferst belastbaren Metallwerkstoffe erm\u00f6glichen eine lange haltbare L\u00f6sung auch f\u00fcr extravagante Architektur.<\/p>\n<p>&nbsp;<\/p>\n<p>Dachdeckungen und Fassadenbekleidungen aus Metall sind zeitlos sch\u00f6n und haben eine Lebensdauer von mehreren Generationen. Im Laufe der Jahre setzen sie auf ihrer Oberfl\u00e4che eine charaktervolle Patina an, die ganz wesentlich zum Material- und Formempfinden des Betrachters beitr\u00e4gt. Kein Wunder also, dass man immer \u00f6fter auf metallische Akzente am Haus trifft.<\/p>\n<p><img loading=\"lazy\" decoding=\"async\" class=\"aligncenter size-full wp-image-335\" src=\"https:\/\/www.pixelway.de\/projekt-zimmerei\/wp-content\/uploads\/2018\/01\/Me_02.jpg\" alt=\"\" width=\"500\" height=\"294\" srcset=\"https:\/\/www.pixelway.de\/projekt-zimmerei\/wp-content\/uploads\/2018\/01\/Me_02.jpg 500w, https:\/\/www.pixelway.de\/projekt-zimmerei\/wp-content\/uploads\/2018\/01\/Me_02-300x176.jpg 300w, https:\/\/www.pixelway.de\/projekt-zimmerei\/wp-content\/uploads\/2018\/01\/Me_02-248x146.jpg 248w, https:\/\/www.pixelway.de\/projekt-zimmerei\/wp-content\/uploads\/2018\/01\/Me_02-50x29.jpg 50w, https:\/\/www.pixelway.de\/projekt-zimmerei\/wp-content\/uploads\/2018\/01\/Me_02-128x75.jpg 128w\" sizes=\"auto, (max-width:767px) 480px, 500px\" \/><\/p>\n<p>&nbsp;<\/p>\n<p>Moderne, individuelle Architektur ist im Hausbau heute gefragter als je zuvor. Gerade Metalle sind hier dank ihrer universellen Einsatzm\u00f6glichkeiten sehr beliebt. Die unterschiedlichen Materialien wie Zink, Kupfer, Aluminium, Edelstahl und Blei bieten vielseitige M\u00f6glichkeiten in der Verarbeitung und im Aussehen. Der Fachbetrieb f\u00fcr Dachdecker- und Klempnerarbeiten fertigt aus diesen Werkstoffen komplette D\u00e4cher, Au\u00dfenw\u00e4nde, Giebelbekleidungen oder stilvolle Details wie zum Beispiel Gauben und Kaminbekleidungen. Nat\u00fcrlich geh\u00f6rt auch das Dachentw\u00e4sserungssystem aus dem Metall Ihrer Wahl zum Gesamterscheinungsbild des Geb\u00e4udes.<\/p>\n<p>&nbsp;<\/p>\n<p>I h r D a c h a u s M e t a l l<\/p>\n<p><strong>&#8230; \u00c4sthetik und Funktion<\/strong><\/p>\n<hr id=\"headline\" \/>\n<p>&nbsp;<\/p>\n<p><img loading=\"lazy\" decoding=\"async\" class=\"aligncenter size-full wp-image-336\" src=\"https:\/\/www.pixelway.de\/projekt-zimmerei\/wp-content\/uploads\/2018\/01\/Me_03.jpg\" alt=\"\" width=\"500\" height=\"222\" srcset=\"https:\/\/www.pixelway.de\/projekt-zimmerei\/wp-content\/uploads\/2018\/01\/Me_03.jpg 500w, https:\/\/www.pixelway.de\/projekt-zimmerei\/wp-content\/uploads\/2018\/01\/Me_03-300x133.jpg 300w, https:\/\/www.pixelway.de\/projekt-zimmerei\/wp-content\/uploads\/2018\/01\/Me_03-260x115.jpg 260w, https:\/\/www.pixelway.de\/projekt-zimmerei\/wp-content\/uploads\/2018\/01\/Me_03-50x22.jpg 50w, https:\/\/www.pixelway.de\/projekt-zimmerei\/wp-content\/uploads\/2018\/01\/Me_03-150x67.jpg 150w\" sizes=\"auto, (max-width:767px) 480px, 500px\" \/><\/p>\n<p>D\u00e4cher aus Metall bieten ungeahnte gestalterische M\u00f6glichkeiten. Sie sind robust, f\u00fcgen sich als traditionsreiche Baumaterialien harmonisch in die umgebende Dachlandschaft ein und unterstreichen mit ihrer klassischen Modernit\u00e4t die Architektur. Ihr Dachdecker-Innungsbetrieb ber\u00e4t Sie gerne bei der Auswahl, denn farblich harmonieren die unterschiedlichen Metalle hervorragend mit anderen Werkstoffen. Daher sind auch Teilausf\u00fchrungen mit Metall, wie mit Metall bekleidete Gauben, als architektonisch schm\u00fcckende Elemente sehr beliebt.<\/p>\n<p>&nbsp;<\/p>\n<p>Dachgauben sorgen f\u00fcr den notwendigen Lichteinfall in den darunter liegenden Wohnraum und erm\u00f6glichen ein gro\u00dfz\u00fcgiges und gem\u00fctliches Wohnen unterm Dach. Sie lockern die Dachfl\u00e4che gestalterisch auf und verhelfen selbst den kleinsten Dachgeschossen zu mehr Raum. Ihr Dachdeckermeister realisiert vielf\u00e4ltige Bauformen: Rund-, Spitz-, Schlepp-, Dreiecks- oder Schmetterlingsgauben sorgen f\u00fcr eine hochwertige Anmutung. Ob Sie sich f\u00fcr harmonische \u00dcberg\u00e4nge oder interessante Kontraste zu anderen Baustoffen entscheiden \u2013 Gauben mit Bekleidungen aus Metall sind immer ein Blickfang.<\/p>\n<p>&nbsp;<\/p>\n<p>Nat\u00fcrlich enthalten moderne D\u00e4cher auch technische Funktionsteile. Sauberer Strom und umweltfreundliche W\u00e4rme sind heute \u00bbin\u00ab. Besonders gefragt sind gestalterisch ansprechende L\u00f6sungen, mit denen konstruktive Elemente wie z.B. Solaranlagen sehr unauff\u00e4llig in das Dach eingebaut werden k\u00f6nnen.<\/p>\n<p><img loading=\"lazy\" decoding=\"async\" class=\"aligncenter size-full wp-image-337\" src=\"https:\/\/www.pixelway.de\/projekt-zimmerei\/wp-content\/uploads\/2018\/01\/Me_04.jpg\" alt=\"\" width=\"500\" height=\"182\" srcset=\"https:\/\/www.pixelway.de\/projekt-zimmerei\/wp-content\/uploads\/2018\/01\/Me_04.jpg 500w, https:\/\/www.pixelway.de\/projekt-zimmerei\/wp-content\/uploads\/2018\/01\/Me_04-300x109.jpg 300w, https:\/\/www.pixelway.de\/projekt-zimmerei\/wp-content\/uploads\/2018\/01\/Me_04-260x95.jpg 260w, https:\/\/www.pixelway.de\/projekt-zimmerei\/wp-content\/uploads\/2018\/01\/Me_04-50x18.jpg 50w, https:\/\/www.pixelway.de\/projekt-zimmerei\/wp-content\/uploads\/2018\/01\/Me_04-150x55.jpg 150w\" sizes=\"auto, (max-width:767px) 480px, 500px\" \/><\/p>\n<p>&nbsp;<\/p>\n<p>Metalld\u00e4cher bieten hierf\u00fcr ideale Voraussetzungen. So fangen Photovoltaik-Zellen, die vollfl\u00e4chig mit dem Metall verbunden sind, die Sonnenstrahlen ein und wandeln sie direkt in elektrische Energie um.<\/p>\n<p>&nbsp;<\/p>\n<p>M e h r a l s n u r F a s s a d e<\/p>\n<p><strong>&#8230; geben Sie Ihrem Haus ein Gesicht<\/strong><\/p>\n<hr id=\"headline\" \/>\n<p>&nbsp;<\/p>\n<p><img loading=\"lazy\" decoding=\"async\" class=\"aligncenter size-full wp-image-338\" src=\"https:\/\/www.pixelway.de\/projekt-zimmerei\/wp-content\/uploads\/2018\/01\/Me_05.jpg\" alt=\"\" width=\"500\" height=\"184\" srcset=\"https:\/\/www.pixelway.de\/projekt-zimmerei\/wp-content\/uploads\/2018\/01\/Me_05.jpg 500w, https:\/\/www.pixelway.de\/projekt-zimmerei\/wp-content\/uploads\/2018\/01\/Me_05-300x110.jpg 300w, https:\/\/www.pixelway.de\/projekt-zimmerei\/wp-content\/uploads\/2018\/01\/Me_05-260x96.jpg 260w, https:\/\/www.pixelway.de\/projekt-zimmerei\/wp-content\/uploads\/2018\/01\/Me_05-50x18.jpg 50w, https:\/\/www.pixelway.de\/projekt-zimmerei\/wp-content\/uploads\/2018\/01\/Me_05-150x55.jpg 150w\" sizes=\"auto, (max-width:767px) 480px, 500px\" \/><br \/>\nWenn Sch\u00f6nheit und Zweckm\u00e4\u00dfigkeit gleichermassen in einer Sache enthalten sind, kann man von einer idealen Konstellation sprechen. So sind auch Au\u00dfenwandbekleidungen ideale Systeme. Die Fassade pr\u00e4gt nicht nur die Au\u00dfenwirkung Ihres Hauses, sie sorgt auch f\u00fcr zuverl\u00e4ssigen Wetterschutz nach au\u00dfen und ein gesundes Wohlf\u00fchlklima im Inneren des Hauses.<\/p>\n<p>&nbsp;<\/p>\n<p>Bei der Bekleidung von Fassaden sind alle Arten von Metallwerkstoffen mit ihren unterschiedlichen Farben und Eigenschaften eine attraktive Alternative. Sie bieten eine Vielzahl an reizvollen Gestaltungsm\u00f6glichkeiten. Zudem lassen sich komplexe Geb\u00e4udegeometrien problemlos realisieren. Eine Au\u00dfenwandbekleidung mit Metallwerkstoffen sch\u00fctzt das Haus dauerhaft und verleiht ihm ein optisch ansprechendes Erscheinungsbild. Passende Abdeckungen f\u00fcr Gesims, Fensterb\u00e4nke oder Attiken runden das Gesamtbild ab.<\/p>\n<p>&nbsp;<\/p>\n<p>Aber auch die praktische Seite einer Au\u00dfenwandbekleidung kann sich sehen lassen. Wir als Meisterbetrieb der Dachdecker-Innung sprechen dabei von einer w\u00e4rmeged\u00e4mmten, hinterl\u00fcfteten Au\u00dfenwandbekleidung. Dies bedeutet, dass Ihr Haus gewisserma\u00dfen eine vorgeh\u00e4ngte zweite Schale erh\u00e4lt.<\/p>\n<p>&nbsp;<\/p>\n<p>Eine intelligente Konstruktion verbindet dabei fachgerechte W\u00e4rmed\u00e4mmung nach der Energie-Einsparverordnung mit einem Bel\u00fcftungssystem. Dadurch erf\u00fcllt die Fassade neben dem Wetterschutz eine weitere Funktion: Ihr Haus kann nach au\u00dfen atmen und im Inneren entsteht so ein gesundes Wohnklima. Im Sommer werden Ihre R\u00e4ume auf nat\u00fcrliche Weise k\u00fchler, im Winter sparen Sie Heizkosten. Ihre Wohlf\u00fchlfassade tr\u00e4gt also durch den Energie-Spareffekt nicht nur zum Wohlbefinden bei, sondern schont auch Ihre Geldb\u00f6rse \u2013 und die Umwelt.<\/p>\n<p>&nbsp;<\/p>\n<p>Selbst f\u00fcr die Bekleidung von Balkonen und das Decken von Vord\u00e4chern stellen Werkstoffe aus Metall ihre hervorragende Formbarkeit und ihre gro\u00dfe optische Kompatibilit\u00e4t unter Beweis: F\u00fcr die verschiedensten architektonischen Entw\u00fcrfe lassen sich stets geb\u00e4udespezifische L\u00f6sungen finden. Als optisch ansprechende Erg\u00e4nzung f\u00fcr jedes Haus sind Metalle zudem in verschiedenen Ausf\u00fchrungsvarianten erh\u00e4ltlich. Dachdecker-Innungsbetriebe stehen Ihnen bei der Entscheidung und Gestaltung beratend zur Seite.<\/p>\n<p>&nbsp;<\/p>\n<p>A l l e s u n t e r K o n t r o l l e<\/p>\n<p><strong>&#8230; der Weg des Wassers<\/strong><\/p>\n<hr id=\"headline\" \/>\n<p>&nbsp;<\/p>\n<p><img loading=\"lazy\" decoding=\"async\" class=\"aligncenter size-full wp-image-339\" src=\"https:\/\/www.pixelway.de\/projekt-zimmerei\/wp-content\/uploads\/2018\/01\/Me_06.jpg\" alt=\"\" width=\"500\" height=\"188\" srcset=\"https:\/\/www.pixelway.de\/projekt-zimmerei\/wp-content\/uploads\/2018\/01\/Me_06.jpg 500w, https:\/\/www.pixelway.de\/projekt-zimmerei\/wp-content\/uploads\/2018\/01\/Me_06-300x113.jpg 300w, https:\/\/www.pixelway.de\/projekt-zimmerei\/wp-content\/uploads\/2018\/01\/Me_06-260x98.jpg 260w, https:\/\/www.pixelway.de\/projekt-zimmerei\/wp-content\/uploads\/2018\/01\/Me_06-50x19.jpg 50w, https:\/\/www.pixelway.de\/projekt-zimmerei\/wp-content\/uploads\/2018\/01\/Me_06-150x56.jpg 150w\" sizes=\"auto, (max-width:767px) 480px, 500px\" \/><\/p>\n<p>D\u00e4cher und Au\u00dfenw\u00e4nde sind viele Wochen im Jahr Regeng\u00fcssen und Schneelasten ausgesetzt. Ein dichtes Flachdach oder ein regensicheres Steildach ist unabdingbare Voraussetzung f\u00fcr \u00bbtrockene F\u00fc\u00dfe\u00ab im Geb\u00e4ude. Aber perfekt wird das gesamte Dachsystem erst durch die geeigneten Dachentw\u00e4sserungssysteme.<\/p>\n<p>&nbsp;<\/p>\n<p>Diese sammeln das von den Dachfl\u00e4chen ablaufende Niederschlagswasser und leiten es kontrolliert ab. Trotz dieser einfach klingenden Kurzbeschreibung geh\u00f6rt zur Planung und Installation eines Dachentw\u00e4sserungssystems fundiertes Fachwissen. Dabei spielen z.B. die Dachgrundfl\u00e4chen, Standorte und die Verteilung der Abl\u00e4ufe eine wichtige Rolle.<\/p>\n<p>&nbsp;<\/p>\n<p>Am geneigten Dach sind Dachrinnen ein bekannter und wesentlicher Bestandteil jedes Dachentw\u00e4sserungssystems. Die Wahl des Materials wie z.B. Stahl, Kupfer, Titanzink oder Aluminium sowie die Gestaltung \u2013 halbrund, kastenf\u00f6rmig oder keilf\u00f6rmig \u2013 bieten viele Varianten f\u00fcr ein individuelles Erscheinungsbild des Daches und damit des ganzen Geb\u00e4udes.<\/p>\n<p>&nbsp;<\/p>\n<p>Die an die Dachrinnen anschlie\u00dfenden Regenfallrohre leiten das Regenwasser meist entweder in das \u00f6ffentliche Entw\u00e4sserungsnetz ein oder f\u00fchren es einer Regenwassernutzungsanlage zu. Die Nutzung des Regenwassers ist eine \u00f6kologisch und wirtschaftlich sinnvolle M\u00f6glichkeit der Trinkwassereinsparung. Auch hier hilft Ihnen Ihr Dachdeckermeister.<\/p>\n<p><img loading=\"lazy\" decoding=\"async\" class=\"aligncenter size-full wp-image-340\" src=\"https:\/\/www.pixelway.de\/projekt-zimmerei\/wp-content\/uploads\/2018\/01\/Me_07.jpg\" alt=\"\" width=\"500\" height=\"276\" srcset=\"https:\/\/www.pixelway.de\/projekt-zimmerei\/wp-content\/uploads\/2018\/01\/Me_07.jpg 500w, https:\/\/www.pixelway.de\/projekt-zimmerei\/wp-content\/uploads\/2018\/01\/Me_07-300x166.jpg 300w, https:\/\/www.pixelway.de\/projekt-zimmerei\/wp-content\/uploads\/2018\/01\/Me_07-260x144.jpg 260w, https:\/\/www.pixelway.de\/projekt-zimmerei\/wp-content\/uploads\/2018\/01\/Me_07-50x28.jpg 50w, https:\/\/www.pixelway.de\/projekt-zimmerei\/wp-content\/uploads\/2018\/01\/Me_07-136x75.jpg 136w\" sizes=\"auto, (max-width:767px) 480px, 500px\" \/><\/p>\n<p>&nbsp;<\/p>\n<p>Bei flachen D\u00e4chern sind die Fallrohre oft in das Bauwerk integriert. Die entsprechenden Abl\u00e4ufe \u2013 die nat\u00fcrlich wasserdicht in die Dachabdichtung eingesetzt sind \u2013 werden hier durch die Attika vor Blicken gesch\u00fctzt.<\/p>\n<p>&nbsp;<\/p>\n<p>F\u00fcr beide Dachtypen ist \u00fcbrigens ein Fanggitter ein empfehlenswertes Funktionsteil: An der Einlaufstelle zum Fallrohr platziert, vermindert es l\u00e4stige Verstopfungen im Fallrohr. Laub und Schmutz bleiben am \u00bbLaubsieb\u00ab liegen und das Wasser in der Rinne kann problemlos ablaufen.<\/p>\n<p>&nbsp;<\/p>\n<p>Im Rahmen einer regelm\u00e4\u00dfigen Dachinspektion durch den Dachdecker-Innungsbetrieb werden die Verschmutzungen auf dem Fanggitter entfernt und der einwandfreie Zustand der Abl\u00e4ufe sowie ihrer An- und Abschl\u00fcsse kontrolliert.<\/p>\n<p>&nbsp;<\/p>\n<p>D e r D a c h d e c k e r &#8211; I n n u n g s b e t r i e b<\/p>\n<p><strong>&#8230; alles aus einer Hand<\/strong><\/p>\n<hr id=\"headline\" \/>\n<p>&nbsp;<\/p>\n<p><img loading=\"lazy\" decoding=\"async\" class=\"aligncenter size-full wp-image-341\" src=\"https:\/\/www.pixelway.de\/projekt-zimmerei\/wp-content\/uploads\/2018\/01\/Me_08.jpg\" alt=\"\" width=\"500\" height=\"181\" srcset=\"https:\/\/www.pixelway.de\/projekt-zimmerei\/wp-content\/uploads\/2018\/01\/Me_08.jpg 500w, https:\/\/www.pixelway.de\/projekt-zimmerei\/wp-content\/uploads\/2018\/01\/Me_08-300x109.jpg 300w, https:\/\/www.pixelway.de\/projekt-zimmerei\/wp-content\/uploads\/2018\/01\/Me_08-260x94.jpg 260w, https:\/\/www.pixelway.de\/projekt-zimmerei\/wp-content\/uploads\/2018\/01\/Me_08-50x18.jpg 50w, https:\/\/www.pixelway.de\/projekt-zimmerei\/wp-content\/uploads\/2018\/01\/Me_08-150x54.jpg 150w\" sizes=\"auto, (max-width:767px) 480px, 500px\" \/><\/p>\n<p>Der Mitgliedsbetrieb der Dachdecker-Innung bietet Ihnen fachkompetente Beratung, Planung und Ausf\u00fchrung aus einer Hand. Ganz gleich welche Vorstellungen Sie bei der Sanierung oder Neugestaltung, beim Neubau oder Dachausbau Ihres Hauses auch haben: der Meisterbetrieb der DachdeckerInnung steht Ihnen als kompetenter Partner zur Seite und realisiert Ihre W\u00fcnsche und Ideen.<\/p>\n<p>&nbsp;<\/p>\n<p>Als Fachbetrieb f\u00fcr Dach-, Wand- und Abdichtungstechnik hat der Innungsbetrieb Ihrer Wahl die Kompetenz, Ihnen ein zuverl\u00e4ssiges Gesamtkonzept anzubieten, das die Funktion und \u00c4sthetik aller angrenzenden Geb\u00e4udeteile mit ber\u00fccksichtigt. Ihr Nutzen: ein reibungsloser Ablauf aller Einzelschritte und eine Erleichterung der Gesamtabwicklung Ihres Bauvorhabens.<\/p>\n<p>&nbsp;<\/p>\n<p>Ob Dachdeckung, W\u00e4rmed\u00e4mmung, Au\u00dfenwandbekleidung, Dachbegr\u00fcnung oder Solartechnik \u2013 die fachlich einwandfreie und gestalterisch ansprechende L\u00f6sung unter Ber\u00fccksichtigung aller wirtschaftlichen Faktoren ist Sache des Dachdeckerhandwerks.<\/p>\n<p>&nbsp;<\/p>\n<p>Auch nach der Ausf\u00fchrung lassen wir Sie nicht allein. Gerne bieten wir Ihnen einen regelm\u00e4\u00dfigen Check-up der gesamten Geb\u00e4udeh\u00fclle an. Zudem \u00fcbernimmt der Dachdecker-Innungsbetrieb umfassende Gew\u00e4hrleistung f\u00fcr die von ihm ausgef\u00fchrten Arbeiten. Damit haben Sie eine wichtige Sicherheit f\u00fcr die Funktion der Schichtenfolge und den Werterhalt des gesamten Geb\u00e4udes.<\/p>\n<p>&nbsp;<\/p>\n<p>Sprechen Sie uns an! Nichts ist uns wichtiger als Ihre Zufriedenheit.<\/p>\n<p>&nbsp;<\/p>\n<p>Die Auftragsvergabe an einen Innungsbetrieb ist dar\u00fcber hinaus ein guter Schutz vor unseri\u00f6sen Anbietern.<\/p>\n<p><img loading=\"lazy\" decoding=\"async\" class=\"aligncenter size-full wp-image-342\" src=\"https:\/\/www.pixelway.de\/projekt-zimmerei\/wp-content\/uploads\/2018\/01\/Me_09.jpg\" alt=\"\" width=\"500\" height=\"243\" srcset=\"https:\/\/www.pixelway.de\/projekt-zimmerei\/wp-content\/uploads\/2018\/01\/Me_09.jpg 500w, https:\/\/www.pixelway.de\/projekt-zimmerei\/wp-content\/uploads\/2018\/01\/Me_09-300x146.jpg 300w, https:\/\/www.pixelway.de\/projekt-zimmerei\/wp-content\/uploads\/2018\/01\/Me_09-260x126.jpg 260w, https:\/\/www.pixelway.de\/projekt-zimmerei\/wp-content\/uploads\/2018\/01\/Me_09-50x24.jpg 50w, https:\/\/www.pixelway.de\/projekt-zimmerei\/wp-content\/uploads\/2018\/01\/Me_09-150x73.jpg 150w\" sizes=\"auto, (max-width:767px) 480px, 500px\" \/><\/p>\n<p>&nbsp;<\/p>\n<p>Ihren Dachdecker-Innungsbetrieb erkennen Sie an diesem Zeichen:<\/p>\n<\/div>\n","protected":false},"excerpt":{"rendered":"<p>&nbsp; E l e g a n t u n d z e i t l o s &#8211; Geb\u00e4ude gestalten mit Metallen &nbsp; Bereits seit<span class=\"excerpt-hellip\"> [\u2026]<\/span><\/p>\n","protected":false},"author":1,"featured_media":0,"parent":0,"menu_order":0,"comment_status":"closed","ping_status":"closed","template":"","meta":{"ngg_post_thumbnail":0,"footnotes":""},"class_list":["post-256","page","type-page","status-publish","hentry"],"_links":{"self":[{"href":"https:\/\/www.pixelway.de\/projekt-zimmerei\/wp-json\/wp\/v2\/pages\/256","targetHints":{"allow":["GET"]}}],"collection":[{"href":"https:\/\/www.pixelway.de\/projekt-zimmerei\/wp-json\/wp\/v2\/pages"}],"about":[{"href":"https:\/\/www.pixelway.de\/projekt-zimmerei\/wp-json\/wp\/v2\/types\/page"}],"author":[{"embeddable":true,"href":"https:\/\/www.pixelway.de\/projekt-zimmerei\/wp-json\/wp\/v2\/users\/1"}],"replies":[{"embeddable":true,"href":"https:\/\/www.pixelway.de\/projekt-zimmerei\/wp-json\/wp\/v2\/comments?post=256"}],"version-history":[{"count":3,"href":"https:\/\/www.pixelway.de\/projekt-zimmerei\/wp-json\/wp\/v2\/pages\/256\/revisions"}],"predecessor-version":[{"id":451,"href":"https:\/\/www.pixelway.de\/projekt-zimmerei\/wp-json\/wp\/v2\/pages\/256\/revisions\/451"}],"wp:attachment":[{"href":"https:\/\/www.pixelway.de\/projekt-zimmerei\/wp-json\/wp\/v2\/media?parent=256"}],"curies":[{"name":"wp","href":"https:\/\/api.w.org\/{rel}","templated":true}]}}