{"id":254,"date":"2018-01-09T16:50:04","date_gmt":"2018-01-09T15:50:04","guid":{"rendered":"https:\/\/www.pixelway.de\/projekt-zimmerei\/?page_id=254"},"modified":"2018-01-16T19:14:08","modified_gmt":"2018-01-16T18:14:08","slug":"holzbau","status":"publish","type":"page","link":"https:\/\/www.pixelway.de\/projekt-zimmerei\/holzbau\/","title":{"rendered":"Holzbau"},"content":{"rendered":"<div class=\"block\">\n<p>E i n z u v e r l \u00e4 s s i g e s D a c h &#8211; <strong>wichtigster Teil des Geb\u00e4udes<\/strong><\/p>\n<hr id=\"headline\" \/>\n<p>&nbsp;<\/p>\n<p><img loading=\"lazy\" decoding=\"async\" class=\"aligncenter size-full wp-image-324\" src=\"https:\/\/www.pixelway.de\/projekt-zimmerei\/wp-content\/uploads\/2018\/01\/Ho_01.jpg\" alt=\"\" width=\"500\" height=\"243\" srcset=\"https:\/\/www.pixelway.de\/projekt-zimmerei\/wp-content\/uploads\/2018\/01\/Ho_01.jpg 500w, https:\/\/www.pixelway.de\/projekt-zimmerei\/wp-content\/uploads\/2018\/01\/Ho_01-300x146.jpg 300w, https:\/\/www.pixelway.de\/projekt-zimmerei\/wp-content\/uploads\/2018\/01\/Ho_01-260x126.jpg 260w, https:\/\/www.pixelway.de\/projekt-zimmerei\/wp-content\/uploads\/2018\/01\/Ho_01-50x24.jpg 50w, https:\/\/www.pixelway.de\/projekt-zimmerei\/wp-content\/uploads\/2018\/01\/Ho_01-150x73.jpg 150w\" sizes=\"auto, (max-width:767px) 480px, 500px\" \/><\/p>\n<p>Das Dach ist die Krone Ihres Hauses. Es ist entscheidend f\u00fcr das Erscheinungsbild, die Sch\u00f6nheit und die Werterhaltung Ihres Geb\u00e4udes. Denn das Dach erf\u00fcllt gestalterische Aufgaben und der abgestimmte Aufbau seiner vielf\u00e4ltigen Schichten ist unerl\u00e4sslich f\u00fcr die Schaffung eines angenehmen Wohnklimas und die Langlebigkeit des ganzen Hauses.<\/p>\n<p>&nbsp;<\/p>\n<p>Der Dachdeckermeister ist Ihr kompetenter Ansprechpartner f\u00fcr das gesamte Dach mit all seinen Bestandteilen. Er ber\u00e4t Sie individuell und umfassend und f\u00fchrt alle Arbeiten vom Holzbau \u00fcber Metallarbeiten bis zur Au\u00dfenwandbekleidung und Dachdeckung aus.<\/p>\n<p>&nbsp;<\/p>\n<p>Beginnend mit dem Aufbau des Dachstuhls steht die Kompetenz des Dachdeckers als Garant f\u00fcr h\u00f6chste Ausf\u00fchrungsqualit\u00e4t und die perfekte Abstimmung des gesamten Dachaufbaus. Nur so kann die physikalische Funktion des Daches auf Jahre hinaus sichergestellt werden.<\/p>\n<p>&nbsp;<\/p>\n<p>Bei der Dachdeckung und auch der Fassadenbekleidung haben Sie die freie Auswahl aller Materialien: ob Dachsteine, Dachziegel oder Schiefer, Aluminium, Kupfer oder Edelstahl.<\/p>\n<p><img loading=\"lazy\" decoding=\"async\" class=\"aligncenter size-full wp-image-325\" src=\"https:\/\/www.pixelway.de\/projekt-zimmerei\/wp-content\/uploads\/2018\/01\/Ho_02.jpg\" alt=\"\" width=\"500\" height=\"212\" srcset=\"https:\/\/www.pixelway.de\/projekt-zimmerei\/wp-content\/uploads\/2018\/01\/Ho_02.jpg 500w, https:\/\/www.pixelway.de\/projekt-zimmerei\/wp-content\/uploads\/2018\/01\/Ho_02-300x127.jpg 300w, https:\/\/www.pixelway.de\/projekt-zimmerei\/wp-content\/uploads\/2018\/01\/Ho_02-260x110.jpg 260w, https:\/\/www.pixelway.de\/projekt-zimmerei\/wp-content\/uploads\/2018\/01\/Ho_02-50x21.jpg 50w, https:\/\/www.pixelway.de\/projekt-zimmerei\/wp-content\/uploads\/2018\/01\/Ho_02-150x64.jpg 150w\" sizes=\"auto, (max-width:767px) 480px, 500px\" \/><\/p>\n<p>Die Ausbildung des Dachdeckers sichert hohe Kenntnisse und Fertigkeiten auch in vielen weiteren wichtigen Bereichen wie Abdichtungen, Dachbegr\u00fcnung und Solartechnik. Auch die Dachentw\u00e4sserung, der Dachausbau und die W\u00e4rmed\u00e4mmung sind Sache des Dachdeckers.<\/p>\n<p>&nbsp;<\/p>\n<p>Die komplette Leistung aus der Hand eines Dachdecker-Innungsbetriebes zu erhalten bedeutet f\u00fcr Sie als Bauherrn, Ihre W\u00fcnsche mit nur einem Ansprechpartner, also mit z\u00fcgiger Bauabwicklung und mit geringstem Koordinationsaufwand, zu verwirklichen.<\/p>\n<p>&nbsp;<\/p>\n<p>V i e l f \u00e4 l t i g e S c h i c h t e n u n d M a t e r i a l i e n<\/p>\n<p><strong>&#8230; optimal aufeinander abgestimmt<\/strong><\/p>\n<hr id=\"headline\" \/>\n<p>&nbsp;<\/p>\n<p><img loading=\"lazy\" decoding=\"async\" class=\"aligncenter size-full wp-image-326\" src=\"https:\/\/www.pixelway.de\/projekt-zimmerei\/wp-content\/uploads\/2018\/01\/Ho_03.jpg\" alt=\"\" width=\"500\" height=\"282\" srcset=\"https:\/\/www.pixelway.de\/projekt-zimmerei\/wp-content\/uploads\/2018\/01\/Ho_03.jpg 500w, https:\/\/www.pixelway.de\/projekt-zimmerei\/wp-content\/uploads\/2018\/01\/Ho_03-300x169.jpg 300w, https:\/\/www.pixelway.de\/projekt-zimmerei\/wp-content\/uploads\/2018\/01\/Ho_03-260x146.jpg 260w, https:\/\/www.pixelway.de\/projekt-zimmerei\/wp-content\/uploads\/2018\/01\/Ho_03-50x28.jpg 50w, https:\/\/www.pixelway.de\/projekt-zimmerei\/wp-content\/uploads\/2018\/01\/Ho_03-133x75.jpg 133w\" sizes=\"auto, (max-width:767px) 480px, 500px\" \/><\/p>\n<p>Auch beim Dach muss die Technik stimmen: Das Dach besteht nach dem heutigen Stand der Technik aus vielen sorgf\u00e4ltig aufeinander abgestimmten Schichten und unterschiedlichsten Materialien, die spezielle Funktionen zu erf\u00fcllen haben.<\/p>\n<p>&nbsp;<\/p>\n<p>Nach Ihren Vorgaben erstellt der Mitgliedsbetrieb der Dachdeckerinnung den Dachstuhl mit den dazugeh\u00f6rigen Gauben und f\u00fchrt auch alle anderen Holzarbeiten am Dach aus. Er ber\u00e4t Sie passend zum Baustil bei der Auswahl der von Ihnen gew\u00fcnschten Deckwerk-stoffe vom Dachziegel bis zur Metallbekleidung.<\/p>\n<p>&nbsp;<\/p>\n<p>Der Dachdecker bietet individuelle L\u00f6sungen auch im Detail: Sch\u00f6ne Kehlausbildungen, durchdachte Entw\u00e4sserungstechnik oder spannende Materialkontraste werden von ihm nach Ihren W\u00fcnschen handwerklich und gestalterisch perfekt realisiert.<\/p>\n<p><img loading=\"lazy\" decoding=\"async\" class=\"aligncenter size-full wp-image-327\" src=\"https:\/\/www.pixelway.de\/projekt-zimmerei\/wp-content\/uploads\/2018\/01\/Ho_04.jpg\" alt=\"\" width=\"500\" height=\"211\" srcset=\"https:\/\/www.pixelway.de\/projekt-zimmerei\/wp-content\/uploads\/2018\/01\/Ho_04.jpg 500w, https:\/\/www.pixelway.de\/projekt-zimmerei\/wp-content\/uploads\/2018\/01\/Ho_04-300x127.jpg 300w, https:\/\/www.pixelway.de\/projekt-zimmerei\/wp-content\/uploads\/2018\/01\/Ho_04-260x110.jpg 260w, https:\/\/www.pixelway.de\/projekt-zimmerei\/wp-content\/uploads\/2018\/01\/Ho_04-50x21.jpg 50w, https:\/\/www.pixelway.de\/projekt-zimmerei\/wp-content\/uploads\/2018\/01\/Ho_04-150x63.jpg 150w\" sizes=\"auto, (max-width:767px) 480px, 500px\" \/><\/p>\n<p>&nbsp;<\/p>\n<p>Bevor es an den Innenausbau Ihres Dachgeschosses gehen kann, bringt der Dachdecker noch wichtige Funktionsschichten wie W\u00e4rmed\u00e4mmung und Dampfsperre ein. Gerade die fachgerechte Ausf\u00fchrung dieser beiden Schichten ist entscheidend f\u00fcr die Langlebigkeit Ihres Daches. Die Wohnqualit\u00e4t im ganzen Haus h\u00e4ngt davon ab, dass Wasserdampf und Feuchtigkeit richtig nach au\u00dfen abgeleitet werden und dabei keine Energie verschwendet wird oder sogar gesundheitliche Gefahren durch Schimmelbildung entstehen.<\/p>\n<p>&nbsp;<\/p>\n<p>Nach Abschluss dieser Arbeiten steht Ihnen der Dachdecker-Innungsbetrieb f\u00fcr die Errichtung der Installationsebenen und sogar f\u00fcr den kompletten Dachgeschossausbau als Ansprechpartner zur Verf\u00fcgung.<\/p>\n<p>&nbsp;<\/p>\n<p>A l l e s a u s e i n e r H a n d<\/p>\n<p><strong>&#8230; Ihr Dachdecker leistet mehr<\/strong><\/p>\n<hr id=\"headline\" \/>\n<p>&nbsp;<\/p>\n<p><img loading=\"lazy\" decoding=\"async\" class=\"aligncenter size-full wp-image-328\" src=\"https:\/\/www.pixelway.de\/projekt-zimmerei\/wp-content\/uploads\/2018\/01\/Ho_05.jpg\" alt=\"\" width=\"500\" height=\"192\" srcset=\"https:\/\/www.pixelway.de\/projekt-zimmerei\/wp-content\/uploads\/2018\/01\/Ho_05.jpg 500w, https:\/\/www.pixelway.de\/projekt-zimmerei\/wp-content\/uploads\/2018\/01\/Ho_05-300x115.jpg 300w, https:\/\/www.pixelway.de\/projekt-zimmerei\/wp-content\/uploads\/2018\/01\/Ho_05-260x100.jpg 260w, https:\/\/www.pixelway.de\/projekt-zimmerei\/wp-content\/uploads\/2018\/01\/Ho_05-50x19.jpg 50w, https:\/\/www.pixelway.de\/projekt-zimmerei\/wp-content\/uploads\/2018\/01\/Ho_05-150x58.jpg 150w\" sizes=\"auto, (max-width:767px) 480px, 500px\" \/><\/p>\n<p>Von der Erstellung des Dachstuhles bis hin zur Ausf\u00fchrung des Innenausbaus ist der Dachdecker-Innungsbetrieb Ihr alleiniger Ansprechpartner. Er ber\u00e4t, koordiniert und bietet Ihnen in allen Leistungen h\u00f6chste Kompetenz.<\/p>\n<p>&nbsp;<\/p>\n<p>Die Vorteile sind f\u00fcr Sie eine schnellere Abwicklung Ihrer Bauma\u00dfnahme mit Zeitersparnis und hoher Terminsicherheit. Gerade bei Ma\u00dfnahmen an bewohnten Geb\u00e4uden ist dies besonders wichtig.<\/p>\n<p><img loading=\"lazy\" decoding=\"async\" class=\"aligncenter size-full wp-image-329\" src=\"https:\/\/www.pixelway.de\/projekt-zimmerei\/wp-content\/uploads\/2018\/01\/Ho_06.jpg\" alt=\"\" width=\"500\" height=\"254\" srcset=\"https:\/\/www.pixelway.de\/projekt-zimmerei\/wp-content\/uploads\/2018\/01\/Ho_06.jpg 500w, https:\/\/www.pixelway.de\/projekt-zimmerei\/wp-content\/uploads\/2018\/01\/Ho_06-300x152.jpg 300w, https:\/\/www.pixelway.de\/projekt-zimmerei\/wp-content\/uploads\/2018\/01\/Ho_06-260x132.jpg 260w, https:\/\/www.pixelway.de\/projekt-zimmerei\/wp-content\/uploads\/2018\/01\/Ho_06-50x25.jpg 50w, https:\/\/www.pixelway.de\/projekt-zimmerei\/wp-content\/uploads\/2018\/01\/Ho_06-148x75.jpg 148w\" sizes=\"auto, (max-width:767px) 480px, 500px\" \/><\/p>\n<p>&nbsp;<\/p>\n<p>Die Abwicklung aus einer Hand bedeutet weiterhin die optimale Abstimmung aller T\u00e4tigkeiten und f\u00fchrt somit zur Kostensenkung.<\/p>\n<p>&nbsp;<\/p>\n<p>Die umfassende fachliche Kompetenz des Dachdeckermeisters steht gleichzeitig f\u00fcr die bauphysikalisch einwandfreie Funktion des Daches. Dadurch gewinnen Sie wieder \u2013 durch lange Lebensdauer und hohe Wohnqualit\u00e4t des Geb\u00e4udes.<\/p>\n<p>&nbsp;<\/p>\n<p>Dass der Meisterbetrieb der Dachdecker-Innung Ihnen handwerklich hochwertigste, individuelle L\u00f6sungen bei der Auswahl der Materialien und der gesamten Gestaltung des Hauses anbietet, ist selbstverst\u00e4ndlich. Ein umfassender Service, der den Wert des Hauses steigert und auf den Sie nicht verzichten sollten.<\/p>\n<p>&nbsp;<\/p>\n<p>I n d i v i d u a l i t \u00e4 t<\/p>\n<p><strong>&#8230; innen und au\u00dfen<\/strong><\/p>\n<hr id=\"headline\" \/>\n<p>&nbsp;<\/p>\n<p><img loading=\"lazy\" decoding=\"async\" class=\"aligncenter size-full wp-image-330\" src=\"https:\/\/www.pixelway.de\/projekt-zimmerei\/wp-content\/uploads\/2018\/01\/Ho_07.jpg\" alt=\"\" width=\"500\" height=\"210\" srcset=\"https:\/\/www.pixelway.de\/projekt-zimmerei\/wp-content\/uploads\/2018\/01\/Ho_07.jpg 500w, https:\/\/www.pixelway.de\/projekt-zimmerei\/wp-content\/uploads\/2018\/01\/Ho_07-300x126.jpg 300w, https:\/\/www.pixelway.de\/projekt-zimmerei\/wp-content\/uploads\/2018\/01\/Ho_07-260x109.jpg 260w, https:\/\/www.pixelway.de\/projekt-zimmerei\/wp-content\/uploads\/2018\/01\/Ho_07-50x21.jpg 50w, https:\/\/www.pixelway.de\/projekt-zimmerei\/wp-content\/uploads\/2018\/01\/Ho_07-150x63.jpg 150w\" sizes=\"auto, (max-width:767px) 480px, 500px\" \/><\/p>\n<p>Neben der Erstellung von kompletten D\u00e4chern bei Neubauten ist der Dachdecker auf Jahre hinaus Ihr Partner \u2013 zum Beispiel f\u00fcr den nachtr\u00e4glichen Ausbau und die Modernisierung Ihres Dachgeschosses. In diesem Zusammenhang erstellt er Dachgauben, baut Wohnraumfenster ein, dichtet Dachterrassen und Balkone und f\u00fchrt alle Wartungs- und Reparaturarbeiten aus.<\/p>\n<p>&nbsp;<\/p>\n<p>Der Meisterbetrieb der Dachdecker-Innung hilft Ihnen, mit geringstm\u00f6glichem Aufwand neuen wertvollen Wohnraum zu gewinnen. Durch die Gestaltung Ihres Daches mit liebevollen Details au\u00dfen und innen erh\u00e4lt Ihr Schmuckst\u00fcck Ihre individuelle Note. So geh\u00f6ren nicht nur die Abdichtungen f\u00fcr Dachbegr\u00fcnungen, Dachterrassen und Loggien zum Leistungsspektrum Ihres Dachdeckers.<\/p>\n<p><img loading=\"lazy\" decoding=\"async\" class=\"aligncenter size-full wp-image-448\" src=\"https:\/\/www.pixelway.de\/projekt-zimmerei\/wp-content\/uploads\/2018\/01\/Ho_08-1.jpg\" alt=\"\" width=\"500\" height=\"210\" srcset=\"https:\/\/www.pixelway.de\/projekt-zimmerei\/wp-content\/uploads\/2018\/01\/Ho_08-1.jpg 500w, https:\/\/www.pixelway.de\/projekt-zimmerei\/wp-content\/uploads\/2018\/01\/Ho_08-1-300x126.jpg 300w, https:\/\/www.pixelway.de\/projekt-zimmerei\/wp-content\/uploads\/2018\/01\/Ho_08-1-260x109.jpg 260w, https:\/\/www.pixelway.de\/projekt-zimmerei\/wp-content\/uploads\/2018\/01\/Ho_08-1-50x21.jpg 50w, https:\/\/www.pixelway.de\/projekt-zimmerei\/wp-content\/uploads\/2018\/01\/Ho_08-1-150x63.jpg 150w\" sizes=\"auto, (max-width:767px) 480px, 500px\" \/><\/p>\n<p>&nbsp;<\/p>\n<p>Auch im Dachgeschossausbau ist er Ihr Partner \u2013 mit allen Vorteilen, die sich f\u00fcr Sie durch die Zusammenarbeit mit Ihrem einen Ansprechpartner und Koordinator ergeben.<\/p>\n<p>&nbsp;<\/p>\n<p>Bei allen Leistungen bietet Ihnen Ihr Dachdecker den Service des kompetenten Fachbetriebes von der Beratung \u00fcber die Ausf\u00fchrung bis hin zur Wartung.<\/p>\n<p>&nbsp;<\/p>\n<p>I h r D a c h d e c k e r<\/p>\n<p><strong>&#8230; mit Sicherheit Ihr Komplettleister f\u00fcr Dach und Wand<\/strong><\/p>\n<hr id=\"headline\" \/>\n<p>&nbsp;<\/p>\n<p><img loading=\"lazy\" decoding=\"async\" class=\"aligncenter size-full wp-image-332\" src=\"https:\/\/www.pixelway.de\/projekt-zimmerei\/wp-content\/uploads\/2018\/01\/Ho_09.jpg\" alt=\"\" width=\"500\" height=\"240\" srcset=\"https:\/\/www.pixelway.de\/projekt-zimmerei\/wp-content\/uploads\/2018\/01\/Ho_09.jpg 500w, https:\/\/www.pixelway.de\/projekt-zimmerei\/wp-content\/uploads\/2018\/01\/Ho_09-300x144.jpg 300w, https:\/\/www.pixelway.de\/projekt-zimmerei\/wp-content\/uploads\/2018\/01\/Ho_09-260x125.jpg 260w, https:\/\/www.pixelway.de\/projekt-zimmerei\/wp-content\/uploads\/2018\/01\/Ho_09-50x24.jpg 50w, https:\/\/www.pixelway.de\/projekt-zimmerei\/wp-content\/uploads\/2018\/01\/Ho_09-150x72.jpg 150w\" sizes=\"auto, (max-width:767px) 480px, 500px\" \/><\/p>\n<p>Als Meisterbetrieb der Dachdecker-Innung steht bei uns die Verantwortung f\u00fcr die \u00fcbernommene Arbeit ganz oben an. Sie k\u00f6nnen sich darauf verlassen, dass wir ganz genau hinsehen, bevor wir ans Werk gehen. Denn Dach und Fassade sind heute technisch komplexe Gebilde, in denen viele verschiedene Materialien und Techniken verbunden werden. Nur der Dachdeckermeister ist fit in allen Handwerks-Disziplinen rund um Dach und Fassade. Als Fachbetrieb f\u00fcr Dach-, Wand- und Abdichtungstechnik hat der Innungsdachdecker die Kompetenz, die Wechselwirkungen aller Geb\u00e4udeteile zu ber\u00fccksichtigen und Ihnen ein ma\u00dfgeschneidertes, zuverl\u00e4ssiges Gesamtkonzept anzubieten.<\/p>\n<p>&nbsp;<\/p>\n<p>Eine perfekte fachliche Ausf\u00fchrung ist immer die Grundlage f\u00fcr die dauerhafte Nutzung Ihres Geb\u00e4udes \u2013 und sorgt unterm Strich daf\u00fcr, dass sich Ihre Bauma\u00dfnahme langfristig rechnet.<\/p>\n<p>&nbsp;<\/p>\n<p>Der Dachdecker-Innungsbetrieb bietet umfassende Gew\u00e4hrleistung f\u00fcr die ausgef\u00fchrten Arbeiten. Damit erhalten Sie zus\u00e4tzliche Sicherheit f\u00fcr die einwandfreie Funktion des gesamten Dachaufbaus und den Werterhalt des gesamten Geb\u00e4udes.<\/p>\n<p>&nbsp;<\/p>\n<p>Wir stehen mit unserem Fachwissen und dem Engagement des Dachdecker-Innungsbetriebes gerne f\u00fcr individuelle Fragen zur Verf\u00fcgung. Denn eine sorgf\u00e4ltige und umfassende Beratung ist uns wichtig \u2013 f\u00fcr Ihre Zufriedenheit auf Jahre hinaus.<\/p>\n<p><img loading=\"lazy\" decoding=\"async\" class=\"aligncenter size-full wp-image-333\" src=\"https:\/\/www.pixelway.de\/projekt-zimmerei\/wp-content\/uploads\/2018\/01\/Ho_10.jpg\" alt=\"\" width=\"500\" height=\"199\" srcset=\"https:\/\/www.pixelway.de\/projekt-zimmerei\/wp-content\/uploads\/2018\/01\/Ho_10.jpg 500w, https:\/\/www.pixelway.de\/projekt-zimmerei\/wp-content\/uploads\/2018\/01\/Ho_10-300x119.jpg 300w, https:\/\/www.pixelway.de\/projekt-zimmerei\/wp-content\/uploads\/2018\/01\/Ho_10-260x103.jpg 260w, https:\/\/www.pixelway.de\/projekt-zimmerei\/wp-content\/uploads\/2018\/01\/Ho_10-50x20.jpg 50w, https:\/\/www.pixelway.de\/projekt-zimmerei\/wp-content\/uploads\/2018\/01\/Ho_10-150x60.jpg 150w\" sizes=\"auto, (max-width:767px) 480px, 500px\" \/><\/p>\n<p>Die Auftragsvergabe an einen Innungsbetrieb des Dachdeckerhandwerks ist dar\u00fcber hinaus ein guter Schutz vor unseri\u00f6sen Anbietern.<\/p>\n<p>&nbsp;<\/p>\n<p>Ihren Dachdecker-Innungsbetrieb erkennen Sie am Zeichen.<\/p>\n<\/div>\n","protected":false},"excerpt":{"rendered":"<p>E i n z u v e r l \u00e4 s s i g e s D a c h &#8211; wichtigster Teil des Geb\u00e4udes &nbsp;<span class=\"excerpt-hellip\"> [\u2026]<\/span><\/p>\n","protected":false},"author":1,"featured_media":0,"parent":0,"menu_order":0,"comment_status":"closed","ping_status":"closed","template":"","meta":{"ngg_post_thumbnail":0,"footnotes":""},"class_list":["post-254","page","type-page","status-publish","hentry"],"_links":{"self":[{"href":"https:\/\/www.pixelway.de\/projekt-zimmerei\/wp-json\/wp\/v2\/pages\/254","targetHints":{"allow":["GET"]}}],"collection":[{"href":"https:\/\/www.pixelway.de\/projekt-zimmerei\/wp-json\/wp\/v2\/pages"}],"about":[{"href":"https:\/\/www.pixelway.de\/projekt-zimmerei\/wp-json\/wp\/v2\/types\/page"}],"author":[{"embeddable":true,"href":"https:\/\/www.pixelway.de\/projekt-zimmerei\/wp-json\/wp\/v2\/users\/1"}],"replies":[{"embeddable":true,"href":"https:\/\/www.pixelway.de\/projekt-zimmerei\/wp-json\/wp\/v2\/comments?post=254"}],"version-history":[{"count":3,"href":"https:\/\/www.pixelway.de\/projekt-zimmerei\/wp-json\/wp\/v2\/pages\/254\/revisions"}],"predecessor-version":[{"id":449,"href":"https:\/\/www.pixelway.de\/projekt-zimmerei\/wp-json\/wp\/v2\/pages\/254\/revisions\/449"}],"wp:attachment":[{"href":"https:\/\/www.pixelway.de\/projekt-zimmerei\/wp-json\/wp\/v2\/media?parent=254"}],"curies":[{"name":"wp","href":"https:\/\/api.w.org\/{rel}","templated":true}]}}