{"id":252,"date":"2018-01-09T16:49:40","date_gmt":"2018-01-09T15:49:40","guid":{"rendered":"https:\/\/www.pixelway.de\/projekt-zimmerei\/?page_id=252"},"modified":"2018-01-16T19:10:39","modified_gmt":"2018-01-16T18:10:39","slug":"flachdach","status":"publish","type":"page","link":"https:\/\/www.pixelway.de\/projekt-zimmerei\/flachdach\/","title":{"rendered":"Flachdach"},"content":{"rendered":"<div class=\"block\">\n<p>D a s m o d e r n e F l a c h d a c h <strong>&#8230; viele Funktionen f\u00fcr Ihr Geb\u00e4ude<\/strong><\/p>\n<hr id=\"headline\" \/>\n<p>&nbsp;<\/p>\n<p><img loading=\"lazy\" decoding=\"async\" class=\"aligncenter size-full wp-image-423\" src=\"http:\/\/www.klein-zimmerei.de\/wp-content\/uploads\/2013\/02\/Fl_01.jpg\" alt=\"Fl_01\" width=\"500\" height=\"192\" \/><\/p>\n<p>Das moderne Flachdach ist ein vielf\u00e4ltig nutzbares architektonisches Element, das Ihnen viel mehr bietet als nur Witterungsschutz: Sicherheit f\u00fcr Ihr Eigentum, attraktive Gestaltungsm\u00f6glichkeiten, optimale Raumausnutzung sowie die Integration von wichtigen Funktionselementen f\u00fcr Beleuchtung und Bel\u00fcftung, W\u00e4rmed\u00e4mmung, Blitzschutz und Solartechnik.<\/p>\n<p>&nbsp;<\/p>\n<p>Auf Gewerbebauten, auf B\u00fcrogeb\u00e4uden und auf Hochh\u00e4usern hat sich das Flachdach daher schon lange seinen Platz erobert. Auch im Wohnungsbau hat es sich zu einer interessanten und beliebten Alternative entwickelt.<\/p>\n<p>&nbsp;<\/p>\n<p>Durch vielf\u00e4ltige Gestaltungs- und Nutzungsm\u00f6glichkeiten sind Flachd\u00e4cher nicht allein aufgrund ihrer Funktionalit\u00e4t gefragt, sondern in wachsendem Ma\u00dfe auch aus \u00e4sthetischen Anspr\u00fcchen an die Architektur. Individuelle und innovative Flachdachkonstruktionen machen Lagerhallen und Fu\u00dfballstadien zu anspruchsvollen und optisch reizvollen Bauwerken.<\/p>\n<p>&nbsp;<\/p>\n<p>Moderne Flachd\u00e4cher sind langlebig, pflegeleicht und sicher. Sie bieten so wichtige wirtschaftliche Vorteile.<\/p>\n<p>&nbsp;<\/p>\n<p>Flachd\u00e4cher sind auch umweltfreundlich und nutzen die nat\u00fcrlichen Ressourcen, zum Beispiel durch den Einsatz von Solarthermie oder Photovoltaik. Begr\u00fcnte Flachd\u00e4cher sch\u00fctzen die nat\u00fcrlichen Lebensgrundlagen und er\u00f6ffnen Ihnen vielf\u00e4ltige, auch aktive Nutzungsm\u00f6glichkeiten.<\/p>\n<p>&nbsp;<\/p>\n<p>Flachd\u00e4cher sind f\u00fcr jeden Bautyp geeignet. Ihr Dachdecker-Innungsbetrieb ist dabei Ihr kompetenter Berater \u2013 von der sorgf\u00e4ltigen Planung \u00fcber die fachgerechte Ausf\u00fchrung bis hin zur regelm\u00e4\u00dfigen Wartung Ihres Flachdachs.<\/p>\n<p><img loading=\"lazy\" decoding=\"async\" class=\"aligncenter size-full wp-image-315\" src=\"https:\/\/www.pixelway.de\/projekt-zimmerei\/wp-content\/uploads\/2018\/01\/Fl_02.jpg\" alt=\"\" width=\"500\" height=\"192\" srcset=\"https:\/\/www.pixelway.de\/projekt-zimmerei\/wp-content\/uploads\/2018\/01\/Fl_02.jpg 500w, https:\/\/www.pixelway.de\/projekt-zimmerei\/wp-content\/uploads\/2018\/01\/Fl_02-300x115.jpg 300w, https:\/\/www.pixelway.de\/projekt-zimmerei\/wp-content\/uploads\/2018\/01\/Fl_02-260x100.jpg 260w, https:\/\/www.pixelway.de\/projekt-zimmerei\/wp-content\/uploads\/2018\/01\/Fl_02-50x19.jpg 50w, https:\/\/www.pixelway.de\/projekt-zimmerei\/wp-content\/uploads\/2018\/01\/Fl_02-150x58.jpg 150w\" sizes=\"auto, (max-width:767px) 480px, 500px\" \/><\/p>\n<p>&nbsp;<\/p>\n<p>F l a c h d a c h i s t n i c h t g l e i c h F l a c h d a c h<\/p>\n<p><strong>&#8230; auf die Technik kommt es an<\/strong><\/p>\n<hr id=\"headline\" \/>\n<p>&nbsp;<\/p>\n<p>Der Oberbegriff Flachdach bezeichnet unterschiedliche Konstruktionsweisen und Materialien. Zur Abdichtung werden Bahnen auf Bitumen- oder Kunststoffbasis sowie Fl\u00fcssigabdichtungen verwendet.<\/p>\n<p>&nbsp;<\/p>\n<p><strong>Die Konstruktion bestimmt die Funktion<\/strong><\/p>\n<p>Beim bel\u00fcfteten Dach bleibt zwischen Dachdichtungstr\u00e4ger und W\u00e4rmed\u00e4mmschicht ein Luftraum zur Be- und Entl\u00fcftung. Beim nicht bel\u00fcfteten Dach liegt dagegen direkt \u00fcber der W\u00e4rmed\u00e4mmschicht eine witterungsbest\u00e4ndige Dachabdichtung. Diese Bauweise bewirkt z.B. eine unterschiedliche Belastungsf\u00e4higkeit.<\/p>\n<p><img loading=\"lazy\" decoding=\"async\" class=\"aligncenter size-full wp-image-316\" src=\"https:\/\/www.pixelway.de\/projekt-zimmerei\/wp-content\/uploads\/2018\/01\/Fl_03.jpg\" alt=\"\" width=\"500\" height=\"182\" srcset=\"https:\/\/www.pixelway.de\/projekt-zimmerei\/wp-content\/uploads\/2018\/01\/Fl_03.jpg 500w, https:\/\/www.pixelway.de\/projekt-zimmerei\/wp-content\/uploads\/2018\/01\/Fl_03-300x109.jpg 300w, https:\/\/www.pixelway.de\/projekt-zimmerei\/wp-content\/uploads\/2018\/01\/Fl_03-260x95.jpg 260w, https:\/\/www.pixelway.de\/projekt-zimmerei\/wp-content\/uploads\/2018\/01\/Fl_03-50x18.jpg 50w, https:\/\/www.pixelway.de\/projekt-zimmerei\/wp-content\/uploads\/2018\/01\/Fl_03-150x55.jpg 150w\" sizes=\"auto, (max-width:767px) 480px, 500px\" \/><\/p>\n<p>&nbsp;<\/p>\n<p><strong>Vielseitig in der Gestaltung<\/strong><\/p>\n<p>Beim klassischen Flachdach liegt die Abdichtung direkt unter einer Schutzschicht, die meist aus Kies oder W\u00e4rmed\u00e4mmplatten besteht. Das Dichtungsmaterial muss witterungsfest sein und zudem der Mikrobenbelastung standhalten.<\/p>\n<p>&nbsp;<\/p>\n<p>\u00dcber ihre eigentliche Funktion hinaus er\u00f6ffnen Flachd\u00e4cher auch neue gestalterische Perspektiven. Beim frei bewitterten Dach liegt die Abdichtung als oberste Schicht auf. Diese muss l\u00e4ngst nicht mehr zwangsl\u00e4ufig schwarz oder wei\u00df sein. Mit modernen farbigen Werkstoffen lassen sich auf einfache Weise wirkungsvolle Akzente setzen. Bei der Abdichtung ist vor allem Stabilit\u00e4t gegen mechanische und thermische Belastungen gefragt.<\/p>\n<p>&nbsp;<\/p>\n<p>Eine immer beliebtere Form der Flachdachgestaltung ist die Dachbegr\u00fcnung. Sie stellt besonders hohe Anspr\u00fcche an das Abdichtungsmaterial, das vor allem Robustheit und Wurzelfestigkeit erfordert.<\/p>\n<p>&nbsp;<\/p>\n<p>S i c h e r i s t s i c h e r<\/p>\n<p><strong>&#8230; Multifunktionsfl\u00e4che mit System<\/strong><\/p>\n<hr id=\"headline\" \/>\n<p>&nbsp;<\/p>\n<p><img loading=\"lazy\" decoding=\"async\" class=\"aligncenter size-full wp-image-317\" src=\"https:\/\/www.pixelway.de\/projekt-zimmerei\/wp-content\/uploads\/2018\/01\/Fl_04.jpg\" alt=\"\" width=\"500\" height=\"182\" srcset=\"https:\/\/www.pixelway.de\/projekt-zimmerei\/wp-content\/uploads\/2018\/01\/Fl_04.jpg 500w, https:\/\/www.pixelway.de\/projekt-zimmerei\/wp-content\/uploads\/2018\/01\/Fl_04-300x109.jpg 300w, https:\/\/www.pixelway.de\/projekt-zimmerei\/wp-content\/uploads\/2018\/01\/Fl_04-260x95.jpg 260w, https:\/\/www.pixelway.de\/projekt-zimmerei\/wp-content\/uploads\/2018\/01\/Fl_04-50x18.jpg 50w, https:\/\/www.pixelway.de\/projekt-zimmerei\/wp-content\/uploads\/2018\/01\/Fl_04-150x55.jpg 150w\" sizes=\"auto, (max-width:767px) 480px, 500px\" \/><\/p>\n<p>Das Dach ist das am meisten beanspruchte Bauteil Ihres Geb\u00e4udes. Durch Regen, Eis und Schnee ist gerade das Flachdach der Witterung ausgesetzt. Zu der mechanischen Belastung kommen Temperaturdifferenzen, UV-Einstrahlung und Windsog, die auf das Dach einwirken. Doch ein Flachdach ist, bei fachgerechtem Einbau und regelm\u00e4\u00dfiger Wartung, \u00fcber Jahrzehnte sicher und dicht.<\/p>\n<p>&nbsp;<\/p>\n<p>F\u00fcr die Langzeitsicherheit eines Flachdachs sorgen neben der fachgerechten Planung und Ausf\u00fchrung besonders die Wahl der optimalen Abdichtungen. Denn: Ein Flachdach kann immer nur so gut sein wie das verarbeitete Material.<\/p>\n<p>&nbsp;<\/p>\n<p>Durch die Hinterlegung von Materialgarantien vieler wichtiger Hersteller von Bedachungsmaterialien beim Zentralverband des Deutschen Dachdeckerhandwerks ist auch der Dachdecker-Innungsbetrieb im Bedarfsfall weitgehend abgesichert \u2013 das bedeutet mehr Sicherheit f\u00fcr Sie als Bauherrn.<\/p>\n<p>&nbsp;<\/p>\n<p><strong>Wartung und Sanierung<\/strong><\/p>\n<p>Wartungsvertr\u00e4ge mit Ihrem Dachdecker-Innungsbetrieb bieten Ihnen langj\u00e4hrige Sicherheit und helfen, die Lebenserwartung der Dachhaut weiter zu erh\u00f6hen.<\/p>\n<p>&nbsp;<\/p>\n<p>Besonders bei gro\u00dfen Fl\u00e4chen lohnt es sich, wenn ein Experte regelm\u00e4\u00dfige Kontrollen vornimmt. Fr\u00fch erkannt, k\u00f6nnen Sch\u00e4den durch Witterungseinfl\u00fcsse oder mechanische Beanspruchungen kosteng\u00fcnstig behoben oder sogar durch pr\u00e4ventive Ma\u00dfnahmen verhindert werden. Auch im Sanierungsfall bieten die Hersteller der Materialien und die Verlegebetriebe kosteng\u00fcnstige L\u00f6sungen an.<\/p>\n<p><img loading=\"lazy\" decoding=\"async\" class=\"aligncenter size-full wp-image-318\" src=\"https:\/\/www.pixelway.de\/projekt-zimmerei\/wp-content\/uploads\/2018\/01\/Fl_05.jpg\" alt=\"\" width=\"500\" height=\"282\" srcset=\"https:\/\/www.pixelway.de\/projekt-zimmerei\/wp-content\/uploads\/2018\/01\/Fl_05.jpg 500w, https:\/\/www.pixelway.de\/projekt-zimmerei\/wp-content\/uploads\/2018\/01\/Fl_05-300x169.jpg 300w, https:\/\/www.pixelway.de\/projekt-zimmerei\/wp-content\/uploads\/2018\/01\/Fl_05-260x146.jpg 260w, https:\/\/www.pixelway.de\/projekt-zimmerei\/wp-content\/uploads\/2018\/01\/Fl_05-50x28.jpg 50w, https:\/\/www.pixelway.de\/projekt-zimmerei\/wp-content\/uploads\/2018\/01\/Fl_05-133x75.jpg 133w\" sizes=\"auto, (max-width:767px) 480px, 500px\" \/><\/p>\n<p>&nbsp;<\/p>\n<p><strong>Im Einklang mit der Umwelt<\/strong><\/p>\n<p>Flachd\u00e4cher sind nicht nur aus \u00f6konomischer Sicht vorteilhaft, sondern auch aus \u00f6kologischen Gr\u00fcnden sinnvoll. Die Mitgliedsbetriebe der Dachdecker-Innung denken umweltorientiert und sch\u00fctzen die nat\u00fcrlichen Lebensgrundlagen wie Boden, Wasser und Luft, z.B. durch die Minimierung des Materialeinsatzes. Das Flachdach ist in dieser Hinsicht eine vorbildliche Bauweise.<\/p>\n<p>&nbsp;<\/p>\n<p>Auch bei der Wahl des Baumaterials werden hohe Ma\u00dfst\u00e4be angesetzt. Zu einem \u00f6kologischen Baustoff-Profil geh\u00f6rt das umweltfreundliche Verhalten \u00fcber die gesamte Lebensdauer. Von modernen Flachdachabdichtungen geht weder in der Produktion noch bei Einbau oder auch langj\u00e4hriger Verweildauer eine toxikologische Beeintr\u00e4chtigung der Umwelt aus. Sowohl der rezeptive Aufbau als auch Herstellung, Verarbeitung und Entsorgung entsprechen den Kriterien des Umwelt- und Gesundheitsschutzes.<\/p>\n<p>&nbsp;<\/p>\n<p>N e u e L e b e n s r \u00e4 u m e<\/p>\n<p><strong>&#8230; auf dem Dach<\/strong><\/p>\n<hr id=\"headline\" \/>\n<p>&nbsp;<\/p>\n<p><img loading=\"lazy\" decoding=\"async\" class=\"aligncenter size-full wp-image-319\" src=\"https:\/\/www.pixelway.de\/projekt-zimmerei\/wp-content\/uploads\/2018\/01\/Fl_06.jpg\" alt=\"\" width=\"500\" height=\"245\" srcset=\"https:\/\/www.pixelway.de\/projekt-zimmerei\/wp-content\/uploads\/2018\/01\/Fl_06.jpg 500w, https:\/\/www.pixelway.de\/projekt-zimmerei\/wp-content\/uploads\/2018\/01\/Fl_06-300x147.jpg 300w, https:\/\/www.pixelway.de\/projekt-zimmerei\/wp-content\/uploads\/2018\/01\/Fl_06-260x127.jpg 260w, https:\/\/www.pixelway.de\/projekt-zimmerei\/wp-content\/uploads\/2018\/01\/Fl_06-50x25.jpg 50w, https:\/\/www.pixelway.de\/projekt-zimmerei\/wp-content\/uploads\/2018\/01\/Fl_06-150x75.jpg 150w\" sizes=\"auto, (max-width:767px) 480px, 500px\" \/><\/p>\n<p>Ein zus\u00e4tzlicher Reiz des Flachdachs besteht in den vielf\u00e4ltigen M\u00f6glichkeiten, die gewonnene Dachfl\u00e4che nutzen zu k\u00f6nnen. Durch fachgerechte Aufbauten k\u00f6nnen Dachfl\u00e4chen zu Dachterrassen, Verkehrswegen oder zu Gr\u00fcnanlagen umfunktioniert werden.<\/p>\n<p>&nbsp;<\/p>\n<p>Ob die Gr\u00fcnfl\u00e4che auf dem Garagendach oder die gro\u00dffl\u00e4chige Tiefgaragenabdichtung, die Nutzung von Dachfl\u00e4chen schafft neue Lebensr\u00e4ume, deren kreativer Gestaltung keine Grenzen gesetzt sind. Dachnutzung zahlt sich aus. Durch die Steigerung des Nutz-, Wohn- und Freizeitwertes steigt der Wert Ihrer Immobilie und damit der Mietzins. Die Mitgliedsbetriebe der Dachdecker-Innung sind Ihre kompetenten Ansprechpartner in allen Fragen zur wirtschaftlichen Dachfl\u00e4chennutzung.<\/p>\n<p>&nbsp;<\/p>\n<p><strong>Dachbegr\u00fcnung \u2013 eine gute Entscheidung<\/strong><\/p>\n<p>Im modernen St\u00e4dtebau sind begr\u00fcnte D\u00e4cher markante Blickpunkte, die positive Aufmerksamkeit und Sympathien auf sich ziehen. So schaffen Sie Lebensqualit\u00e4t und geben der Stadt ein St\u00fcck Natur zur\u00fcck. \u00dcbrigens: F\u00fcr ein Dachbegr\u00fcnungsprojekt k\u00f6nnen Sie oftmals \u00f6ffentliche F\u00f6rderprogramme in Anspruch nehmen.<\/p>\n<p>&nbsp;<\/p>\n<p>Begr\u00fcnte Dachfl\u00e4chen sind nicht nur wirtschaftlich interessant und ein Imagefaktor, sondern \u00f6kologisch sinnvolle L\u00f6sungen, denn sie<\/p>\n<p>&nbsp;<\/p>\n<p>verbessern das Kleinklima inner- und au\u00dferhalb von Geb\u00e4uden,<br \/>\nerh\u00f6hen den Schutz gegen Schall sowie Emissionen und Immissionen,<br \/>\nsparen Energie und reduzieren die Regenabwasserkosten,<br \/>\nverl\u00e4ngern die Lebensdauer Ihrer Dachabdichtungen.<\/p>\n<p>&nbsp;<\/p>\n<p>Bei der Dachbegr\u00fcnung wird zwischen extensiver und intensiver Begr\u00fcnung unterschieden. Extensive Begr\u00fcnung bezeichnet die Bepflanzung mit pflegeleichten Pflanzen und Gew\u00e4chsen. Unter intensiver Begr\u00fcnung hingegen versteht man die Bepflanzung mit anspruchsvollem, pflegeintensivem Bewuchs.<\/p>\n<p><img loading=\"lazy\" decoding=\"async\" class=\"aligncenter size-full wp-image-320\" src=\"https:\/\/www.pixelway.de\/projekt-zimmerei\/wp-content\/uploads\/2018\/01\/Fl_07.jpg\" alt=\"\" width=\"500\" height=\"245\" srcset=\"https:\/\/www.pixelway.de\/projekt-zimmerei\/wp-content\/uploads\/2018\/01\/Fl_07.jpg 500w, https:\/\/www.pixelway.de\/projekt-zimmerei\/wp-content\/uploads\/2018\/01\/Fl_07-300x147.jpg 300w, https:\/\/www.pixelway.de\/projekt-zimmerei\/wp-content\/uploads\/2018\/01\/Fl_07-260x127.jpg 260w, https:\/\/www.pixelway.de\/projekt-zimmerei\/wp-content\/uploads\/2018\/01\/Fl_07-50x25.jpg 50w, https:\/\/www.pixelway.de\/projekt-zimmerei\/wp-content\/uploads\/2018\/01\/Fl_07-150x75.jpg 150w\" sizes=\"auto, (max-width:767px) 480px, 500px\" \/><\/p>\n<p>&nbsp;<\/p>\n<p>Unter den Mitgliedsbetrieben der Dachdecker-Innung finden Sie Spezialisten, die Sie bei der Realisierung Ihres Begr\u00fcnungsprojektes unterst\u00fctzen. Au\u00dferdem besteht die M\u00f6glichkeit einer Kooperation zwischen Dachdecker-Mitgliedsbetrieb und Landschaftsg\u00e4rtnern. Sprechen Sie Ihren Dachdecker an.<\/p>\n<p>&nbsp;<\/p>\n<p>D e r D a c h d e c k e r<\/p>\n<p><strong> &#8230; Ihr kompetenter Flachdach-Experte<\/strong><\/p>\n<hr id=\"headline\" \/>\n<p>&nbsp;<\/p>\n<p><img loading=\"lazy\" decoding=\"async\" class=\"aligncenter size-full wp-image-321\" src=\"https:\/\/www.pixelway.de\/projekt-zimmerei\/wp-content\/uploads\/2018\/01\/Fl_08.jpg\" alt=\"\" width=\"500\" height=\"245\" srcset=\"https:\/\/www.pixelway.de\/projekt-zimmerei\/wp-content\/uploads\/2018\/01\/Fl_08.jpg 500w, https:\/\/www.pixelway.de\/projekt-zimmerei\/wp-content\/uploads\/2018\/01\/Fl_08-300x147.jpg 300w, https:\/\/www.pixelway.de\/projekt-zimmerei\/wp-content\/uploads\/2018\/01\/Fl_08-260x127.jpg 260w, https:\/\/www.pixelway.de\/projekt-zimmerei\/wp-content\/uploads\/2018\/01\/Fl_08-50x25.jpg 50w, https:\/\/www.pixelway.de\/projekt-zimmerei\/wp-content\/uploads\/2018\/01\/Fl_08-150x75.jpg 150w\" sizes=\"auto, (max-width:767px) 480px, 500px\" \/><\/p>\n<p>Der Dachdecker-Innungsbetrieb bietet Ihnen eine individuelle Komplettl\u00f6sung f\u00fcr Ihr Flachdach. Diese reicht von der Beratung und Planung des gesamten Konzepts bis zur langj\u00e4hrigen, zuverl\u00e4ssigen Wartung und Pflege.<\/p>\n<p>&nbsp;<\/p>\n<p>Bei der Ausf\u00fchrung eines Flachdachs kommt es nicht nur auf die Dichtigkeit in der Fl\u00e4che an, sondern vor allem auf die Qualit\u00e4t der An- und Abschl\u00fcsse. Der erfahrene Innungs-Dachdeckerbetrieb plant fachgerecht das notwendige Gef\u00e4lle und die darauf abgestimmten Abfl\u00fcsse so ein, dass Regenwasser direkt abflie\u00dft und sich nicht an den falschen Stellen sammeln kann.<\/p>\n<p>&nbsp;<\/p>\n<p>Durch vern\u00fcnftige W\u00e4rmed\u00e4mmung k\u00f6nnen Sie Energiekosten f\u00fcr Heizung und K\u00fchlung sparen \u2013 gerade bei gro\u00dfen Fl\u00e4chen ein Kostenfaktor. Der Innungs-Dachdeckerbetrieb ber\u00fccksichtigt die nach der Energieeinsparverordung vorgeschriebenen Ma\u00dfnahmen und setzt sie sinnvoll und fachgerecht um.<\/p>\n<p><img loading=\"lazy\" decoding=\"async\" class=\"aligncenter size-full wp-image-322\" src=\"https:\/\/www.pixelway.de\/projekt-zimmerei\/wp-content\/uploads\/2018\/01\/Fl_09.jpg\" alt=\"\" width=\"500\" height=\"245\" srcset=\"https:\/\/www.pixelway.de\/projekt-zimmerei\/wp-content\/uploads\/2018\/01\/Fl_09.jpg 500w, https:\/\/www.pixelway.de\/projekt-zimmerei\/wp-content\/uploads\/2018\/01\/Fl_09-300x147.jpg 300w, https:\/\/www.pixelway.de\/projekt-zimmerei\/wp-content\/uploads\/2018\/01\/Fl_09-260x127.jpg 260w, https:\/\/www.pixelway.de\/projekt-zimmerei\/wp-content\/uploads\/2018\/01\/Fl_09-50x25.jpg 50w, https:\/\/www.pixelway.de\/projekt-zimmerei\/wp-content\/uploads\/2018\/01\/Fl_09-150x75.jpg 150w\" sizes=\"auto, (max-width:767px) 480px, 500px\" \/><\/p>\n<p>&nbsp;<\/p>\n<p>Daher ist die Auftragsvergabe an einen Dachdecker-Innungsbetrieb die f\u00fcr Sie langfristig sichere und \u00f6konomische L\u00f6sung. Hier k\u00f6nnen Sie sich auf eine erfahrene Crew verlassen, die durch richtige W\u00e4rmed\u00e4mmung, Licht und Bel\u00fcftung f\u00fcr das Wohlbefinden der Menschen und den Schutz Ihrer Werte \u2013 wie z.B. Lagergut oder Betriebsausstattung \u2013 sorgt.<\/p>\n<p>&nbsp;<\/p>\n<p>Der Dachdecker-Innungsbetrieb besitzt die umfassendste Fachkompetenz, um alle am Dach anfallenden Arbeiten selbst auszuf\u00fchren. Dies gew\u00e4hrt Ihnen die z\u00fcgige Abwicklung Ihres Bauvorhabens und gew\u00e4hrleistet h\u00f6chste Ausf\u00fchrungsqualit\u00e4t in allen Details Ihres Projekts.<\/p>\n<p><img loading=\"lazy\" decoding=\"async\" class=\"aligncenter size-full wp-image-323\" src=\"https:\/\/www.pixelway.de\/projekt-zimmerei\/wp-content\/uploads\/2018\/01\/Fl_10.jpg\" alt=\"\" width=\"500\" height=\"245\" srcset=\"https:\/\/www.pixelway.de\/projekt-zimmerei\/wp-content\/uploads\/2018\/01\/Fl_10.jpg 500w, https:\/\/www.pixelway.de\/projekt-zimmerei\/wp-content\/uploads\/2018\/01\/Fl_10-300x147.jpg 300w, https:\/\/www.pixelway.de\/projekt-zimmerei\/wp-content\/uploads\/2018\/01\/Fl_10-260x127.jpg 260w, https:\/\/www.pixelway.de\/projekt-zimmerei\/wp-content\/uploads\/2018\/01\/Fl_10-50x25.jpg 50w, https:\/\/www.pixelway.de\/projekt-zimmerei\/wp-content\/uploads\/2018\/01\/Fl_10-150x75.jpg 150w\" sizes=\"auto, (max-width:767px) 480px, 500px\" \/><\/p>\n<p>&nbsp;<\/p>\n<p>F\u00fcr Sie ist Ihr Dachdeckermeister der Ansprechpartner und Koordinator bei der Umsetzung Ihrer W\u00fcnsche und Vorstellungen. So k\u00f6nnen Sie auch zuk\u00fcnftige Erweiterungsoptionen direkt mit einplanen, wie z.B. die Dachbegr\u00fcnung, den nachtr\u00e4glichen Einbau von Belichtungselementen oder die Erweiterung durch Aufbauten.<\/p>\n<p>&nbsp;<\/p>\n<p>Die Auftragsvergabe an einen Innungsbetrieb des Dachdeckerhandwerks ist dar\u00fcber hinaus ein guter Schutz vor unseri\u00f6sen Anbietern. Ihren Dachdecker-Innungsbetrieb erkennen Sie an diesem Zeichen.<\/p>\n<\/div>\n","protected":false},"excerpt":{"rendered":"<p>D a s m o d e r n e F l a c h d a c h &#8230; viele Funktionen f\u00fcr Ihr Geb\u00e4ude &nbsp;<span class=\"excerpt-hellip\"> [\u2026]<\/span><\/p>\n","protected":false},"author":1,"featured_media":0,"parent":0,"menu_order":0,"comment_status":"closed","ping_status":"closed","template":"","meta":{"ngg_post_thumbnail":0,"footnotes":""},"class_list":["post-252","page","type-page","status-publish","hentry"],"_links":{"self":[{"href":"https:\/\/www.pixelway.de\/projekt-zimmerei\/wp-json\/wp\/v2\/pages\/252","targetHints":{"allow":["GET"]}}],"collection":[{"href":"https:\/\/www.pixelway.de\/projekt-zimmerei\/wp-json\/wp\/v2\/pages"}],"about":[{"href":"https:\/\/www.pixelway.de\/projekt-zimmerei\/wp-json\/wp\/v2\/types\/page"}],"author":[{"embeddable":true,"href":"https:\/\/www.pixelway.de\/projekt-zimmerei\/wp-json\/wp\/v2\/users\/1"}],"replies":[{"embeddable":true,"href":"https:\/\/www.pixelway.de\/projekt-zimmerei\/wp-json\/wp\/v2\/comments?post=252"}],"version-history":[{"count":3,"href":"https:\/\/www.pixelway.de\/projekt-zimmerei\/wp-json\/wp\/v2\/pages\/252\/revisions"}],"predecessor-version":[{"id":446,"href":"https:\/\/www.pixelway.de\/projekt-zimmerei\/wp-json\/wp\/v2\/pages\/252\/revisions\/446"}],"wp:attachment":[{"href":"https:\/\/www.pixelway.de\/projekt-zimmerei\/wp-json\/wp\/v2\/media?parent=252"}],"curies":[{"name":"wp","href":"https:\/\/api.w.org\/{rel}","templated":true}]}}