{"id":250,"date":"2018-01-09T16:49:16","date_gmt":"2018-01-09T15:49:16","guid":{"rendered":"https:\/\/www.pixelway.de\/projekt-zimmerei\/?page_id=250"},"modified":"2018-01-16T19:01:03","modified_gmt":"2018-01-16T18:01:03","slug":"fassaden","status":"publish","type":"page","link":"https:\/\/www.pixelway.de\/projekt-zimmerei\/fassaden\/","title":{"rendered":"Fassaden"},"content":{"rendered":"<div class=\"block\">\n<p>A u \u00df e n w a n d m i t I n n e n l e b e n <strong>&#8230; prima Klima unter doppelter Schale<\/strong><\/p>\n<hr id=\"headline\" \/>\n<p>&nbsp;<\/p>\n<p><img loading=\"lazy\" decoding=\"async\" class=\"aligncenter size-full wp-image-307\" src=\"https:\/\/www.pixelway.de\/projekt-zimmerei\/wp-content\/uploads\/2018\/01\/fa_01.jpg\" alt=\"\" width=\"500\" height=\"167\" srcset=\"https:\/\/www.pixelway.de\/projekt-zimmerei\/wp-content\/uploads\/2018\/01\/fa_01.jpg 500w, https:\/\/www.pixelway.de\/projekt-zimmerei\/wp-content\/uploads\/2018\/01\/fa_01-300x100.jpg 300w, https:\/\/www.pixelway.de\/projekt-zimmerei\/wp-content\/uploads\/2018\/01\/fa_01-260x87.jpg 260w, https:\/\/www.pixelway.de\/projekt-zimmerei\/wp-content\/uploads\/2018\/01\/fa_01-50x17.jpg 50w, https:\/\/www.pixelway.de\/projekt-zimmerei\/wp-content\/uploads\/2018\/01\/fa_01-150x50.jpg 150w\" sizes=\"auto, (max-width:767px) 480px, 500px\" \/><\/p>\n<p>Wussten Sie, dass in Deutschland bei privaten Haushalten bis zu 80% der Energiekosten Heizkosten sind? Eine bessere W\u00e4rmed\u00e4mmung kann diese Bilanz entscheidend verbessern. Von den Innungs-Betrieben des Dachdeckerhandwerks erwarten Sie zu Recht eine dauerhafte, wirkungsvolle L\u00f6sung.<\/p>\n<p>Wir stellen Ihnen hier die w\u00e4rmeged\u00e4mmte, hinterl\u00fcftete Au\u00dfenwandbekleidung vor.<\/p>\n<p>&nbsp;<\/p>\n<p><strong>1.<\/strong> Die Au\u00dfenwand wird durch die Schichtenfolge der Bekleidung wie durch eine zus\u00e4tzliche Schale gesch\u00fctzt. Dieser Wetterschutz ist die sichere Grundlage f\u00fcr Werterhalt und Wertsteigerung der Bausubstanz.<\/p>\n<p>&nbsp;<\/p>\n<p><strong>2.<\/strong> Die zus\u00e4tzlich eingebrachte W\u00e4rmed\u00e4mmschicht spart Heizkosten als wirksamer Klimaschutz und gibt ein wohliges Raumgef\u00fchl. Weniger Heizenergie bedeutet auch weniger Emissionen und vermindert dadurch die Umweltbelastung.<\/p>\n<p><img loading=\"lazy\" decoding=\"async\" class=\"aligncenter size-full wp-image-308\" src=\"https:\/\/www.pixelway.de\/projekt-zimmerei\/wp-content\/uploads\/2018\/01\/fa_02.jpg\" alt=\"\" width=\"500\" height=\"255\" srcset=\"https:\/\/www.pixelway.de\/projekt-zimmerei\/wp-content\/uploads\/2018\/01\/fa_02.jpg 500w, https:\/\/www.pixelway.de\/projekt-zimmerei\/wp-content\/uploads\/2018\/01\/fa_02-300x153.jpg 300w, https:\/\/www.pixelway.de\/projekt-zimmerei\/wp-content\/uploads\/2018\/01\/fa_02-260x133.jpg 260w, https:\/\/www.pixelway.de\/projekt-zimmerei\/wp-content\/uploads\/2018\/01\/fa_02-50x26.jpg 50w, https:\/\/www.pixelway.de\/projekt-zimmerei\/wp-content\/uploads\/2018\/01\/fa_02-147x75.jpg 147w\" sizes=\"auto, (max-width:767px) 480px, 500px\" \/><\/p>\n<p><strong>3.<\/strong> Im Sommer schenkt Ihnen die Wohlf\u00fchlfassade mit einer angenehmen Raumtemperatur mehr Lebensqualit\u00e4t, da W\u00e4rmestrahlung und Hitze ferngehalten werden.<\/p>\n<p>&nbsp;<\/p>\n<p><strong>4.<\/strong> Der Mitgliedsbetrieb der Dachdeckerinnung gestaltet mit der Au\u00dfenwandbekleidung Ihr Geb\u00e4ude nach Ihren pers\u00f6nlichen Vorstellungen und bietet eine \u00f6kologische L\u00f6sung im besten Sinne.<\/p>\n<p>&nbsp;<\/p>\n<p>Unsere Zahlen belegen: Die Fassade ist der am meisten von Sch\u00e4den betroffene Teil des Hauses. Das macht den hohen Nutzen des zus\u00e4tzlichen Schutzes der hinterl\u00fcfteten Au\u00dfenwandbekleidung besonders deutlich.<\/p>\n<p><img loading=\"lazy\" decoding=\"async\" class=\"aligncenter size-full wp-image-309\" src=\"https:\/\/www.pixelway.de\/projekt-zimmerei\/wp-content\/uploads\/2018\/01\/fa_03.jpg\" alt=\"\" width=\"500\" height=\"184\" srcset=\"https:\/\/www.pixelway.de\/projekt-zimmerei\/wp-content\/uploads\/2018\/01\/fa_03.jpg 500w, https:\/\/www.pixelway.de\/projekt-zimmerei\/wp-content\/uploads\/2018\/01\/fa_03-300x110.jpg 300w, https:\/\/www.pixelway.de\/projekt-zimmerei\/wp-content\/uploads\/2018\/01\/fa_03-260x96.jpg 260w, https:\/\/www.pixelway.de\/projekt-zimmerei\/wp-content\/uploads\/2018\/01\/fa_03-50x18.jpg 50w, https:\/\/www.pixelway.de\/projekt-zimmerei\/wp-content\/uploads\/2018\/01\/fa_03-150x55.jpg 150w\" sizes=\"auto, (max-width:767px) 480px, 500px\" \/><\/p>\n<p><strong>Bester Wetterschutz<\/strong><\/p>\n<p>Mit der w\u00e4rmeged\u00e4mmten, hinterl\u00fcfteten Au\u00dfenwandbekleidung verf\u00fcgt Ihr Geb\u00e4ude \u00fcber ein hochwirksames, zweistufiges Schutzsystem gegen Wind und Wetter, Hitze und K\u00e4lte.<\/p>\n<p>&nbsp;<\/p>\n<p><strong>Sichere Bel\u00fcftung<\/strong><\/p>\n<p>Die Au\u00dfenwand mu\u00df \u00bbatmen\u00ab k\u00f6nnen. Das System der hinterl\u00fcfteten Schale ist diffusionsoffen. Anfallender Wasserdampf entweicht, so da\u00df Ihr Geb\u00e4ude immer trocken bleibt.<\/p>\n<p>&nbsp;<\/p>\n<p><strong>Ansprechende Gestaltung<\/strong><\/p>\n<p>Als Fachbetrieb bieten wir Ihnen f\u00fcr die Fassadenbekleidung eine gro\u00dfe Auswahl an Materialien, Formaten, Farben und Verlegemustern. Schenken Sie Ihrem Haus ein attraktives Gesicht und sich selbst das gute Gef\u00fchl ganz besonderer Geborgenheit.<\/p>\n<p>&nbsp;<\/p>\n<p>D a s r e c h n e t s i c h<\/p>\n<p><strong>&#8230; auch unterm Strich<\/strong><\/p>\n<hr id=\"headline\" \/>\n<p>&nbsp;<\/p>\n<p><img loading=\"lazy\" decoding=\"async\" class=\"aligncenter size-full wp-image-310\" src=\"https:\/\/www.pixelway.de\/projekt-zimmerei\/wp-content\/uploads\/2018\/01\/fa_04.jpg\" alt=\"\" width=\"500\" height=\"192\" srcset=\"https:\/\/www.pixelway.de\/projekt-zimmerei\/wp-content\/uploads\/2018\/01\/fa_04.jpg 500w, https:\/\/www.pixelway.de\/projekt-zimmerei\/wp-content\/uploads\/2018\/01\/fa_04-300x115.jpg 300w, https:\/\/www.pixelway.de\/projekt-zimmerei\/wp-content\/uploads\/2018\/01\/fa_04-260x100.jpg 260w, https:\/\/www.pixelway.de\/projekt-zimmerei\/wp-content\/uploads\/2018\/01\/fa_04-50x19.jpg 50w, https:\/\/www.pixelway.de\/projekt-zimmerei\/wp-content\/uploads\/2018\/01\/fa_04-150x58.jpg 150w\" sizes=\"auto, (max-width:767px) 480px, 500px\" \/><\/p>\n<p>W\u00e4rmeged\u00e4mmte, hinterl\u00fcftete Aussenwandbe-kleidungen sind wirtschaftlich. Die erforderlichen Kosten sind durch die eingesparten Energiekosten bald wieder refinanziert.<\/p>\n<p>&nbsp;<\/p>\n<p><strong>Heizkosten sparen<\/strong><\/p>\n<p>Das gr\u00f6\u00dfte Einspar-Potential im Haus liegt bei Fenstern, Dach und Au\u00dfenw\u00e4nden. Beim Einbau einer zus\u00e4tzlichen W\u00e4rmed\u00e4mmung kann die W\u00e4rmeleitf\u00e4higkeit auf einen Bruchteil gesenkt werden. Sie sparen also deutlich \u2013 und das auf Dauer, Tag f\u00fcr Tag.<\/p>\n<p>&nbsp;<\/p>\n<p><strong>Sanierungskosten sparen<\/strong><\/p>\n<p>Schadhafte Au\u00dfenw\u00e4nde m\u00fcssen meist nicht saniert werden, wenn Sie sich f\u00fcr die hinterl\u00fcftete Au\u00dfenwandbekleidung entscheiden. Dahinter kann ins Mauerwerk eingedrungene Feuchtigkeit problemlos austrocknen. Und Sie haben keinen Termindruck: Die Verlegung erfolgt we\u00edtgehend unabh\u00e4ngig von der Jahreszeit.<\/p>\n<p>&nbsp;<\/p>\n<p><strong>Renovierungskosten sparen<\/strong><\/p>\n<p>Mit hochwertigen Fassadenprodukten sorgen wir f\u00fcr eine sichere Au\u00dfenwandbekleidung auf Jahre hinaus. F\u00fcr die dauerhafte Einhaltung dieser Qualit\u00e4t b\u00fcrgt auch der Werkstoffproduzent mit einer Garantiehinterlegung beim Zentralverband des deutschen Dachdeckerhandwerks.<\/p>\n<p>&nbsp;<\/p>\n<p>D i e s e D \u00e4 m m u n g<\/p>\n<p><strong>&#8230; dient der Umwelt<\/strong><\/p>\n<hr id=\"headline\" \/>\n<p>&nbsp;<\/p>\n<p><img loading=\"lazy\" decoding=\"async\" class=\"aligncenter size-full wp-image-311\" src=\"https:\/\/www.pixelway.de\/projekt-zimmerei\/wp-content\/uploads\/2018\/01\/fa_05.jpg\" alt=\"\" width=\"500\" height=\"192\" srcset=\"https:\/\/www.pixelway.de\/projekt-zimmerei\/wp-content\/uploads\/2018\/01\/fa_05.jpg 500w, https:\/\/www.pixelway.de\/projekt-zimmerei\/wp-content\/uploads\/2018\/01\/fa_05-300x115.jpg 300w, https:\/\/www.pixelway.de\/projekt-zimmerei\/wp-content\/uploads\/2018\/01\/fa_05-260x100.jpg 260w, https:\/\/www.pixelway.de\/projekt-zimmerei\/wp-content\/uploads\/2018\/01\/fa_05-50x19.jpg 50w, https:\/\/www.pixelway.de\/projekt-zimmerei\/wp-content\/uploads\/2018\/01\/fa_05-150x58.jpg 150w\" sizes=\"auto, (max-width:767px) 480px, 500px\" \/><\/p>\n<p><strong>W\u00e4rmeverluste vermindern<\/strong><\/p>\n<p>Nach Sch\u00e4tzung der Klima-Enquete-Kommission des Bundestags k\u00f6nnte der Energieverbrauch in Wohngeb\u00e4uden bei rundum optimaler W\u00e4rmed\u00e4mmung um 70 bis 90% gesenkt werden.<\/p>\n<p>&nbsp;<\/p>\n<p><strong>Energie einsparen<\/strong><\/p>\n<p>Seit 1995 gilt eine neue W\u00e4rmeschutzverordnung (WSVO). Sie hat das Ziel, den Energieverbrauch bei Geb\u00e4uden um 25 bis 30% zu drosseln. Ihr Dachdecker-Innungsbetrieb ber\u00e4t Sie gerne \u00fcber die M\u00f6glichkeiten an Dach und Au\u00dfenwand.<\/p>\n<p>&nbsp;<\/p>\n<p><strong>Treibhauseffekt verringern<\/strong><\/p>\n<p>Mit der Erw\u00e4rmung der Atmosph\u00e4re hat sich das Klima auf der Erde ver\u00e4ndert. 1994 lagen die weltweiten Temperaturen in der Atmosph\u00e4re h\u00f6her als im Durchschnitt der letzten 30 Jahre.<\/p>\n<p>&nbsp;<\/p>\n<p>Zielsetzung der W\u00e4rmeschutzverordnung (WSVO) ist an erster Stelle die Einsparung von Energie und damit verbunden die Senkung des CO2-Aussto\u00dfes. Der Energieverbrauch ist in der Tendenz weiter steigend, was nicht zuletzt auf die geringen Energiepreise zur\u00fcckzuf\u00fchren ist.<\/p>\n<p>&nbsp;<\/p>\n<p>\u00bb(&#8230;) Neben dem individuellen Engagement eines jeden B\u00fcrgers f\u00fcr den Umweltschutz wird es nur \u00fcber drastisches Umdenken in gesellschaftspolitischer Hinsicht gelingen, eine lebenswerte Umwelt f\u00fcr zuk\u00fcnftige Generationen zu erhalten.\u00ab<\/p>\n<p>&nbsp;<\/p>\n<p>I h r D a c h d e c k e r<\/p>\n<p><strong>&#8230; Kompetenz im Umweltschutz<\/strong><\/p>\n<hr id=\"headline\" \/>\n<p>&nbsp;<\/p>\n<p><img loading=\"lazy\" decoding=\"async\" class=\"aligncenter size-full wp-image-312\" src=\"https:\/\/www.pixelway.de\/projekt-zimmerei\/wp-content\/uploads\/2018\/01\/fa_06.jpg\" alt=\"\" width=\"500\" height=\"182\" srcset=\"https:\/\/www.pixelway.de\/projekt-zimmerei\/wp-content\/uploads\/2018\/01\/fa_06.jpg 500w, https:\/\/www.pixelway.de\/projekt-zimmerei\/wp-content\/uploads\/2018\/01\/fa_06-300x109.jpg 300w, https:\/\/www.pixelway.de\/projekt-zimmerei\/wp-content\/uploads\/2018\/01\/fa_06-260x95.jpg 260w, https:\/\/www.pixelway.de\/projekt-zimmerei\/wp-content\/uploads\/2018\/01\/fa_06-50x18.jpg 50w, https:\/\/www.pixelway.de\/projekt-zimmerei\/wp-content\/uploads\/2018\/01\/fa_06-150x55.jpg 150w\" sizes=\"auto, (max-width:767px) 480px, 500px\" \/><\/p>\n<p>Als Dachdecker-Innungsbetrieb steht bei uns die Verantwortung f\u00fcr die \u00fcbernommene Arbeit ganz oben an.<\/p>\n<p>&nbsp;<\/p>\n<p>Sie k\u00f6nnen sich darauf verlassen, da\u00df wir ganz genau hinsehen, bevor wir ans Werk gehen. Erst nach genauer Analyse werden wir Ihnen die erforderlichen Ma\u00dfnahmen empfehlen.<\/p>\n<p>&nbsp;<\/p>\n<p>In dieser Schrift haben wir Ihnen ein Sanierungskonzept mit w\u00e4rmeged\u00e4mmter, hinterl\u00fcfteter Au\u00dfenwandbekleidung beschrieben. Es ber\u00fccksichtigt das sch\u00f6ne Aussehen und die Gestaltungsvielfalt der Fassade. Durch die handwerkliche Verarbeitungskompetenz und die hohe Materialqualit\u00e4t erreichen Sie eine optimale Energieeinsparung nach dem neuesten Stand der Technik und eine Wertsteigerung des Geb\u00e4udes.<\/p>\n<p>&nbsp;<\/p>\n<p>Die fachgerechte Ausf\u00fchrung ist Grundlage f\u00fcr die Wirtschaftlichkeit Ihrer Bauma\u00dfnahme, die vor allem auch von einer dauerhaften Nutzung abh\u00e4ngt.<\/p>\n<p>&nbsp;<\/p>\n<p>Wir stehen Ihnen mit unserem Fachwissen und dem Engagement des erfahrenen Dachdecker\u2013 Innungsbetriebes gern f\u00fcr Ihre individuellen Fragen zur Verf\u00fcgung. Bitte sprechen Sie mit uns. Denn nichts ist uns so wichtig wie Ihre Zufriedenheit auf Jahre hinaus.<\/p>\n<p>&nbsp;<\/p>\n<p>Achten Sie auf dieses Zeichen Ihres Dachdecker-Innungsbetriebes.<img loading=\"lazy\" decoding=\"async\" class=\"aligncenter size-full wp-image-313\" src=\"https:\/\/www.pixelway.de\/projekt-zimmerei\/wp-content\/uploads\/2018\/01\/logo-klein.gif\" alt=\"\" width=\"150\" height=\"106\" \/><\/p>\n<\/div>\n","protected":false},"excerpt":{"rendered":"<p>A u \u00df e n w a n d m i t I n n e n l e b e n &#8230; prima Klima unter<span class=\"excerpt-hellip\"> [\u2026]<\/span><\/p>\n","protected":false},"author":1,"featured_media":0,"parent":0,"menu_order":0,"comment_status":"closed","ping_status":"closed","template":"","meta":{"ngg_post_thumbnail":0,"footnotes":""},"class_list":["post-250","page","type-page","status-publish","hentry"],"_links":{"self":[{"href":"https:\/\/www.pixelway.de\/projekt-zimmerei\/wp-json\/wp\/v2\/pages\/250","targetHints":{"allow":["GET"]}}],"collection":[{"href":"https:\/\/www.pixelway.de\/projekt-zimmerei\/wp-json\/wp\/v2\/pages"}],"about":[{"href":"https:\/\/www.pixelway.de\/projekt-zimmerei\/wp-json\/wp\/v2\/types\/page"}],"author":[{"embeddable":true,"href":"https:\/\/www.pixelway.de\/projekt-zimmerei\/wp-json\/wp\/v2\/users\/1"}],"replies":[{"embeddable":true,"href":"https:\/\/www.pixelway.de\/projekt-zimmerei\/wp-json\/wp\/v2\/comments?post=250"}],"version-history":[{"count":2,"href":"https:\/\/www.pixelway.de\/projekt-zimmerei\/wp-json\/wp\/v2\/pages\/250\/revisions"}],"predecessor-version":[{"id":443,"href":"https:\/\/www.pixelway.de\/projekt-zimmerei\/wp-json\/wp\/v2\/pages\/250\/revisions\/443"}],"wp:attachment":[{"href":"https:\/\/www.pixelway.de\/projekt-zimmerei\/wp-json\/wp\/v2\/media?parent=250"}],"curies":[{"name":"wp","href":"https:\/\/api.w.org\/{rel}","templated":true}]}}