{"id":246,"date":"2018-01-09T16:48:18","date_gmt":"2018-01-09T15:48:18","guid":{"rendered":"https:\/\/www.pixelway.de\/projekt-zimmerei\/?page_id=246"},"modified":"2018-01-16T18:41:28","modified_gmt":"2018-01-16T17:41:28","slug":"bauwerksabdichtung","status":"publish","type":"page","link":"https:\/\/www.pixelway.de\/projekt-zimmerei\/bauwerksabdichtung\/","title":{"rendered":"Bauwerksabdichtung"},"content":{"rendered":"<div class=\"block\">\n<p>D a s m o d e r n e a b g e d i c h t e t e D a c h &#8211; <strong>ein Dach mit vielen Nutzen<\/strong><\/p>\n<hr id=\"headline\" \/>\n<p>&nbsp;<\/p>\n<p><img loading=\"lazy\" decoding=\"async\" class=\"aligncenter size-full wp-image-421\" src=\"https:\/\/www.pixelway.de\/projekt-zimmerei\/wp-content\/uploads\/2018\/01\/Ba_01.jpg\" alt=\"\" width=\"530\" height=\"198\" srcset=\"https:\/\/www.pixelway.de\/projekt-zimmerei\/wp-content\/uploads\/2018\/01\/Ba_01.jpg 530w, https:\/\/www.pixelway.de\/projekt-zimmerei\/wp-content\/uploads\/2018\/01\/Ba_01-300x112.jpg 300w, https:\/\/www.pixelway.de\/projekt-zimmerei\/wp-content\/uploads\/2018\/01\/Ba_01-260x97.jpg 260w, https:\/\/www.pixelway.de\/projekt-zimmerei\/wp-content\/uploads\/2018\/01\/Ba_01-50x19.jpg 50w, https:\/\/www.pixelway.de\/projekt-zimmerei\/wp-content\/uploads\/2018\/01\/Ba_01-150x56.jpg 150w\" sizes=\"auto, (max-width:767px) 480px, 530px\" \/><\/p>\n<p>Geb\u00e4ude mit flachen und flach geneigten D\u00e4chern z\u00e4hlen zu den \u00e4ltesten Bauformen menschlichen Schaffens. In der Antike waren sie ebenso gebr\u00e4uchlich wie in zeitgen\u00f6ssischen Architekturkonzepten: Zu jeder Zeit war man sich der vielf\u00e4ltigen Vorteile des flachen Daches bewusst.<\/p>\n<p>&nbsp;<\/p>\n<p>Flachd\u00e4cher sind echte Nutzd\u00e4cher. Mit einem abgedichteten Flachdach steht im obersten Geschoss der volle Raum zur Verf\u00fcgung. Zus\u00e4tzlicher Nutzen bietet sich auf dem Dach, zum Beispiel als Dachgarten.<\/p>\n<p>&nbsp;<\/p>\n<p>Die Geschichte lehrt uns, dass schon im 6. Jh. v. Chr. der sagenumwobene Palast der K\u00f6nigin Semiramis wegen seiner bl\u00fchenden Dachg\u00e4rten bewundert wurde. Heute z\u00e4hlt er, wegen seines einzigartigen Konzeptes, die W\u00fcste in einen paradiesischen Garten zu verwandeln, zu den sieben Weltwundern.<\/p>\n<p>&nbsp;<\/p>\n<p>Seit damals hat sich viel getan. Eine Dachbegr\u00fcnung bleibt nicht l\u00e4nger den Pal\u00e4sten vorbehalten: jedes zehnte Dach mit Abdichtung wird in unseren Tagen begr\u00fcnt, die Tendenz ist steigend. Zus\u00e4tzliche Gr\u00fcnfl\u00e4chen in luftiger H\u00f6he sind vor allem in Ballungsgebieten eine Alternative zu teuren Grundst\u00fccken.<\/p>\n<p><img loading=\"lazy\" decoding=\"async\" class=\"aligncenter size-full wp-image-422\" src=\"https:\/\/www.pixelway.de\/projekt-zimmerei\/wp-content\/uploads\/2018\/01\/Ba_02.jpg\" alt=\"\" width=\"500\" height=\"166\" srcset=\"https:\/\/www.pixelway.de\/projekt-zimmerei\/wp-content\/uploads\/2018\/01\/Ba_02.jpg 500w, https:\/\/www.pixelway.de\/projekt-zimmerei\/wp-content\/uploads\/2018\/01\/Ba_02-300x100.jpg 300w, https:\/\/www.pixelway.de\/projekt-zimmerei\/wp-content\/uploads\/2018\/01\/Ba_02-260x86.jpg 260w, https:\/\/www.pixelway.de\/projekt-zimmerei\/wp-content\/uploads\/2018\/01\/Ba_02-50x17.jpg 50w, https:\/\/www.pixelway.de\/projekt-zimmerei\/wp-content\/uploads\/2018\/01\/Ba_02-150x50.jpg 150w\" sizes=\"auto, (max-width:767px) 480px, 500px\" \/><\/p>\n<p>&nbsp;<\/p>\n<p>Ob als Spielplatz, Kr\u00e4uter- oder Saunagarten genutzt \u2013 begr\u00fcnte Flachd\u00e4cher bieten Erholung und bringen ein St\u00fcck Natur zur\u00fcck. Da keine Fl\u00e4che versiegelt wird, greift der Mensch mit der Bauma\u00dfnahme in die \u00f6kologischen Zusammenh\u00e4nge nur so gering wie m\u00f6glich ein.<\/p>\n<p>&nbsp;<\/p>\n<p>Unter dem Aspekt des Energiesparens sind D\u00e4cher mit Abdichtungen heute auch vielfach erste Wahl. Denn je g\u00fcnstiger das Verh\u00e4ltnis von Au\u00dfenfl\u00e4che und umbautem Raum, umso geringer ist der Aufwand an Heizenergie und an D\u00e4mmmaterial. Kompakte Bauformen unterst\u00fctzen die notwendigen Ma\u00dfnahmen zur Energieeinsparung, deshalb setzen aktuelle Architekturkonzepte wie Niedrigenergie- und Passivh\u00e4user auf das flache, abgedichtete Dach.<\/p>\n<p>&nbsp;<\/p>\n<p>D \u00e4 c h e r m i t A b d i c h t u n g e n<\/p>\n<p><strong>&#8230; auf die Konstruktion kommt es an<\/strong><\/p>\n<hr id=\"headline\" \/>\n<p>&nbsp;<\/p>\n<p><img loading=\"lazy\" decoding=\"async\" class=\"aligncenter size-full wp-image-423\" src=\"https:\/\/www.pixelway.de\/projekt-zimmerei\/wp-content\/uploads\/2018\/01\/Ba_03.jpg\" alt=\"\" width=\"500\" height=\"204\" srcset=\"https:\/\/www.pixelway.de\/projekt-zimmerei\/wp-content\/uploads\/2018\/01\/Ba_03.jpg 500w, https:\/\/www.pixelway.de\/projekt-zimmerei\/wp-content\/uploads\/2018\/01\/Ba_03-300x122.jpg 300w, https:\/\/www.pixelway.de\/projekt-zimmerei\/wp-content\/uploads\/2018\/01\/Ba_03-260x106.jpg 260w, https:\/\/www.pixelway.de\/projekt-zimmerei\/wp-content\/uploads\/2018\/01\/Ba_03-50x20.jpg 50w, https:\/\/www.pixelway.de\/projekt-zimmerei\/wp-content\/uploads\/2018\/01\/Ba_03-150x61.jpg 150w\" sizes=\"auto, (max-width:767px) 480px, 500px\" \/><\/p>\n<p>D\u00e4cher mit Abdichtungen k\u00f6nnen mit einer Vielzahl von Dachformen ausgef\u00fchrt werden. Die bekannteste Form ist sicherlich das flache Dach, aber auch Tonnend\u00e4cher und alle anderen Varianten von gebogenen oder geneigten D\u00e4chern lassen sich zuverl\u00e4ssig mit Abdichtungen realisieren.<\/p>\n<p>&nbsp;<\/p>\n<p><strong>Nutzenorientierte Konstruktionen<\/strong><\/p>\n<p>Der Aufbau solcher abgedichteten Dachfl\u00e4chen kann dabei je nach Zweck auf unterschiedliche Weise erfolgen. Allen gemeinsam ist jedoch die fl\u00e4chige, fugenlose und wasserdichte Abdichtung.<\/p>\n<p>&nbsp;<\/p>\n<p>Je nach Lage der Abdichtung und der W\u00e4rmed\u00e4mmung werden grunds\u00e4tzlich die bel\u00fcftete und die nicht-bel\u00fcftete Konstruktion unterschieden. Beim bel\u00fcfteten Dach bleibt zwischen Abdichtungstr\u00e4ger und W\u00e4rmed\u00e4mmung ein Luftraum zur Be- und Entl\u00fcftung. Beim nichtbel\u00fcfteten Dach liegt die Abdichtung direkt auf der D\u00e4mmschicht und diese direkt auf der Tragkonstruktion. Die verschiedenen Bauweisen haben zum Beispiel eine unterschiedliche Belastbarkeit zur Folge, was f\u00fcr eine sp\u00e4tere Nutzung ausschlaggebend sein kann.<\/p>\n<p>&nbsp;<\/p>\n<p><strong>Vielseitige Gestaltungsm\u00f6glichkeiten<\/strong><\/p>\n<p>Der Einsatz einer wasserdichten Dachhaut bietet eine Vielzahl von Gestaltungsvarianten. Bleibt sie als frei bewitterte Abdichtung sichtbar, bietet sie die M\u00f6glichkeit der farbigen Gestaltung durch die Verwendung von modernen farbigen Werkstoffen. Der Gestalter kann auf diese einfache und dauerhafte Weise wirkungsvolle Akzente setzen.<\/p>\n<p><img loading=\"lazy\" decoding=\"async\" class=\"aligncenter size-full wp-image-424\" src=\"https:\/\/www.pixelway.de\/projekt-zimmerei\/wp-content\/uploads\/2018\/01\/Ba_04.jpg\" alt=\"\" width=\"500\" height=\"182\" srcset=\"https:\/\/www.pixelway.de\/projekt-zimmerei\/wp-content\/uploads\/2018\/01\/Ba_04.jpg 500w, https:\/\/www.pixelway.de\/projekt-zimmerei\/wp-content\/uploads\/2018\/01\/Ba_04-300x109.jpg 300w, https:\/\/www.pixelway.de\/projekt-zimmerei\/wp-content\/uploads\/2018\/01\/Ba_04-260x95.jpg 260w, https:\/\/www.pixelway.de\/projekt-zimmerei\/wp-content\/uploads\/2018\/01\/Ba_04-50x18.jpg 50w, https:\/\/www.pixelway.de\/projekt-zimmerei\/wp-content\/uploads\/2018\/01\/Ba_04-150x55.jpg 150w\" sizes=\"auto, (max-width:767px) 480px, 500px\" \/><\/p>\n<p>&nbsp;<\/p>\n<p>Erh\u00e4lt die Abdichtung eine Auflage, kann dies grobk\u00f6rniger Kies sein, ein Belag aus Betonplatten oder eine Begr\u00fcnung. Besonders reizvoll ist die Kombination der verschiedenen Materialien. Hier entscheiden letztlich Ihre W\u00fcnsche und Ihr Geschmack, welche Variante gew\u00e4hlt wird.<\/p>\n<p>&nbsp;<\/p>\n<p>Allen Varianten gemeinsam ist, dass hochwertige moderne Abdichtungen die Basis bilden. Diese trotzen allen Witterungseinfl\u00fcssen, garantieren eine lange Lebensdauer und erfordern nur einen geringen Wartungsaufwand.<\/p>\n<p>&nbsp;<\/p>\n<p>Ihr Dachdeckerfachbetrieb ber\u00e4t Sie gerne umfassend und verlegt die Materialien nach den Regeln der Technik und den einschl\u00e4gigen Richtlinien. Er bietet Ihnen auch eine regelm\u00e4\u00dfige Inspektion an, die f\u00fcr die hohe Lebenserwartung Ihres Daches wichtig ist.<\/p>\n<p>&nbsp;<\/p>\n<p>D a s b e g r \u00fc n t e D a c h<\/p>\n<p><strong>&#8230; Lebensqualit\u00e4t f\u00fcr Mensch und Tier<\/strong><\/p>\n<hr id=\"headline\" \/>\n<p>&nbsp;<\/p>\n<p><img loading=\"lazy\" decoding=\"async\" class=\"aligncenter size-full wp-image-426\" src=\"https:\/\/www.pixelway.de\/projekt-zimmerei\/wp-content\/uploads\/2018\/01\/Ba_05.jpg\" alt=\"\" width=\"500\" height=\"168\" srcset=\"https:\/\/www.pixelway.de\/projekt-zimmerei\/wp-content\/uploads\/2018\/01\/Ba_05.jpg 500w, https:\/\/www.pixelway.de\/projekt-zimmerei\/wp-content\/uploads\/2018\/01\/Ba_05-300x101.jpg 300w, https:\/\/www.pixelway.de\/projekt-zimmerei\/wp-content\/uploads\/2018\/01\/Ba_05-260x87.jpg 260w, https:\/\/www.pixelway.de\/projekt-zimmerei\/wp-content\/uploads\/2018\/01\/Ba_05-50x17.jpg 50w, https:\/\/www.pixelway.de\/projekt-zimmerei\/wp-content\/uploads\/2018\/01\/Ba_05-150x50.jpg 150w\" sizes=\"auto, (max-width:767px) 480px, 500px\" \/><\/p>\n<p>Der vielf\u00e4ltige Nutzen flacher D\u00e4cher kommt besonders im begr\u00fcnten Dach zum Ausdruck. Die zus\u00e4tzliche Gr\u00fcnfl\u00e4che in luftiger H\u00f6he erfreut viele Stadtbewohner und bereichert manche Dachlandschaft durch den Blick auf nat\u00fcrliche, bunte Farben.<\/p>\n<p>&nbsp;<\/p>\n<p>Bei Dachbegr\u00fcnungen unterscheidet man extensive und intensive Begr\u00fcnungen, die unterschiedliche Aufbauten der Funktionsschichten aufweisen und unterschiedliche statische Anforderungen stellen. Eins haben sie jedoch gemeinsam: die wurzelfeste Abdichtung unter der Bepflanzung.<\/p>\n<p>&nbsp;<\/p>\n<p><strong>Extensive Dachbegr\u00fcnung<\/strong><\/p>\n<p>F\u00fcr die extensive Dachbegr\u00fcnung werden oberhalb der Abdichtung d\u00fcnne Schichten Pflanzsubstrat auf das Dach gebracht. Begr\u00fcnt wird mit widerstandsf\u00e4higen Sedumpflanzen und verschiedenen Gr\u00e4sern, die im jahreszeitlichen Wechsel immer neue Farben bieten und f\u00fcr kleine Lebewesen ein willkommener Lebensraum sind.<\/p>\n<p>&nbsp;<\/p>\n<p>Die extensive Begr\u00fcnung hat den Vorzug, dass sie nur ein geringes Zusatzgewicht aufs Dach bringt. Die Belastung entspricht in etwa dem Gewicht der sonst als Auflast und UV-Schutz \u00fcblichen Kiesschicht. Deshalb eignet sich die extensive Begr\u00fcnung zum Beispiel hervorragend auch f\u00fcr Sanierungen vorhandener Dachfl\u00e4chen, wie zum Beispiel auf Garagen. Extensiv-Begr\u00fcnungen sind zudem kosteng\u00fcnstig herzustellen und pflegeleicht.<\/p>\n<p>&nbsp;<\/p>\n<p><strong>Intensive Begr\u00fcnungen<\/strong><\/p>\n<p>Intensive Begr\u00fcnungen unterscheiden sich \u2013 zumindest was den sichtbaren Teil betrifft \u2013 kaum von den \u00fcblichen Gartenbepflanzungen. Vom Teich bis hin zu kleinen B\u00e4umen ist auf einem Intensiv-Gr\u00fcndach alles m\u00f6glich. Das Dach muss f\u00fcr diese \u2013 vor allem nach einem Regen \u2013 schweren Lasten entsprechend konstruiert sein.<\/p>\n<p><img loading=\"lazy\" decoding=\"async\" class=\"aligncenter size-full wp-image-427\" src=\"https:\/\/www.pixelway.de\/projekt-zimmerei\/wp-content\/uploads\/2018\/01\/Ba_06.jpg\" alt=\"\" width=\"500\" height=\"170\" srcset=\"https:\/\/www.pixelway.de\/projekt-zimmerei\/wp-content\/uploads\/2018\/01\/Ba_06.jpg 500w, https:\/\/www.pixelway.de\/projekt-zimmerei\/wp-content\/uploads\/2018\/01\/Ba_06-300x102.jpg 300w, https:\/\/www.pixelway.de\/projekt-zimmerei\/wp-content\/uploads\/2018\/01\/Ba_06-260x88.jpg 260w, https:\/\/www.pixelway.de\/projekt-zimmerei\/wp-content\/uploads\/2018\/01\/Ba_06-50x17.jpg 50w, https:\/\/www.pixelway.de\/projekt-zimmerei\/wp-content\/uploads\/2018\/01\/Ba_06-150x51.jpg 150w\" sizes=\"auto, (max-width:767px) 480px, 500px\" \/><\/p>\n<p>&nbsp;<\/p>\n<p>Die anspruchsvolle Gestaltung mit bl\u00fchenden Pflanzen und vielen m\u00f6glichen individuellen Details erschlie\u00dft einen wundersch\u00f6nen Lebensraum f\u00fcr die sonnigen Tage. Daher ist auch intensivere Pflege notwendig \u2013 weniger am Dach als an der Bepflanzung \u2013 eben wie in einem richtigen Garten.<\/p>\n<p>&nbsp;<\/p>\n<p>Beiden Begr\u00fcnungsarten gemeinsam ist der \u00f6kologische Wert. Sie binden den Staub und unterst\u00fctzen den nat\u00fcrlichen Niederschlag-Verdunstungs-Kreislauf. Das Regenwasser wird zur\u00fcckgehalten, kann teilweise verdunsten oder mit Verz\u00f6gerung abflie\u00dfen; das reduziert die Regenabwasserkosten. Begr\u00fcnungen erh\u00f6hen zudem sowohl den Schall- als auch den W\u00e4rmeschutz und helfen damit ihrem Besitzer Energie zu sparen.<\/p>\n<p>D a s f l a c h e D a c h<\/p>\n<p><strong>&#8230; Ihr Platz an der Sonne<\/strong><\/p>\n<hr id=\"headline\" \/>\n<p>&nbsp;<\/p>\n<p><img loading=\"lazy\" decoding=\"async\" class=\"aligncenter size-full wp-image-428\" src=\"https:\/\/www.pixelway.de\/projekt-zimmerei\/wp-content\/uploads\/2018\/01\/Ba_07.jpg\" alt=\"\" width=\"500\" height=\"188\" srcset=\"https:\/\/www.pixelway.de\/projekt-zimmerei\/wp-content\/uploads\/2018\/01\/Ba_07.jpg 500w, https:\/\/www.pixelway.de\/projekt-zimmerei\/wp-content\/uploads\/2018\/01\/Ba_07-300x113.jpg 300w, https:\/\/www.pixelway.de\/projekt-zimmerei\/wp-content\/uploads\/2018\/01\/Ba_07-260x98.jpg 260w, https:\/\/www.pixelway.de\/projekt-zimmerei\/wp-content\/uploads\/2018\/01\/Ba_07-50x19.jpg 50w, https:\/\/www.pixelway.de\/projekt-zimmerei\/wp-content\/uploads\/2018\/01\/Ba_07-150x56.jpg 150w\" sizes=\"auto, (max-width:767px) 480px, 500px\" \/><\/p>\n<p>Dachgarten und Dachterrasse, Spielecke, Sonnenplatz oder Saunaparadies sind nur einige Beispiele, wie man die Sonne auf dem Dach individuell genie\u00dfen kann. Dar\u00fcber hinaus bietet das Flachdach zus\u00e4tzliche M\u00f6glichkeiten und Nutzen an.<\/p>\n<p>&nbsp;<\/p>\n<p>Moderne Geb\u00e4udekonzepte setzen verst\u00e4rkt auf die Sonne als Energiequelle. Die Warmwasserbereitung mit Sonnenkollektoren und die Stromgewinnung durch Photovoltaikanlagen werden oftmals finanziell gef\u00f6rdert und sind f\u00fcr den \u00f6kologisch orientierten Bauherrn unverzichtbar. Sie bieten eine Steigerung der Lebensqualit\u00e4t und ein St\u00fcck Unabh\u00e4ngigkeit in Zeiten steigender Rohstoffpreise.<\/p>\n<p>&nbsp;<\/p>\n<p>Das Flachdach bietet viel Platz f\u00fcr die Sonnenenergienutzung. Solarelemente k\u00f6nnen mittels St\u00e4nderwerk problemlos so zur Sonne hin ausgerichtet werden, dass sie einen optimalen Ertrag bringen. Die Montage sowie eventuell notwendige Wartungsarbeiten sind problemlos durchf\u00fchrbar. Dabei spielt es keine Rolle, ob Sie sich f\u00fcr eine Solaranlage auf einem Neubau oder f\u00fcr eine nachtr\u00e4gliche Ausstattung Ihres Geb\u00e4udes entscheiden.<\/p>\n<p>&nbsp;<\/p>\n<p>Wenn Sie Teile Ihres Flachdaches nicht begehen m\u00f6chten, k\u00f6nnen Sie sich auch f\u00fcr eine Abdichtung entscheiden, in die eine Photovoltaikanlage voll integriert ist. Mit dieser Neuentwicklung erreichen Sie zwei Vorteile in einem Arbeitsgang: das Dach wird abgedichtet und gleichzeitig die Sonne f\u00fcr die Stromgewinnung angezapft.<\/p>\n<p>&nbsp;<\/p>\n<p>Wenn es um gestalterisch ansprechende, wirtschaftliche und gleichzeitig technisch ausgereifte L\u00f6sungen rund um die Sonnennutzung geht, ist ein Flachdach eine gute Voraussetzung. Bei der Umsetzung Ihrer Pl\u00e4ne und der Wahl der geeigneten Produkte finden Sie in Ihrem Dachdeckerfachbetrieb den richtigen Partner f\u00fcr die kompetente Beratung und Ausf\u00fchrung.<\/p>\n<p>I h r D a c h d e c k e r &#8211; I n n u n g s b e t r i e b<\/p>\n<p><strong>&#8230; mit Sicherheit die richtige Wahl<\/strong><\/p>\n<hr id=\"headline\" \/>\n<p>&nbsp;<\/p>\n<p><img loading=\"lazy\" decoding=\"async\" class=\"aligncenter size-full wp-image-429\" src=\"https:\/\/www.pixelway.de\/projekt-zimmerei\/wp-content\/uploads\/2018\/01\/Ba_08.jpg\" alt=\"\" width=\"500\" height=\"173\" srcset=\"https:\/\/www.pixelway.de\/projekt-zimmerei\/wp-content\/uploads\/2018\/01\/Ba_08.jpg 500w, https:\/\/www.pixelway.de\/projekt-zimmerei\/wp-content\/uploads\/2018\/01\/Ba_08-300x104.jpg 300w, https:\/\/www.pixelway.de\/projekt-zimmerei\/wp-content\/uploads\/2018\/01\/Ba_08-260x90.jpg 260w, https:\/\/www.pixelway.de\/projekt-zimmerei\/wp-content\/uploads\/2018\/01\/Ba_08-50x17.jpg 50w, https:\/\/www.pixelway.de\/projekt-zimmerei\/wp-content\/uploads\/2018\/01\/Ba_08-150x52.jpg 150w\" sizes=\"auto, (max-width:767px) 480px, 500px\" \/><\/p>\n<p>Wenn Sie sich f\u00fcr uns als einen Mitgliedsbetrieb der Dachdecker-Innung entscheiden, k\u00f6nnen Sie sich darauf verlassen, dass wir ganz genau hinsehen, bevor wir Ihnen eine L\u00f6sung vorschlagen. Als Dachdecker-Innungsbetrieb steht bei uns die Verantwortung f\u00fcr die Projektierung und Ausf\u00fchrung Ihres Vorhabens ganz obenan.<\/p>\n<p>&nbsp;<\/p>\n<p>Als Fachbetrieb f\u00fcr Dach-, Wand- und Abdichtungstechnik sind wir von jeher die qualifizierten Ansprechpartner f\u00fcr alle Ma\u00dfnahmen, die mit Dichtigkeit an Bauwerken zu tun haben.<\/p>\n<p>&nbsp;<\/p>\n<p>Als Mitgliedsbetrieb der Berufsorganisation des Dachdeckerhandwerks haben wir die Kompetenz, die vorhandenen Funktionsschichten sowie die angrenzenden Geb\u00e4udeteile zu beurteilen und Ihnen somit zuverl\u00e4ssige Gesamtkonzepte anzubieten. Dabei denken wir nicht nur an die reine Funktionalit\u00e4t, sondern auch an Energiesparkonzepte nach der Energie-Einspar-Verordnung. D\u00e4cher mit Abdichtungen bergen ein hohes Potential an M\u00f6glichkeiten der Zusatznutzung, sei es Belichtung von darunter liegenden R\u00e4umen oder die Nutzung als Dachgarten. Wir bieten Ihnen eine Verarbeitungsqualit\u00e4t, die zuverl\u00e4ssige Funktion auf Jahre hinaus erm\u00f6glicht. Diese umfassenden M\u00f6glichkeiten er\u00f6ffnen auch bei Altbauten ganz neue Perspektiven und schaffen ein angenehmes Wohngef\u00fchl.<\/p>\n<p><img loading=\"lazy\" decoding=\"async\" class=\"aligncenter size-full wp-image-430\" src=\"https:\/\/www.pixelway.de\/projekt-zimmerei\/wp-content\/uploads\/2018\/01\/Ba_09.jpg\" alt=\"\" width=\"500\" height=\"198\" srcset=\"https:\/\/www.pixelway.de\/projekt-zimmerei\/wp-content\/uploads\/2018\/01\/Ba_09.jpg 500w, https:\/\/www.pixelway.de\/projekt-zimmerei\/wp-content\/uploads\/2018\/01\/Ba_09-300x119.jpg 300w, https:\/\/www.pixelway.de\/projekt-zimmerei\/wp-content\/uploads\/2018\/01\/Ba_09-260x103.jpg 260w, https:\/\/www.pixelway.de\/projekt-zimmerei\/wp-content\/uploads\/2018\/01\/Ba_09-50x20.jpg 50w, https:\/\/www.pixelway.de\/projekt-zimmerei\/wp-content\/uploads\/2018\/01\/Ba_09-150x59.jpg 150w\" sizes=\"auto, (max-width:767px) 480px, 500px\" \/><\/p>\n<p>&nbsp;<\/p>\n<p>Unsere fachgerechte Ausf\u00fchrung ist immer die Grundlage f\u00fcr die Wirtschaftlichkeit Ihrer Bauma\u00dfnahme und sichert Ihnen eine langfristige Nutzung. Der Dachdecker-Innungsbetrieb bietet zudem umfassende Gew\u00e4hrleistung f\u00fcr die ausgef\u00fchrten Arbeiten. Damit erhalten Sie zus\u00e4tzliche Sicherheit f\u00fcr die Wirksamkeit der Konzepte und die einwandfreie Funktion aller Ma\u00dfnahmen. Nur so kann der Werterhalt des ganzen Geb\u00e4udes gesichert werden.<\/p>\n<p>&nbsp;<\/p>\n<p>Die Vorteile des Komplettservice unseres Dachdecker-Innungsbetriebes sind f\u00fcr Sie eine unkomplizierte Abwicklung der Bauma\u00dfnahme, Zeitersparnis, die \u00dcberwachung Ihres Energiesparkonzeptes und die hohe Terminsicherheit. Gerade in Verbindung mit zus\u00e4tzlichen Ma\u00dfnahmen, wie z.B. dem Dachausbau in bewohnten Geb\u00e4uden, ist dies besonders wichtig.<\/p>\n<p>&nbsp;<\/p>\n<p>Die Abwicklung ganz aus unserer Hand bedeutet weiterhin eine optimale Abstimmung aller T\u00e4tigkeiten und f\u00fchrt somit zur Kostensenkung. Wir stehen mit unserem Fachwissen und dem Engagement des Dachdecker-Innungsbetriebes gerne f\u00fcr individuelle Fragen zur Verf\u00fcgung, denn eine sorgf\u00e4ltige und umfassende Beratung ist uns wichtig.<\/p>\n<p><img loading=\"lazy\" decoding=\"async\" class=\"aligncenter size-full wp-image-431\" src=\"https:\/\/www.pixelway.de\/projekt-zimmerei\/wp-content\/uploads\/2018\/01\/Ba_10.jpg\" alt=\"\" width=\"500\" height=\"192\" srcset=\"https:\/\/www.pixelway.de\/projekt-zimmerei\/wp-content\/uploads\/2018\/01\/Ba_10.jpg 500w, https:\/\/www.pixelway.de\/projekt-zimmerei\/wp-content\/uploads\/2018\/01\/Ba_10-300x115.jpg 300w, https:\/\/www.pixelway.de\/projekt-zimmerei\/wp-content\/uploads\/2018\/01\/Ba_10-260x100.jpg 260w, https:\/\/www.pixelway.de\/projekt-zimmerei\/wp-content\/uploads\/2018\/01\/Ba_10-50x19.jpg 50w, https:\/\/www.pixelway.de\/projekt-zimmerei\/wp-content\/uploads\/2018\/01\/Ba_10-150x58.jpg 150w\" sizes=\"auto, (max-width:767px) 480px, 500px\" \/><\/p>\n<p>&nbsp;<\/p>\n<p>Die Auftragsvergabe an einen Mitgliedsbetrieb der Berufsorganisation des Dachdeckerhandwerks ist dar\u00fcber hinaus ein guter Schutz vor unseri\u00f6sen Anbietern. Dachdecker-Innungsbetriebe erkennen Sie am Zeichen.<\/p>\n<\/div>\n","protected":false},"excerpt":{"rendered":"<p>D a s m o d e r n e a b g e d i c h t e t e D a c h<span class=\"excerpt-hellip\"> [\u2026]<\/span><\/p>\n","protected":false},"author":1,"featured_media":0,"parent":0,"menu_order":0,"comment_status":"closed","ping_status":"closed","template":"","meta":{"ngg_post_thumbnail":0,"footnotes":""},"class_list":["post-246","page","type-page","status-publish","hentry"],"_links":{"self":[{"href":"https:\/\/www.pixelway.de\/projekt-zimmerei\/wp-json\/wp\/v2\/pages\/246","targetHints":{"allow":["GET"]}}],"collection":[{"href":"https:\/\/www.pixelway.de\/projekt-zimmerei\/wp-json\/wp\/v2\/pages"}],"about":[{"href":"https:\/\/www.pixelway.de\/projekt-zimmerei\/wp-json\/wp\/v2\/types\/page"}],"author":[{"embeddable":true,"href":"https:\/\/www.pixelway.de\/projekt-zimmerei\/wp-json\/wp\/v2\/users\/1"}],"replies":[{"embeddable":true,"href":"https:\/\/www.pixelway.de\/projekt-zimmerei\/wp-json\/wp\/v2\/comments?post=246"}],"version-history":[{"count":3,"href":"https:\/\/www.pixelway.de\/projekt-zimmerei\/wp-json\/wp\/v2\/pages\/246\/revisions"}],"predecessor-version":[{"id":432,"href":"https:\/\/www.pixelway.de\/projekt-zimmerei\/wp-json\/wp\/v2\/pages\/246\/revisions\/432"}],"wp:attachment":[{"href":"https:\/\/www.pixelway.de\/projekt-zimmerei\/wp-json\/wp\/v2\/media?parent=246"}],"curies":[{"name":"wp","href":"https:\/\/api.w.org\/{rel}","templated":true}]}}