{"id":244,"date":"2018-01-09T16:47:43","date_gmt":"2018-01-09T15:47:43","guid":{"rendered":"https:\/\/www.pixelway.de\/projekt-zimmerei\/?page_id=244"},"modified":"2018-01-16T18:31:15","modified_gmt":"2018-01-16T17:31:15","slug":"energieeinsparverordung","status":"publish","type":"page","link":"https:\/\/www.pixelway.de\/projekt-zimmerei\/energieeinsparverordung\/","title":{"rendered":"Energieeinsparverordung"},"content":{"rendered":"<p><img loading=\"lazy\" decoding=\"async\" class=\"aligncenter size-full wp-image-304\" src=\"https:\/\/www.pixelway.de\/projekt-zimmerei\/wp-content\/uploads\/2018\/01\/En_01.jpg\" alt=\"\" width=\"550\" height=\"413\" srcset=\"https:\/\/www.pixelway.de\/projekt-zimmerei\/wp-content\/uploads\/2018\/01\/En_01.jpg 550w, https:\/\/www.pixelway.de\/projekt-zimmerei\/wp-content\/uploads\/2018\/01\/En_01-300x225.jpg 300w, https:\/\/www.pixelway.de\/projekt-zimmerei\/wp-content\/uploads\/2018\/01\/En_01-194x146.jpg 194w, https:\/\/www.pixelway.de\/projekt-zimmerei\/wp-content\/uploads\/2018\/01\/En_01-50x38.jpg 50w, https:\/\/www.pixelway.de\/projekt-zimmerei\/wp-content\/uploads\/2018\/01\/En_01-100x75.jpg 100w, https:\/\/www.pixelway.de\/projekt-zimmerei\/wp-content\/uploads\/2018\/01\/En_01-480x360.jpg 480w\" sizes=\"auto, (max-width:767px) 480px, 550px\" \/><\/p>\n<p><span style=\"color: #ff0000;\">Energieeinsparverordung &#8211; EnEV<\/span><\/p>\n<p><strong>Was ist die EnEV??<\/strong><br \/>\nDurch das Energieeinsparungsgesetz wird die Bundesregierung erm\u00e4chtigt, durch Rechtsverordnungen Mindestanforderung an Geb\u00e4uden und seinen Bauteilen festzulegen, um Energie einzusparen. Diese Mindestanforderungen sind in der Energieeinsparverordnung (EnEV) in der aktuellen Fassung von 2009 definiert. Die EnEV 2009 ist seit dem 1. Oktober 2009 in Kraft.<\/p>\n<p>&nbsp;<\/p>\n<p>Der Ursprung liegt in der ersten \u00d6lkrise 1973. Erstmals wurde der Welt bewusst, dass die fossilen Energievorr\u00e4te nicht unendlich verf\u00fcgbar sein werden und neue M\u00f6glichkeiten der Energiegewinnung gesucht werden m\u00fcssen. So wurde das Energieeinsparungsgesetz 1976 eingef\u00fchrt. Mit fortschreitendem Klimawandel ist jedoch ein rascher Handlungsbedarf eingetreten, der sich durch weiter steigende Anforderungen der neuen EnEV 2009 in der energetischen Geb\u00e4udequalit\u00e4t auswirkt.<\/p>\n<p>&nbsp;<\/p>\n<p>Dies bedeutet f\u00fcr den Bauherrn, dass er sich beim Neubau, aber auch bei Sanierungsvorhaben an den Vorgaben der geltenden Energieeinsparverordnung zu orientieren hat.<\/p>\n<p><img loading=\"lazy\" decoding=\"async\" class=\"aligncenter size-full wp-image-305\" src=\"https:\/\/www.pixelway.de\/projekt-zimmerei\/wp-content\/uploads\/2018\/01\/En_02.jpg\" alt=\"\" width=\"550\" height=\"413\" srcset=\"https:\/\/www.pixelway.de\/projekt-zimmerei\/wp-content\/uploads\/2018\/01\/En_02.jpg 550w, https:\/\/www.pixelway.de\/projekt-zimmerei\/wp-content\/uploads\/2018\/01\/En_02-300x225.jpg 300w, https:\/\/www.pixelway.de\/projekt-zimmerei\/wp-content\/uploads\/2018\/01\/En_02-194x146.jpg 194w, https:\/\/www.pixelway.de\/projekt-zimmerei\/wp-content\/uploads\/2018\/01\/En_02-50x38.jpg 50w, https:\/\/www.pixelway.de\/projekt-zimmerei\/wp-content\/uploads\/2018\/01\/En_02-100x75.jpg 100w, https:\/\/www.pixelway.de\/projekt-zimmerei\/wp-content\/uploads\/2018\/01\/En_02-480x360.jpg 480w\" sizes=\"auto, (max-width:767px) 480px, 550px\" \/><\/p>\n<p>&nbsp;<\/p>\n<p><strong>Welche Mindestanforderungen m\u00fcssen bei einer Bauteilsanierungen eingehalten werden?<\/strong><\/p>\n<p><span style=\"color: #ff0000;\">Der Anhang 3 der EnEV schreibt in der Tabelle 1 H\u00f6chstwerte des W\u00e4rmedurchgangskoeffizenten (U-Wert) bei Bauteilsanierungen vor. Die Werte sind bei Ma\u00dfnahmen, die mehr als 10 % der Bauteilfl\u00e4che umfassen, einzuhalten.<\/span><\/p>\n<p>&nbsp;<\/p>\n<p>Tabelle 1 H\u00f6chstwerte der W\u00e4rmedurchgangskoeffizienten bei erstmaligem Einbau, Ersatz und Erneuerung von Bauteilen:<\/p>\n<table id=\"rahmen\" style=\"border-collapse: collapse;\" border=\"1\" width=\"500\" cellspacing=\"0\" cellpadding=\"1\">\n<tbody>\n<tr>\n<td>\n<p align=\"center\"><span style=\"font-size: 9pt; font-family: Arial;\">Zeile<\/span><\/p>\n<\/td>\n<td>\n<p align=\"center\"><span style=\"font-weight: bold; font-size: 9pt; font-family: Arial;\">Bauteil<\/span><\/p>\n<\/td>\n<td>\n<p align=\"center\"><span style=\"font-size: 9pt; font-family: Arial;\">Wohngeb\u00e4ude und Zonen von Nichtwohngeb\u00e4uden<\/span><\/p>\n<p>mit Innentemperaturen<\/p>\n<p>&gt; 19\u00b0C<\/td>\n<td>\n<p align=\"center\"><span style=\"font-size: 9pt; font-family: Arial;\">Zonen von<\/span><\/p>\n<p>Nichtwohngeb\u00e4uden<\/p>\n<p>mit Innentemperaturen<\/p>\n<p>von 12 bis &lt; 19\u00b0C<\/td>\n<\/tr>\n<tr>\n<td valign=\"top\" width=\"6%\"><\/td>\n<td><\/td>\n<td colspan=\"2\">\n<p align=\"center\"><span style=\"font-size: 9pt; font-family: Arial;\">H\u00f6chstwerte der W\u00e4rmedurchgangskoeffizienten<\/span><\/p>\n<p>U<sub>max<\/sub><sup><a href=\"http:\/\/www.enev-online.org\/enev_2009_volltext\/enev_2009_anlage_03_anforderungen_aenderung_aussenbauteile.htm#Anlage_3_Tabelle_1_Fussnote_1)\">1)<\/a><\/sup><\/td>\n<\/tr>\n<tr>\n<td valign=\"top\" width=\"6%\">\n<p align=\"center\"><span style=\"font-size: 9pt; font-family: Arial;\">1<\/span><\/p>\n<\/td>\n<td>\n<p align=\"center\"><span style=\"font-size: 9pt; font-family: Arial;\">2<\/span><\/p>\n<\/td>\n<td>\n<p align=\"center\"><span style=\"font-size: 9pt; font-family: Arial;\">4<\/span><\/p>\n<\/td>\n<td>\n<p align=\"center\"><span style=\"font-size: 9pt; font-family: Arial;\">5<\/span><\/p>\n<\/td>\n<\/tr>\n<tr>\n<td valign=\"top\" width=\"6%\">\n<p align=\"center\"><span style=\"font-size: 9pt; font-family: Arial;\">1<\/span><\/p>\n<\/td>\n<td>\n<p align=\"center\"><span style=\"font-size: 9pt; font-family: Arial;\">Au\u00dfenw\u00e4nde<\/span><\/p>\n<\/td>\n<td>\n<p align=\"center\"><span style=\"font-size: 9pt; font-family: Arial;\">0,24 W\/(m\u00b2\u00b7K)<\/span><\/p>\n<\/td>\n<td>\n<p align=\"center\"><span style=\"font-size: 9pt; font-family: Arial;\">0,35 W\/(m\u00b2\u00b7K)<\/span><\/p>\n<\/td>\n<\/tr>\n<tr>\n<td valign=\"top\" width=\"6%\">\n<p align=\"center\"><span style=\"font-size: 9pt; font-family: Arial;\">2 a<\/span><\/p>\n<\/td>\n<td>\n<p align=\"center\"><span style=\"font-size: 9pt; font-family: Arial;\">Au\u00dfen liegende Fenster, Fenstert\u00fcren<\/span><\/p>\n<\/td>\n<td>\n<p align=\"center\"><span style=\"font-size: 9pt; font-family: Arial;\">1,30 W\/(m\u00b2\u00b7K) <sup><a href=\"http:\/\/www.enev-online.org\/enev_2009_volltext\/enev_2009_anlage_03_anforderungen_aenderung_aussenbauteile.htm#Anlage_3_Tabelle_1_Fussnote_2)\">2)<\/a><\/sup><\/span><\/p>\n<\/td>\n<td>\n<p align=\"center\"><span style=\"font-size: 9pt; font-family: Arial;\">1,90 W\/(m\u00b2\u00b7K) <sup><a href=\"http:\/\/www.enev-online.org\/enev_2009_volltext\/enev_2009_anlage_03_anforderungen_aenderung_aussenbauteile.htm#Anlage_3_Tabelle_1_Fussnote_2)\">2)<\/a><\/sup><\/span><\/p>\n<\/td>\n<\/tr>\n<tr>\n<td valign=\"top\" width=\"6%\">\n<p align=\"center\"><span style=\"font-size: 9pt; font-family: Arial;\">2 b<\/span><\/p>\n<\/td>\n<td>\n<p align=\"center\"><span style=\"font-size: 9pt; font-family: Arial;\">Dachfl\u00e4chenfenster<\/span><\/p>\n<\/td>\n<td>\n<p align=\"center\"><span style=\"font-size: 9pt; font-family: Arial;\">1,40 W\/(m\u00b2\u00b7K) <sup><a href=\"http:\/\/www.enev-online.org\/enev_2009_volltext\/enev_2009_anlage_03_anforderungen_aenderung_aussenbauteile.htm#Anlage_3_Tabelle_1_Fussnote_2)\">2)<\/a><\/sup><\/span><\/p>\n<\/td>\n<td>\n<p align=\"center\"><span style=\"font-size: 9pt; font-family: Arial;\">1,90 W\/(m\u00b2\u00b7K) <sup><a href=\"http:\/\/www.enev-online.org\/enev_2009_volltext\/enev_2009_anlage_03_anforderungen_aenderung_aussenbauteile.htm#Anlage_3_Tabelle_1_Fussnote_2)\">2)<\/a><\/sup><\/span><\/p>\n<\/td>\n<\/tr>\n<tr>\n<td valign=\"top\" width=\"6%\">\n<p align=\"center\"><span style=\"font-size: 9pt; font-family: Arial;\">2 c<\/span><\/p>\n<\/td>\n<td>\n<p align=\"center\"><span style=\"font-size: 9pt; font-family: Arial;\">Verglasungen<\/span><\/p>\n<\/td>\n<td>\n<p align=\"center\"><span style=\"font-size: 9pt; font-family: Arial;\">1,10 W\/(m\u00b2\u00b7K) <sup><a href=\"http:\/\/www.enev-online.org\/enev_2009_volltext\/enev_2009_anlage_03_anforderungen_aenderung_aussenbauteile.htm#Anlage_3_Tabelle_1_Fussnote_3)\">3)<\/a><\/sup><\/span><\/p>\n<\/td>\n<td>\n<p align=\"center\"><span style=\"font-size: 9pt; font-family: Arial;\">keine Anforderung<\/span><\/p>\n<\/td>\n<\/tr>\n<tr>\n<td valign=\"top\" width=\"6%\">\n<p align=\"center\"><span style=\"font-size: 9pt; font-family: Arial;\">2 d<\/span><\/p>\n<\/td>\n<td>\n<p align=\"center\"><span style=\"font-size: 9pt; font-family: Arial;\">Vorhangfassaden<\/span><\/p>\n<\/td>\n<td>\n<p align=\"center\"><span style=\"font-size: 9pt; font-family: Arial;\">1,50 W\/(m\u00b2\u00b7K) <sup><a href=\"http:\/\/www.enev-online.org\/enev_2009_volltext\/enev_2009_anlage_03_anforderungen_aenderung_aussenbauteile.htm#Anlage_3_Tabelle_1_Fussnote_4)\">4)<\/a><\/sup><\/span><\/p>\n<\/td>\n<td>\n<p align=\"center\"><span style=\"font-size: 9pt; font-family: Arial;\">1,90 W\/(m\u00b2\u00b7K) <sup><a href=\"http:\/\/www.enev-online.org\/enev_2009_volltext\/enev_2009_anlage_03_anforderungen_aenderung_aussenbauteile.htm#Anlage_3_Tabelle_1_Fussnote_4)\">4)<\/a><\/sup><\/span><\/p>\n<\/td>\n<\/tr>\n<tr>\n<td valign=\"top\" width=\"6%\">\n<p align=\"center\"><span style=\"font-size: 9pt; font-family: Arial;\">2 e<\/span><\/p>\n<\/td>\n<td>\n<p align=\"center\"><span style=\"font-size: 9pt; font-family: Arial;\">Glasd\u00e4cher<\/span><\/p>\n<\/td>\n<td>\n<p align=\"center\"><span style=\"font-size: 9pt; font-family: Arial;\">2,00 W\/(m\u00b2\u00b7K) <sup><a href=\"http:\/\/www.enev-online.org\/enev_2009_volltext\/enev_2009_anlage_03_anforderungen_aenderung_aussenbauteile.htm#Anlage_3_Tabelle_1_Fussnote_3)\">3)<\/a><\/sup><\/span><\/p>\n<\/td>\n<td>\n<p align=\"center\"><span style=\"font-size: 9pt; font-family: Arial;\">2,70 W\/(m\u00b2\u00b7K) <sup><a href=\"http:\/\/www.enev-online.org\/enev_2009_volltext\/enev_2009_anlage_03_anforderungen_aenderung_aussenbauteile.htm#Anlage_3_Tabelle_1_Fussnote_3)\">3)<\/a><\/sup><\/span><\/p>\n<\/td>\n<\/tr>\n<tr>\n<td valign=\"top\" width=\"6%\">\n<p align=\"center\"><span style=\"font-size: 9pt; font-family: Arial;\">3 a<\/span><\/p>\n<\/td>\n<td>\n<p align=\"center\"><span style=\"font-size: 9pt; font-family: Arial;\">Au\u00dfen liegende Fenster, Fenstert\u00fcren, Dachfl\u00e4chenfenster mit Sonderverglasungen<\/span><\/p>\n<\/td>\n<td>\n<p align=\"center\"><span style=\"font-size: 9pt; font-family: Arial;\">2,00 W\/(m\u00b2\u00b7K) <sup><a href=\"http:\/\/www.enev-online.org\/enev_2009_volltext\/enev_2009_anlage_03_anforderungen_aenderung_aussenbauteile.htm#Anlage_3_Tabelle_1_Fussnote_2)\">2)<\/a><\/sup><\/span><\/p>\n<\/td>\n<td>\n<p align=\"center\"><span style=\"font-size: 9pt; font-family: Arial;\">2,80 W\/(m\u00b2\u00b7K) <sup><a href=\"http:\/\/www.enev-online.org\/enev_2009_volltext\/enev_2009_anlage_03_anforderungen_aenderung_aussenbauteile.htm#Anlage_3_Tabelle_1_Fussnote_2)\">2)<\/a><\/sup><\/span><\/p>\n<\/td>\n<\/tr>\n<tr>\n<td valign=\"top\" width=\"6%\">\n<p align=\"center\"><span style=\"font-size: 9pt; font-family: Arial;\">3 b<\/span><\/p>\n<\/td>\n<td>\n<p align=\"center\"><span style=\"font-size: 9pt; font-family: Arial;\">Sonderverglasungen<\/span><\/p>\n<\/td>\n<td>\n<p align=\"center\"><span style=\"font-size: 9pt; font-family: Arial;\">1,60 W\/(m\u00b2\u00b7K) <sup><a href=\"http:\/\/www.enev-online.org\/enev_2009_volltext\/enev_2009_anlage_03_anforderungen_aenderung_aussenbauteile.htm#Anlage_3_Tabelle_1_Fussnote_3)\">3)<\/a><\/sup><\/span><\/p>\n<\/td>\n<td>\n<p align=\"center\"><span style=\"font-size: 9pt; font-family: Arial;\">keine Anforderung<\/span><\/p>\n<\/td>\n<\/tr>\n<tr>\n<td valign=\"top\" width=\"6%\">\n<p align=\"center\"><span style=\"font-size: 9pt; font-family: Arial;\">3 c<\/span><\/p>\n<\/td>\n<td>\n<p align=\"center\"><span style=\"font-size: 9pt; font-family: Arial;\">Vorhangfassaden mit Sonderverglasungen<\/span><\/p>\n<\/td>\n<td>\n<p align=\"center\"><span style=\"font-size: 9pt; font-family: Arial;\">2,30 W\/(m\u00b2\u00b7K) <sup><a href=\"http:\/\/www.enev-online.org\/enev_2009_volltext\/enev_2009_anlage_03_anforderungen_aenderung_aussenbauteile.htm#Anlage_3_Tabelle_1_Fussnote_4)\">4)<\/a><\/sup><\/span><\/p>\n<\/td>\n<td>\n<p align=\"center\"><span style=\"font-size: 9pt; font-family: Arial;\">3,00 W\/(m\u00b2\u00b7K) <sup><a href=\"http:\/\/www.enev-online.org\/enev_2009_volltext\/enev_2009_anlage_03_anforderungen_aenderung_aussenbauteile.htm#Anlage_3_Tabelle_1_Fussnote_4)\">4)<\/a><\/sup><\/span><\/p>\n<\/td>\n<\/tr>\n<tr>\n<td valign=\"top\" width=\"6%\">\n<p align=\"center\"><span style=\"font-size: 9pt; font-family: Arial;\">4 a<\/span><\/p>\n<\/td>\n<td>\n<p align=\"center\"><span style=\"font-size: 9pt; font-family: Arial;\">Decken, D\u00e4cher und Dachschr\u00e4gen<\/span><\/p>\n<\/td>\n<td>\n<p align=\"center\"><span style=\"font-size: 9pt; font-family: Arial;\">0,24 W\/(m\u00b2\u00b7K)<\/span><\/p>\n<\/td>\n<td>\n<p align=\"center\"><span style=\"font-size: 9pt; font-family: Arial;\">0,35 W\/(m\u00b2\u00b7K)<\/span><\/p>\n<\/td>\n<\/tr>\n<tr>\n<td valign=\"top\" width=\"6%\">\n<p align=\"center\"><span style=\"font-size: 9pt; font-family: Arial;\">4 b<\/span><\/p>\n<\/td>\n<td>\n<p align=\"center\"><span style=\"font-size: 9pt; font-family: Arial;\">Flachd\u00e4cher<\/span><\/p>\n<\/td>\n<td>\n<p align=\"center\"><span style=\"font-size: 9pt; font-family: Arial;\">0,20 W\/(m\u00b2\u00b7K)<\/span><\/p>\n<\/td>\n<td>\n<p align=\"center\"><span style=\"font-size: 9pt; font-family: Arial;\">0,35 W\/(m\u00b2\u00b7K)<\/span><\/p>\n<\/td>\n<\/tr>\n<tr>\n<td valign=\"top\" width=\"6%\">\n<p align=\"center\"><span style=\"font-size: 9pt; font-family: Arial;\">5 a<\/span><\/p>\n<\/td>\n<td>\n<p align=\"center\"><span style=\"font-size: 9pt; font-family: Arial;\">Decken und W\u00e4nde gegen unbeheizte R\u00e4ume oder Erdreich<\/span><\/p>\n<\/td>\n<td>\n<p align=\"center\"><span style=\"font-size: 9pt; font-family: Arial;\">0,30 W\/(m\u00b2\u00b7K)<\/span><\/p>\n<\/td>\n<td>\n<p align=\"center\"><span style=\"font-size: 9pt; font-family: Arial;\">keine Anforderung<\/span><\/p>\n<\/td>\n<\/tr>\n<tr>\n<td valign=\"top\" width=\"6%\">\n<p align=\"center\"><span style=\"font-size: 9pt; font-family: Arial;\">5 b<\/span><\/p>\n<\/td>\n<td>\n<p align=\"center\"><span style=\"font-size: 9pt; font-family: Arial;\">Fu\u00dfbodenaufbauten<\/span><\/p>\n<\/td>\n<td>\n<p align=\"center\"><span style=\"font-size: 9pt; font-family: Arial;\">0,50 W\/(m\u00b2\u00b7K)<\/span><\/p>\n<\/td>\n<td>\n<p align=\"center\"><span style=\"font-size: 9pt; font-family: Arial;\">keine Anforderung<\/span><\/p>\n<\/td>\n<\/tr>\n<tr>\n<td valign=\"top\" width=\"6%\">\n<p align=\"center\"><span style=\"font-size: 9pt; font-family: Arial;\">5 c<\/span><\/p>\n<\/td>\n<td width=\"16%\">\n<p align=\"center\"><span style=\"font-size: 9pt; font-family: Arial;\">Decken nach unten an Au\u00dfenluft<\/span><\/p>\n<\/td>\n<td>\n<p align=\"center\"><span style=\"font-size: 9pt; font-family: Arial;\">0,24 W\/(m\u00b2\u00b7K)<\/span><\/p>\n<\/td>\n<td>\n<p align=\"center\"><span style=\"font-size: 9pt; font-family: Arial;\">0,35 W\/(m\u00b2\u00b7K)<\/span><\/p>\n<\/td>\n<\/tr>\n<\/tbody>\n<\/table>\n<p><strong>1)<\/strong> W\u00e4rmedurchgangskoeffizient des Bauteils unter Ber\u00fccksichtigung der neuen und der vorhandenen Bauteilschichten; f\u00fcr die Berechnung opaker Bauteile ist DIN EN ISO 6946 : 1996-11 zu verwenden.<\/p>\n<p>&nbsp;<\/p>\n<p><strong>2)<\/strong> Bemessungswert des W\u00e4rmedurchgangskoeffizienten des Fensters; der Bemessungswert des W\u00e4rmedurchgangskoeffizienten des Fensters ist technischen Produkt-Spezifikationen zu entnehmen oder gem\u00e4\u00df den nach den Landesbauordnungen bekannt gemachten energetischen Kennwerten f\u00fcr Bauprodukte zu bestimmen. Hierunter fallen insbesondere energetische Kennwerte aus europ\u00e4ischen technischen Zulassungen sowie energetische Kennwerte der Regelungen nach der Bauregelliste A Teil 1 und auf Grund von Festlegungen in allgemeinen bauaufsichtlichen Zulassungen.<\/p>\n<p>&nbsp;<\/p>\n<p><strong>3)<\/strong> Bemessungswert des W\u00e4rmedurchgangskoeffizienten der Verglasung; der Bemessungswert des W\u00e4rmedurchgangskoeffizienten der Verglasung ist technischen Produkt-Spezifikationen zu entnehmen oder gem\u00e4\u00df den nach den Landesbauordnungen bekannt gemachten energetischen Kennwerten f\u00fcr Bauprodukte zu bestimmen. Hierunter fallen insbesondere energetische Kennwerte aus europ\u00e4ischen technischen Zulassungen sowie energetische Kennwerte der Regelungen nach der Bauregelliste A Teil 1 und auf Grund von Festlegungen in allgemeinen bauaufsichtlichen Zulassungen.<\/p>\n<p>&nbsp;<\/p>\n<p><strong>4)<\/strong>W\u00e4rmedurchgangskoeffizient der Vorhangfassade; er ist nach anerkannten Regeln der Technik zu ermitteln.<\/p>\n<p>&nbsp;<\/p>\n<p>Der U-Wert gibt die Energiemenge an, die in einer bestimmten Zeit durch eine Fl\u00e4che von 1 m\u00b2 flie\u00dft, w\u00e4hrend der Temperaturunterschied der Luft auf beiden Seiten eines Bauteils 1 Kelvin oder 1 Grad Celsius betr\u00e4gt. Dieser Wert wird als W\u00e4rmedurchgangskoeffizient bezeichnet.<\/p>\n<p>&nbsp;<\/p>\n<p>Beispiel: F\u00fcr ein zu sanierendes Steildach mit einem Sparrenanteil von 15% (bezogen auf die Dachfl\u00e4che) liegt der H\u00f6chstwert nach Zeile 4a bei 0,24 W\/m\u00b2K. Die mindestens einzubauende Dammstoffdicke betr\u00e4gt also 20 cm mit einer W\u00e4rmeleitzahl von 0,035m\u00b2K\/W. Bei einem Flachdach nach Zeile 4b und einem Mindestw\u00e4rmedurchgangs-koeffizenten von 0,20 W\/m\u00b2K wird eine Mindestd\u00e4mmstoffdicke von 18 cm ( WLZ 035) gefordert.<\/p>\n<p><img loading=\"lazy\" decoding=\"async\" class=\"aligncenter size-full wp-image-306\" src=\"https:\/\/www.pixelway.de\/projekt-zimmerei\/wp-content\/uploads\/2018\/01\/En_03.jpg\" alt=\"\" width=\"550\" height=\"413\" srcset=\"https:\/\/www.pixelway.de\/projekt-zimmerei\/wp-content\/uploads\/2018\/01\/En_03.jpg 550w, https:\/\/www.pixelway.de\/projekt-zimmerei\/wp-content\/uploads\/2018\/01\/En_03-300x225.jpg 300w, https:\/\/www.pixelway.de\/projekt-zimmerei\/wp-content\/uploads\/2018\/01\/En_03-194x146.jpg 194w, https:\/\/www.pixelway.de\/projekt-zimmerei\/wp-content\/uploads\/2018\/01\/En_03-50x38.jpg 50w, https:\/\/www.pixelway.de\/projekt-zimmerei\/wp-content\/uploads\/2018\/01\/En_03-100x75.jpg 100w, https:\/\/www.pixelway.de\/projekt-zimmerei\/wp-content\/uploads\/2018\/01\/En_03-480x360.jpg 480w\" sizes=\"auto, (max-width:767px) 480px, 550px\" \/><\/p>\n<p>&nbsp;<\/p>\n<p><strong>Die aktuelle Energieeinsparverordnung finden Sie unter:<\/strong><\/p>\n<p><a href=\"http:\/\/www.gesetze-im-internet.de\/enev_2009\/index.html\" target=\"_blank\" rel=\"noopener\">http:\/\/www.gesetze-im-internet.de\/enev_2009\/index.html<\/a><\/p>\n<p>&nbsp;<\/p>\n<p><strong>Weitere Information zur Notwendigkeit des Energiesparens finden Sie:<\/strong><\/p>\n<p><a href=\"http:\/\/www.klima-sucht-schutz.de\/energiesparen\/energiespar-filme\/energiespar-aktion.html\" target=\"_blank\" rel=\"noopener\">http:\/\/www.klima-sucht-schutz.de\/energiesparen\/energiespar-filme\/energiespar-aktion.html<\/a><\/p>\n<p><a href=\"http:\/\/www.co2online.de\/\" target=\"_blank\" rel=\"noopener\">http:\/\/www.co2online.de\/<\/a><\/p>\n","protected":false},"excerpt":{"rendered":"<p>Energieeinsparverordung &#8211; EnEV Was ist die EnEV?? Durch das Energieeinsparungsgesetz wird die Bundesregierung erm\u00e4chtigt, durch Rechtsverordnungen Mindestanforderung an Geb\u00e4uden und seinen Bauteilen festzulegen, um Energie einzusparen.<span class=\"excerpt-hellip\"> [\u2026]<\/span><\/p>\n","protected":false},"author":1,"featured_media":0,"parent":0,"menu_order":0,"comment_status":"closed","ping_status":"closed","template":"","meta":{"ngg_post_thumbnail":0,"footnotes":""},"class_list":["post-244","page","type-page","status-publish","hentry"],"_links":{"self":[{"href":"https:\/\/www.pixelway.de\/projekt-zimmerei\/wp-json\/wp\/v2\/pages\/244","targetHints":{"allow":["GET"]}}],"collection":[{"href":"https:\/\/www.pixelway.de\/projekt-zimmerei\/wp-json\/wp\/v2\/pages"}],"about":[{"href":"https:\/\/www.pixelway.de\/projekt-zimmerei\/wp-json\/wp\/v2\/types\/page"}],"author":[{"embeddable":true,"href":"https:\/\/www.pixelway.de\/projekt-zimmerei\/wp-json\/wp\/v2\/users\/1"}],"replies":[{"embeddable":true,"href":"https:\/\/www.pixelway.de\/projekt-zimmerei\/wp-json\/wp\/v2\/comments?post=244"}],"version-history":[{"count":3,"href":"https:\/\/www.pixelway.de\/projekt-zimmerei\/wp-json\/wp\/v2\/pages\/244\/revisions"}],"predecessor-version":[{"id":420,"href":"https:\/\/www.pixelway.de\/projekt-zimmerei\/wp-json\/wp\/v2\/pages\/244\/revisions\/420"}],"wp:attachment":[{"href":"https:\/\/www.pixelway.de\/projekt-zimmerei\/wp-json\/wp\/v2\/media?parent=244"}],"curies":[{"name":"wp","href":"https:\/\/api.w.org\/{rel}","templated":true}]}}