{"id":262,"date":"2018-01-09T16:51:51","date_gmt":"2018-01-09T15:51:51","guid":{"rendered":"https:\/\/www.pixelway.de\/projekt-klein\/?page_id=262"},"modified":"2018-01-16T19:28:01","modified_gmt":"2018-01-16T18:28:01","slug":"steildach","status":"publish","type":"page","link":"https:\/\/www.pixelway.de\/projekt-klein\/steildach\/","title":{"rendered":"Steildach"},"content":{"rendered":"<div class=\"block\">\n<p>D a s S t e i l d a c h &#8211; <strong>&#8230; Krone des Hauses<\/strong><\/p>\n<hr id=\"headline\" \/>\n<p>&nbsp;<\/p>\n<p><img loading=\"lazy\" decoding=\"async\" class=\"aligncenter size-full wp-image-365\" src=\"https:\/\/www.pixelway.de\/projekt-klein\/wp-content\/uploads\/2018\/01\/St_01.jpg\" alt=\"\" width=\"500\" height=\"264\" srcset=\"https:\/\/www.pixelway.de\/projekt-klein\/wp-content\/uploads\/2018\/01\/St_01.jpg 500w, https:\/\/www.pixelway.de\/projekt-klein\/wp-content\/uploads\/2018\/01\/St_01-300x158.jpg 300w, https:\/\/www.pixelway.de\/projekt-klein\/wp-content\/uploads\/2018\/01\/St_01-260x137.jpg 260w, https:\/\/www.pixelway.de\/projekt-klein\/wp-content\/uploads\/2018\/01\/St_01-50x26.jpg 50w, https:\/\/www.pixelway.de\/projekt-klein\/wp-content\/uploads\/2018\/01\/St_01-142x75.jpg 142w\" sizes=\"auto, (max-width:767px) 480px, 500px\" \/><\/p>\n<p>&nbsp;<\/p>\n<p>Ein zuverl\u00e4ssiges Steildach \u2013 f\u00fcr den Werterhalt Ihres Geb\u00e4udes.<\/p>\n<p>&nbsp;<\/p>\n<p>Ein Steildach ist die Krone Ihres Hauses: es ist entscheidend f\u00fcr das Erscheinungsbild und die Sch\u00f6nheit des ganzen Geb\u00e4udes.<\/p>\n<p>&nbsp;<\/p>\n<p>Das Steildach sch\u00fctzt durch seinen sorgf\u00e4ltig abgestimmten Aufbau vor den Einfl\u00fcssen der Witterung und tr\u00e4gt bei entsprechender W\u00e4rmed\u00e4mmung zur Energieeinsparung bei.<\/p>\n<p>&nbsp;<\/p>\n<p>Das Steildach bietet individuelle Gestaltungsm\u00f6glichkeiten ganz nach Ihren Vorstellungen und erm\u00f6glicht Ihnen behagliches Wohnen im Raum unter dem Dach. Daher sind Dachwohnungen wegen Ihrer Gem\u00fctlichkeit oft begehrte Mietobjekte.<\/p>\n<p>&nbsp;<\/p>\n<p>Ob Sie f\u00fcr Ihre Familie mehr Lebensraum w\u00fcnschen oder endlich Platz f\u00fcr Ihre Hobbies schaffen m\u00f6chten \u2013 der Mitgliedsbetrieb der Dachdecker-Innung sorgt dabei f\u00fcr die notwendige Ausf\u00fchrungssicherheit und bietet Ihnen durch individuelle Beratung und Ausf\u00fchrung zahlreiche weiterf\u00fchrende Nutzungsm\u00f6glichkeiten.<\/p>\n<p>&nbsp;<\/p>\n<p>I h r Z u h a u s e u n t e r d e m D a c h<\/p>\n<p><strong>&#8230; Sicherheit f\u00fcr lange Zeit<\/strong><\/p>\n<hr id=\"headline\" \/>\n<p>&nbsp;<\/p>\n<p><img loading=\"lazy\" decoding=\"async\" class=\"aligncenter size-full wp-image-366\" src=\"https:\/\/www.pixelway.de\/projekt-klein\/wp-content\/uploads\/2018\/01\/St_02.jpg\" alt=\"\" width=\"500\" height=\"198\" srcset=\"https:\/\/www.pixelway.de\/projekt-klein\/wp-content\/uploads\/2018\/01\/St_02.jpg 500w, https:\/\/www.pixelway.de\/projekt-klein\/wp-content\/uploads\/2018\/01\/St_02-300x119.jpg 300w, https:\/\/www.pixelway.de\/projekt-klein\/wp-content\/uploads\/2018\/01\/St_02-260x103.jpg 260w, https:\/\/www.pixelway.de\/projekt-klein\/wp-content\/uploads\/2018\/01\/St_02-50x20.jpg 50w, https:\/\/www.pixelway.de\/projekt-klein\/wp-content\/uploads\/2018\/01\/St_02-150x59.jpg 150w\" sizes=\"auto, (max-width:767px) 480px, 500px\" \/><\/p>\n<p>Nach neuesten Erkenntnissen der Bauphysik leistet die Dachtechnik heute weit mehr als einfachen Regenschutz. Auf Jahre hinaus wirken die perfekt aufeinander abgestimmten Bestandteile des Daches f\u00fcr Ihre Gesundheit, Ihr Wohlbefinden und den Werterhalt der gesamten Bausubstanz. Die integrierte W\u00e4rmed\u00e4mmung reduziert den t\u00e4glichen Heizenergieeinsatz, so da\u00df sich in den Jahren der Nutzung hohe Einsparungen erzielen lassen.<\/p>\n<p><img loading=\"lazy\" decoding=\"async\" class=\"aligncenter size-full wp-image-367\" src=\"https:\/\/www.pixelway.de\/projekt-klein\/wp-content\/uploads\/2018\/01\/St_03.jpg\" alt=\"\" width=\"500\" height=\"250\" srcset=\"https:\/\/www.pixelway.de\/projekt-klein\/wp-content\/uploads\/2018\/01\/St_03.jpg 500w, https:\/\/www.pixelway.de\/projekt-klein\/wp-content\/uploads\/2018\/01\/St_03-300x150.jpg 300w, https:\/\/www.pixelway.de\/projekt-klein\/wp-content\/uploads\/2018\/01\/St_03-260x130.jpg 260w, https:\/\/www.pixelway.de\/projekt-klein\/wp-content\/uploads\/2018\/01\/St_03-50x25.jpg 50w, https:\/\/www.pixelway.de\/projekt-klein\/wp-content\/uploads\/2018\/01\/St_03-150x75.jpg 150w\" sizes=\"auto, (max-width:767px) 480px, 500px\" \/><\/p>\n<p>Ihr Steildach ist rund um die Uhr der Witterung ausgesetzt. Durch Niederschl\u00e4ge, Hitze, Frost und Sturm unterliegt es starken physikalischen Belastungen. Zus\u00e4tzlich wird durch die st\u00e4ndig steigende Umweltbelastung die \u00e4u\u00dfere Schicht des Daches angegriffen. Auf die Dauer k\u00f6nnen so durch den t\u00e4glichen Ansturm der Naturgewalten kleine Sch\u00e4den entstehen, die kaum ins Auge fallen.<\/p>\n<p>&nbsp;<\/p>\n<p>Der Dachdecker-Innungsbetrieb bietet Ihnen eine regelm\u00e4\u00dfige, fachgerechte \u00dcberpr\u00fcfung des Daches an. So verhindert er, da\u00df Wind und Wetter bei den zun\u00e4chst kleinen Sch\u00e4den immer mehr Angriffsfl\u00e4chen finden und diese rasch vergr\u00f6\u00dfern, was teure Folgesch\u00e4den f\u00fcr das ganze Geb\u00e4ude nach sich ziehen k\u00f6nnte.<\/p>\n<p>&nbsp;<\/p>\n<p>N e u e i n d e c k u n g<\/p>\n<p><strong>&#8230; wirtschaftlich und mit vielf\u00e4ltigem Nutzen<\/strong><\/p>\n<hr id=\"headline\" \/>\n<p>&nbsp;<\/p>\n<p>Sollte ein umfangreicherer Reparaturbedarf erkennbar sein, ber\u00e4t der Dachdecker-Innungsbetrieb Sie sorgf\u00e4ltig, ob eine Neudeckung gegen\u00fcber einer Reparatur die bessere und letztlich kosteng\u00fcnstigere L\u00f6sung darstellt.<\/p>\n<p><img loading=\"lazy\" decoding=\"async\" class=\"aligncenter size-full wp-image-368\" src=\"https:\/\/www.pixelway.de\/projekt-klein\/wp-content\/uploads\/2018\/01\/St_04.jpg\" alt=\"\" width=\"500\" height=\"184\" srcset=\"https:\/\/www.pixelway.de\/projekt-klein\/wp-content\/uploads\/2018\/01\/St_04.jpg 500w, https:\/\/www.pixelway.de\/projekt-klein\/wp-content\/uploads\/2018\/01\/St_04-300x110.jpg 300w, https:\/\/www.pixelway.de\/projekt-klein\/wp-content\/uploads\/2018\/01\/St_04-260x96.jpg 260w, https:\/\/www.pixelway.de\/projekt-klein\/wp-content\/uploads\/2018\/01\/St_04-50x18.jpg 50w, https:\/\/www.pixelway.de\/projekt-klein\/wp-content\/uploads\/2018\/01\/St_04-150x55.jpg 150w\" sizes=\"auto, (max-width:767px) 480px, 500px\" \/><\/p>\n<p>Bei einer Neudeckung kann das gesamte Dach wirtschaftlicher als in Einzelschritten den anerkannten Regeln der Technik angepa\u00dft werden.<\/p>\n<p>&nbsp;<\/p>\n<p>Energieeinsparung durch eine verbesserte W\u00e4rmed\u00e4mmung, ruhiges Wohnen durch hohen Schallschutz und zus\u00e4tzlicher Raumgewinn durch Gauben und Dachterrassen sind nur einige Vorteile einer Komplettl\u00f6sung, die der Dachdecker-Innungsbetrieb auch bei bereits zu Wohnr\u00e4umen ausgebauten Dachgeschossen realisieren kann.<\/p>\n<p>&nbsp;<\/p>\n<p>Eine sorgf\u00e4ltig geplante Dachsanierung steigert den Wert des gesamten Geb\u00e4udes und bietet individuelle Gestaltungsm\u00f6glichkeiten durch die Vielfalt der zur Verf\u00fcgung stehenden Materialien und Verarbeitungstechniken. Die Dachfl\u00e4che Ihrer Wahl harmonisiert mit Balkonen und Dachfl\u00e4chenfenstern, kann Anlagen zur Energiegewinnung tragen und l\u00e4\u00dft sich mit vielen Details versch\u00f6nern.<\/p>\n<p>I h r D a c h<\/p>\n<p><strong>&#8230; ein Beitrag zum Umweltschutz<\/strong><\/p>\n<hr id=\"headline\" \/>\n<p>&nbsp;<\/p>\n<p><img loading=\"lazy\" decoding=\"async\" class=\"aligncenter size-full wp-image-369\" src=\"https:\/\/www.pixelway.de\/projekt-klein\/wp-content\/uploads\/2018\/01\/St_05.jpg\" alt=\"\" width=\"500\" height=\"190\" srcset=\"https:\/\/www.pixelway.de\/projekt-klein\/wp-content\/uploads\/2018\/01\/St_05.jpg 500w, https:\/\/www.pixelway.de\/projekt-klein\/wp-content\/uploads\/2018\/01\/St_05-300x114.jpg 300w, https:\/\/www.pixelway.de\/projekt-klein\/wp-content\/uploads\/2018\/01\/St_05-260x99.jpg 260w, https:\/\/www.pixelway.de\/projekt-klein\/wp-content\/uploads\/2018\/01\/St_05-50x19.jpg 50w, https:\/\/www.pixelway.de\/projekt-klein\/wp-content\/uploads\/2018\/01\/St_05-150x57.jpg 150w\" sizes=\"auto, (max-width:767px) 480px, 500px\" \/><\/p>\n<p>Fragen Sie Ihren Dachdecker nach den M\u00f6glichkeiten, das Sonnenlicht durch gro\u00dfz\u00fcgige Dachfensterfl\u00e4chen zu leiten und freuen Sie sich auf eine helle, wohnliche Galerie im Dachgescho\u00df.<\/p>\n<p>&nbsp;<\/p>\n<p>Doch was sch\u00f6n ist, kann auch \u00f6kologischen Nutzen bringen: Ihr Dach kann Brauchwasser f\u00fcr die Gartenbew\u00e4sserung und den Teich sammeln, photovoltaische Elemente zur Stromgewinnung enthalten, Ihren Wintergarten und Ihr Warmwasser durch Solarthermie heizen und die Blitzschutzanlage zu Ihrem pers\u00f6nlichen Schutz tragen.<\/p>\n<p>&nbsp;<\/p>\n<p>Das Dach wird erst durch fachgerechte Ausf\u00fchrung und den Einsatz hochwertiger Produkte zur Krone des Hauses: Sie erhalten durch die Handwerkskunst des Dachdecker\u2013Innungsbetriebes eine anspruchsvolle Gestaltung, mehr wohnliches Wohlbehagen und ein hohes Ma\u00df an Sicherheit auf Jahre hinaus.<\/p>\n<p>&nbsp;<\/p>\n<p>D e r D a c h d e c k e r &#8211; I n n u n g s b e t r i e b<\/p>\n<p><strong>&#8230; Ihr kompetenter Partner<\/strong><\/p>\n<hr id=\"headline\" \/>\n<p>&nbsp;<\/p>\n<p><img loading=\"lazy\" decoding=\"async\" class=\"aligncenter size-full wp-image-370\" src=\"https:\/\/www.pixelway.de\/projekt-klein\/wp-content\/uploads\/2018\/01\/St_06.jpg\" alt=\"\" width=\"500\" height=\"181\" srcset=\"https:\/\/www.pixelway.de\/projekt-klein\/wp-content\/uploads\/2018\/01\/St_06.jpg 500w, https:\/\/www.pixelway.de\/projekt-klein\/wp-content\/uploads\/2018\/01\/St_06-300x109.jpg 300w, https:\/\/www.pixelway.de\/projekt-klein\/wp-content\/uploads\/2018\/01\/St_06-260x94.jpg 260w, https:\/\/www.pixelway.de\/projekt-klein\/wp-content\/uploads\/2018\/01\/St_06-50x18.jpg 50w, https:\/\/www.pixelway.de\/projekt-klein\/wp-content\/uploads\/2018\/01\/St_06-150x54.jpg 150w\" sizes=\"auto, (max-width:767px) 480px, 500px\" \/><\/p>\n<p>Der Mitgliedsbetrieb der Dachdecker-Innung bietet Ihnen fachkompetente Beratung, Planung und Ausf\u00fchrung aus einer Hand. Damit ist ein reibungsloser Ablauf der Einzelschritte und eine Erleichterung der Gesamtabwicklung gegeben.<\/p>\n<p>&nbsp;<\/p>\n<p>Als Fachbetrieb f\u00fcr Dach-, Wand- und Abdichtungstechnik hat der Innungsbetrieb Ihrer Wahl die Kompetenz, die Funktion der angrenzenden Geb\u00e4udeteile zu ber\u00fccksichtigen und Ihnen ein zuverl\u00e4ssiges Gesamtkonzept anzubieten.<\/p>\n<p>&nbsp;<\/p>\n<p>Der Dachdecker-Innungsbetrieb bietet umfassende Gew\u00e4hrleistung f\u00fcr die ausgef\u00fchrten Arbeiten. Damit erhalten Sie zus\u00e4tzliche Sicherheit f\u00fcr die einwandfreie Funktion des gesamten Dachaufbaus und den Werterhalt des gesamten Geb\u00e4udes.<\/p>\n<p>&nbsp;<\/p>\n<p>Die Auftragsvergabe an einen Innungsbetrieb ist dar\u00fcber hinaus ein guter Schutz vor unseri\u00f6sen Anbietern. Ihren Dachdecker-Innungsbetrieb erkennen Sie am Zeichen.<\/p>\n<p><img loading=\"lazy\" decoding=\"async\" class=\"aligncenter size-full wp-image-371\" src=\"https:\/\/www.pixelway.de\/projekt-klein\/wp-content\/uploads\/2018\/01\/logo-klein-3.gif\" alt=\"\" width=\"150\" height=\"106\" \/><\/p>\n<\/div>\n","protected":false},"excerpt":{"rendered":"<p>D a s S t e i l d a c h &#8211; &#8230; Krone des Hauses &nbsp; &nbsp; Ein zuverl\u00e4ssiges Steildach \u2013 f\u00fcr den Werterhalt<span class=\"excerpt-hellip\"> [\u2026]<\/span><\/p>\n","protected":false},"author":1,"featured_media":0,"parent":0,"menu_order":0,"comment_status":"closed","ping_status":"closed","template":"","meta":{"ngg_post_thumbnail":0,"footnotes":""},"class_list":["post-262","page","type-page","status-publish","hentry"],"_links":{"self":[{"href":"https:\/\/www.pixelway.de\/projekt-klein\/wp-json\/wp\/v2\/pages\/262","targetHints":{"allow":["GET"]}}],"collection":[{"href":"https:\/\/www.pixelway.de\/projekt-klein\/wp-json\/wp\/v2\/pages"}],"about":[{"href":"https:\/\/www.pixelway.de\/projekt-klein\/wp-json\/wp\/v2\/types\/page"}],"author":[{"embeddable":true,"href":"https:\/\/www.pixelway.de\/projekt-klein\/wp-json\/wp\/v2\/users\/1"}],"replies":[{"embeddable":true,"href":"https:\/\/www.pixelway.de\/projekt-klein\/wp-json\/wp\/v2\/comments?post=262"}],"version-history":[{"count":3,"href":"https:\/\/www.pixelway.de\/projekt-klein\/wp-json\/wp\/v2\/pages\/262\/revisions"}],"predecessor-version":[{"id":457,"href":"https:\/\/www.pixelway.de\/projekt-klein\/wp-json\/wp\/v2\/pages\/262\/revisions\/457"}],"wp:attachment":[{"href":"https:\/\/www.pixelway.de\/projekt-klein\/wp-json\/wp\/v2\/media?parent=262"}],"curies":[{"name":"wp","href":"https:\/\/api.w.org\/{rel}","templated":true}]}}