{"id":248,"date":"2018-01-09T16:48:45","date_gmt":"2018-01-09T15:48:45","guid":{"rendered":"https:\/\/www.pixelway.de\/projekt-klein\/?page_id=248"},"modified":"2018-01-16T18:56:10","modified_gmt":"2018-01-16T17:56:10","slug":"begruenung","status":"publish","type":"page","link":"https:\/\/www.pixelway.de\/projekt-klein\/begruenung\/","title":{"rendered":"Begr\u00fcnung"},"content":{"rendered":"<div class=\"block\">\n<p>L e b e n s r \u00e4 u m e <strong>&#8230; auf dem Dach gewinnen<\/strong><\/p>\n<hr id=\"headline\" \/>\n<p><img loading=\"lazy\" decoding=\"async\" class=\"aligncenter size-full wp-image-436\" src=\"https:\/\/www.pixelway.de\/projekt-klein\/wp-content\/uploads\/2018\/01\/g-1.jpg\" alt=\"\" width=\"500\" height=\"161\" srcset=\"https:\/\/www.pixelway.de\/projekt-klein\/wp-content\/uploads\/2018\/01\/g-1.jpg 500w, https:\/\/www.pixelway.de\/projekt-klein\/wp-content\/uploads\/2018\/01\/g-1-300x97.jpg 300w, https:\/\/www.pixelway.de\/projekt-klein\/wp-content\/uploads\/2018\/01\/g-1-260x84.jpg 260w, https:\/\/www.pixelway.de\/projekt-klein\/wp-content\/uploads\/2018\/01\/g-1-50x16.jpg 50w, https:\/\/www.pixelway.de\/projekt-klein\/wp-content\/uploads\/2018\/01\/g-1-150x48.jpg 150w\" sizes=\"auto, (max-width:767px) 480px, 500px\" \/><br \/>\nHaus und Garage bieten Ihnen vielf\u00e4ltige M\u00f6glichkeiten zur Schaffung neuer Lebensr\u00e4ume. Durch Dachbegr\u00fcnungen und Dachterrassen, die ganz nach Ihren pers\u00f6nlichen Anspr\u00fcchen gestaltet werden, r\u00fccken Sie der Natur ein St\u00fcck n\u00e4her.<\/p>\n<p>&nbsp;<\/p>\n<p>Die Anlage eines Dachgartens bedeutet eine zus\u00e4tzliche, blickgesch\u00fctzte und sonnige Nutzungsfl\u00e4che f\u00fcr erholsame Stunden. Auch auf D\u00e4chern von Garagen und Carports lassen sich oft durch einfache Ma\u00dfnahmen weitere Lebensr\u00e4ume gewinnen.<\/p>\n<p>&nbsp;<\/p>\n<p>Gr\u00fcne D\u00e4cher bieten Ihnen mehr Platz f\u00fcr die ganze Familie und ihre Hobbies. Diese gr\u00fcnen Inseln besitzen nicht nur einen hohen Freizeit- und Erholungswert, sondern gestalten Ihr Heim individuell und optisch ansprechend.<\/p>\n<p>&nbsp;<\/p>\n<p>Gerade in dicht besiedelten Wohngebieten wird man Sie um die zus\u00e4tzliche M\u00f6glichkeit der Entspannung beneiden. Dabei l\u00e4\u00dft sich mit der Lebensqualit\u00e4t gleichzeitig der Wert des Geb\u00e4udes steigern.<\/p>\n<p>&nbsp;<\/p>\n<p>D a c h b e g r \u00fc n u n g<br \/>\n<strong>&#8230; eine gute Entscheidung<\/strong><\/p>\n<hr id=\"headline\" \/>\n<p><img loading=\"lazy\" decoding=\"async\" class=\"aligncenter size-full wp-image-437\" src=\"https:\/\/www.pixelway.de\/projekt-klein\/wp-content\/uploads\/2018\/01\/g-2.jpg\" alt=\"\" width=\"500\" height=\"262\" srcset=\"https:\/\/www.pixelway.de\/projekt-klein\/wp-content\/uploads\/2018\/01\/g-2.jpg 500w, https:\/\/www.pixelway.de\/projekt-klein\/wp-content\/uploads\/2018\/01\/g-2-300x157.jpg 300w, https:\/\/www.pixelway.de\/projekt-klein\/wp-content\/uploads\/2018\/01\/g-2-260x136.jpg 260w, https:\/\/www.pixelway.de\/projekt-klein\/wp-content\/uploads\/2018\/01\/g-2-50x26.jpg 50w, https:\/\/www.pixelway.de\/projekt-klein\/wp-content\/uploads\/2018\/01\/g-2-143x75.jpg 143w\" sizes=\"auto, (max-width:767px) 480px, 500px\" \/><br \/>\nNeben den zus\u00e4tzlichen Nutzungsm\u00f6glichkeiten bietet Ihnen die Begr\u00fcnung Ihres Daches eine Reihe weiterer Vorz\u00fcge. Die Wohnqualit\u00e4t steigt, denn der W\u00e4rme- und Schallschutz wird durch begr\u00fcnte D\u00e4cher verbessert. Gr\u00fcnd\u00e4cher binden zudem den Staub, lassen das Regenwasser langsamer versickern und viele Pflanzen bl\u00fchen. Sie verbessern damit das Kleinklima und steigern Ihr pers\u00f6nliches Wohlbefinden und Ihre Gesundheit.<\/p>\n<p>&nbsp;<\/p>\n<p>Gr\u00fcne D\u00e4cher sind \u00f6kologische Schmuckst\u00fccke, die gerade im st\u00e4dtischen Bereich mit seinem gro\u00dffl\u00e4chig versiegelten Boden der Natur helfen, den Feuchtehaushalt zu regulieren. Durch den zus\u00e4tzlichen Schutz Ihres Daches vor Sonneneinstrahlung verl\u00e4ngert sich die Lebensdauer der Dachhaut mit ihren Funktionsschichten.<\/p>\n<p>&nbsp;<\/p>\n<p>Je nach Ihrem pers\u00f6nlichen Geschmack kann Ihre Dachfl\u00e4che von der Kr\u00e4uterwiese bis zum kunstvollen Garten gestaltet werden. Mit Gr\u00fcnd\u00e4chern betreiben Sie also aktiven Umweltschutz.<\/p>\n<p>&nbsp;<\/p>\n<p>A u f d a s \u201c D a r u n t e r \u201d<br \/>\n<strong>&#8230; kommt es an<\/strong><\/p>\n<hr id=\"headline\" \/>\n<p><img loading=\"lazy\" decoding=\"async\" class=\"aligncenter size-full wp-image-438\" src=\"https:\/\/www.pixelway.de\/projekt-klein\/wp-content\/uploads\/2018\/01\/g-3.jpg\" alt=\"\" width=\"500\" height=\"158\" srcset=\"https:\/\/www.pixelway.de\/projekt-klein\/wp-content\/uploads\/2018\/01\/g-3.jpg 500w, https:\/\/www.pixelway.de\/projekt-klein\/wp-content\/uploads\/2018\/01\/g-3-300x95.jpg 300w, https:\/\/www.pixelway.de\/projekt-klein\/wp-content\/uploads\/2018\/01\/g-3-260x82.jpg 260w, https:\/\/www.pixelway.de\/projekt-klein\/wp-content\/uploads\/2018\/01\/g-3-50x16.jpg 50w, https:\/\/www.pixelway.de\/projekt-klein\/wp-content\/uploads\/2018\/01\/g-3-150x47.jpg 150w\" sizes=\"auto, (max-width:767px) 480px, 500px\" \/><br \/>\nAn die Abdichtungen von genutzten D\u00e4chern werden besondere Anforderungen gestellt. Die fachgerechte Abstimmung aller Funktionsschichten sichert einen langfristigen Erfolg. Ihr Dachdecker-Innungsbetrieb ist hierbei f\u00fcr die Beratung, Planung und Ausf\u00fchrung der kompetente Ansprechpartner. Er erarbeitet f\u00fcr Sie in Zusammenarbeit mit dem Landschaftsg\u00e4rtner die beste Begr\u00fcnungsl\u00f6sung f\u00fcr Ihr Dach.<\/p>\n<p>&nbsp;<\/p>\n<p>Dar\u00fcber hinaus bietet Ihnen Ihr Dachdecker geeignete Laufbel\u00e4ge f\u00fcr Ihre Terrasse, Ihren Balkon und Ihren Dachgarten an. Er f\u00fchrt nach der notwendigen Abdichtung die Verlegearbeiten entsprechend Ihren Vorstellungen fach- und funktionsgerecht aus.<\/p>\n<p><img loading=\"lazy\" decoding=\"async\" class=\"aligncenter size-full wp-image-439\" src=\"https:\/\/www.pixelway.de\/projekt-klein\/wp-content\/uploads\/2018\/01\/g-4.jpg\" alt=\"\" width=\"500\" height=\"174\" srcset=\"https:\/\/www.pixelway.de\/projekt-klein\/wp-content\/uploads\/2018\/01\/g-4.jpg 500w, https:\/\/www.pixelway.de\/projekt-klein\/wp-content\/uploads\/2018\/01\/g-4-300x104.jpg 300w, https:\/\/www.pixelway.de\/projekt-klein\/wp-content\/uploads\/2018\/01\/g-4-260x90.jpg 260w, https:\/\/www.pixelway.de\/projekt-klein\/wp-content\/uploads\/2018\/01\/g-4-50x17.jpg 50w, https:\/\/www.pixelway.de\/projekt-klein\/wp-content\/uploads\/2018\/01\/g-4-150x52.jpg 150w\" sizes=\"auto, (max-width:767px) 480px, 500px\" \/><br \/>\nAls Fachbetrieb bietet der Dachdecker-Innungsbetrieb umfassende Gew\u00e4hrleistung f\u00fcr die ausgef\u00fchrten Arbeiten. Damit haben Sie Sicherheit f\u00fcr die Funktion der Schichtenfolge und den Werterhalt des Geb\u00e4udes.<\/p>\n<p>&nbsp;<\/p>\n<p>Der Innungsbetrieb bleibt auf Wunsch Ihr Ansprechpartner auch f\u00fcr die Pflege und Wartung des Daches.<\/p>\n<p>&nbsp;<\/p>\n<p>Die Auftragsvergabe an den Innungsbetrieb ist ein guter Schutz vor unseri\u00f6sen Anbietern. Ihren Dachdecker-Innungsbetrieb erkennen Sie am Zeichen.<\/p>\n<\/div>\n","protected":false},"excerpt":{"rendered":"<p>L e b e n s r \u00e4 u m e &#8230; auf dem Dach gewinnen Haus und Garage bieten Ihnen vielf\u00e4ltige M\u00f6glichkeiten zur Schaffung neuer<span class=\"excerpt-hellip\"> [\u2026]<\/span><\/p>\n","protected":false},"author":1,"featured_media":0,"parent":0,"menu_order":0,"comment_status":"closed","ping_status":"closed","template":"","meta":{"ngg_post_thumbnail":0,"footnotes":""},"class_list":["post-248","page","type-page","status-publish","hentry"],"_links":{"self":[{"href":"https:\/\/www.pixelway.de\/projekt-klein\/wp-json\/wp\/v2\/pages\/248","targetHints":{"allow":["GET"]}}],"collection":[{"href":"https:\/\/www.pixelway.de\/projekt-klein\/wp-json\/wp\/v2\/pages"}],"about":[{"href":"https:\/\/www.pixelway.de\/projekt-klein\/wp-json\/wp\/v2\/types\/page"}],"author":[{"embeddable":true,"href":"https:\/\/www.pixelway.de\/projekt-klein\/wp-json\/wp\/v2\/users\/1"}],"replies":[{"embeddable":true,"href":"https:\/\/www.pixelway.de\/projekt-klein\/wp-json\/wp\/v2\/comments?post=248"}],"version-history":[{"count":2,"href":"https:\/\/www.pixelway.de\/projekt-klein\/wp-json\/wp\/v2\/pages\/248\/revisions"}],"predecessor-version":[{"id":440,"href":"https:\/\/www.pixelway.de\/projekt-klein\/wp-json\/wp\/v2\/pages\/248\/revisions\/440"}],"wp:attachment":[{"href":"https:\/\/www.pixelway.de\/projekt-klein\/wp-json\/wp\/v2\/media?parent=248"}],"curies":[{"name":"wp","href":"https:\/\/api.w.org\/{rel}","templated":true}]}}