{"id":241,"date":"2018-01-09T16:45:33","date_gmt":"2018-01-09T15:45:33","guid":{"rendered":"https:\/\/www.pixelway.de\/projekt-klein\/?page_id=241"},"modified":"2018-01-16T18:29:53","modified_gmt":"2018-01-16T17:29:53","slug":"waermedaemmung","status":"publish","type":"page","link":"https:\/\/www.pixelway.de\/projekt-klein\/waermedaemmung\/","title":{"rendered":"W\u00e4rmed\u00e4mmung"},"content":{"rendered":"<p>&nbsp;<\/p>\n<div class=\"block\">\n<p>Die W\u00e4rmed\u00e4mmung von Aussenbauteilen des Hauses reduziert Heizw\u00e4rmeverluste. Ein von Fachbetrieben energetisch saniertes Geb\u00e4ude verbraucht nur einen Bruchteil der Energie zum Heizen wie ein unged\u00e4mmtes Geb\u00e4ude.<br \/>\nBei unsanierten Altbauten sind hohe Einsparpotentiale m\u00f6glich. So k\u00f6nnen allein bis zu 20% der Heizkosten durch eine Dachsanierung eingespart werden.<\/p>\n<p><img loading=\"lazy\" decoding=\"async\" class=\"aligncenter size-full wp-image-387\" src=\"https:\/\/www.pixelway.de\/projekt-klein\/wp-content\/uploads\/2018\/01\/Wae_01.jpg\" alt=\"\" width=\"549\" height=\"348\" srcset=\"https:\/\/www.pixelway.de\/projekt-klein\/wp-content\/uploads\/2018\/01\/Wae_01.jpg 549w, https:\/\/www.pixelway.de\/projekt-klein\/wp-content\/uploads\/2018\/01\/Wae_01-300x190.jpg 300w, https:\/\/www.pixelway.de\/projekt-klein\/wp-content\/uploads\/2018\/01\/Wae_01-230x146.jpg 230w, https:\/\/www.pixelway.de\/projekt-klein\/wp-content\/uploads\/2018\/01\/Wae_01-50x32.jpg 50w, https:\/\/www.pixelway.de\/projekt-klein\/wp-content\/uploads\/2018\/01\/Wae_01-118x75.jpg 118w\" sizes=\"auto, (max-width:767px) 480px, 549px\" \/><\/p>\n<p>&nbsp;<\/p>\n<p><span style=\"color: #ff0000;\">Steildach<\/span><\/p>\n<p>Bei der Steildachsanierung gibt es verschiedene M\u00f6glichkeiten zur D\u00e4mmung des Daches.<br \/>\nSo z. B. die Zwischensparrend\u00e4mmung.<br \/>\nBei energetischen Sanierungen \u00fcber ausgebauten Dachgeschossen k\u00f6nnen die Sparren mit einem Kantholz \u201eaufgedoppelt\u201c werden, um dickere D\u00e4mmschichten zu erm\u00f6glichen. Zum Einsatz bei der Zwischensparrend\u00e4mmung kommen haupts\u00e4chlich D\u00e4mmstoffe aus Mineralfaser. Diese D\u00e4mmung ist flexibel und passt sich Unebenheiten im Sparrengefach an. Dar\u00fcber hinaus stehen auch Materialien aus nachwachsenden Rohstoffen wie Zellulose, Hanf, Schafswolle etc.zur Verf\u00fcgung.<\/p>\n<p><img loading=\"lazy\" decoding=\"async\" class=\"aligncenter size-full wp-image-389\" src=\"https:\/\/www.pixelway.de\/projekt-klein\/wp-content\/uploads\/2018\/01\/Wae_021.jpg\" alt=\"\" width=\"500\" height=\"375\" srcset=\"https:\/\/www.pixelway.de\/projekt-klein\/wp-content\/uploads\/2018\/01\/Wae_021.jpg 500w, https:\/\/www.pixelway.de\/projekt-klein\/wp-content\/uploads\/2018\/01\/Wae_021-300x225.jpg 300w, https:\/\/www.pixelway.de\/projekt-klein\/wp-content\/uploads\/2018\/01\/Wae_021-195x146.jpg 195w, https:\/\/www.pixelway.de\/projekt-klein\/wp-content\/uploads\/2018\/01\/Wae_021-50x38.jpg 50w, https:\/\/www.pixelway.de\/projekt-klein\/wp-content\/uploads\/2018\/01\/Wae_021-100x75.jpg 100w, https:\/\/www.pixelway.de\/projekt-klein\/wp-content\/uploads\/2018\/01\/Wae_021-480x360.jpg 480w\" sizes=\"auto, (max-width:767px) 480px, 500px\" \/><\/p>\n<p>Der Nachteil einer Zwischensparrend\u00e4mmung ist die verbleibende W\u00e4rmebr\u00fccke durch die Holzsparren selbst. Denn Holz ist ein fast 4-fach besserer W\u00e4rmeleiter als der entsprechende D\u00e4mmstoff im Gefach.<br \/>\nAls Alternative bietet sich die (zus\u00e4tzliche) Aufdachd\u00e4mmung an. Entsprechende Systeme werden von verschiedenen Herstellern angeboten. H\u00e4ufig werden hier u.a. EPS (Styropor), Polyurethan (PU) sowie Mineralwolle eingesetzt. Der energetische Vorteil der Aufsparrend\u00e4mmung: Die gesamte Dachfl\u00e4che besitzt eine homogene (nicht durch W\u00e4rmebr\u00fccken unterbrochene) D\u00e4mmung.<\/p>\n<p>&nbsp;<\/p>\n<p>Aufsparrend\u00e4mmsysteme sind auch sinnvoll, wenn die Sparren von innen sichtbar bleiben sollen. Bei einem bestehenden Dachausbau kann die zus\u00e4tzliche Aufsparrend\u00e4mmung das Aufdoppeln der Sparren ersetzen. Die Anforderungen an den Schallschutz sollten bei Aufdachd\u00e4mmsystemen vorab gepr\u00fcft werden.<\/p>\n<p>&nbsp;<\/p>\n<p>Die dritte M\u00f6glichkeit der Dachd\u00e4mmung ist die Untersparrend\u00e4mmung. Sie kann auch zus\u00e4tzlich zu einer Zwischensparrend\u00e4mmung ausgef\u00fchrt werden. Der Nachteil besteht allerdings darin, dass mit der Untersparrend\u00e4mmung das Raumvolumen erheblich reduziert wird.<\/p>\n<p>&nbsp;<\/p>\n<p>Bei der Sanierung sollte vor allem auf eine fachgerechte Ausbildung der W\u00e4rmebr\u00fccken geachtet werden. Die D\u00e4mmung von Beton\u00fcberst\u00e4nden, auf Giebelw\u00e4nden, Trennw\u00e4nden, Fensterlaibungen und an Kaminen ist hier besonders wichtig. Gerade bei umfangreichen D\u00e4mmma\u00dfnahmen in der Fl\u00e4che potenzieren sich die W\u00e4rmeverluste \u00fcber schlecht ged\u00e4mmte W\u00e4rmebr\u00fccken.<br \/>\nMangelhaft ausgef\u00fchrte W\u00e4rmed\u00e4mmungen und Anschl\u00fcsse von Dampfsperren f\u00fchren \u2013 oft erst nach Jahren bemerkt \u2013 zur gesundheitsgef\u00e4hrdenden Schimmelbildung. Diese kann sogar das Tragwerk der Dachkonstruktion befallen und die Statik negativ beeinflussen.<\/p>\n<p><img loading=\"lazy\" decoding=\"async\" class=\"aligncenter size-full wp-image-388\" src=\"https:\/\/www.pixelway.de\/projekt-klein\/wp-content\/uploads\/2018\/01\/Wae_03.jpg\" alt=\"\" width=\"500\" height=\"375\" srcset=\"https:\/\/www.pixelway.de\/projekt-klein\/wp-content\/uploads\/2018\/01\/Wae_03.jpg 500w, https:\/\/www.pixelway.de\/projekt-klein\/wp-content\/uploads\/2018\/01\/Wae_03-300x225.jpg 300w, https:\/\/www.pixelway.de\/projekt-klein\/wp-content\/uploads\/2018\/01\/Wae_03-195x146.jpg 195w, https:\/\/www.pixelway.de\/projekt-klein\/wp-content\/uploads\/2018\/01\/Wae_03-50x38.jpg 50w, https:\/\/www.pixelway.de\/projekt-klein\/wp-content\/uploads\/2018\/01\/Wae_03-100x75.jpg 100w, https:\/\/www.pixelway.de\/projekt-klein\/wp-content\/uploads\/2018\/01\/Wae_03-480x360.jpg 480w\" sizes=\"auto, (max-width:767px) 480px, 500px\" \/><\/p>\n<p>&nbsp;<\/p>\n<p><span style=\"color: #ff0000;\">Flachdach<\/span><\/p>\n<p>Eine Flachdachd\u00e4mmung gestaltet sich einfacher als bei einem Steildach. Das typische Flachdach hat eine Tragschale ( Betondecke\/Trapezblech oder Holzkonstruktion ) worauf der Dachaufbau aufgebracht wird.<br \/>\nBeim Warmdach liegt die D\u00e4mmschicht zwischen Dampfsperre und Abdichtung. Verschiedene D\u00e4mmstoffe kommen auch hier zur Ausf\u00fchrung. Die Auswahl der D\u00e4mmstoffe erfolgt nach zu erwartender Nutzung und Belastung. M\u00f6gliche D\u00e4mmstoffe sind hier z.B. Polystyrol, Polyurethan, Schaumglas oder Mineralfaserd\u00e4mmung.<\/p>\n<p>&nbsp;<\/p>\n<p>Eine Sonderkonstruktion ist das Umkehrdach. Hier wird die W\u00e4rmed\u00e4mmung lose \u00fcber die Abdichtung verlegt, und mit einer Auflast beschwert. F\u00fcr Umkehrd\u00e4cher kommt nur extrudiertes Polystyrol zur Anwendung, da dieser D\u00e4mmstoff durch seine geschlossenporige Struktur seine D\u00e4mmwirkung auch unter Feuchtigkeit nicht verliert. Umkehrd\u00e4cher haben den Vorteil das die Abdichtung kaum Temperaturschwankungen und keiner Bewitterung ausgesetzt ist.<\/p>\n<p>&nbsp;<\/p>\n<p>Aber auch bei der Flachdachsanierung mu\u00df auf eine korrekte Ausbildung der W\u00e4rmebr\u00fccken geachtet werden. Attiken, Kamindurchdringungen, Rohrdurchf\u00fchrungen, Dach\u00fcberst\u00e4nde usw. m\u00fcssen entsprechend behandelt und ausgebildet werden, damit hier die W\u00e4rmeverluste reduziert werden.<\/p>\n<p>&nbsp;<\/p>\n<p><strong>F\u00f6rdermittel:<\/strong><br \/>\nKFW-F\u00f6rderbank<br \/>\nBauen, Wohnen, Energie sparen<br \/>\nAnpassung an die Anforderungen der neuer Energieeinsparverordnung (EnEV)<br \/>\nIn den P\u00e4sentationen haben wir die wichtigsten \u00c4nderungen in unserer Programmstruktur zum 01.10.2009 zusammengefasst.<br \/>\n\u00d6FFENTLICHE-MITTEL.com NRW<br \/>\nF\u00f6rdermittelrechner<br \/>\ndena<br \/>\nDeutsche Energie Agentur<br \/>\nWegweiser Energie<\/p>\n<\/div>\n","protected":false},"excerpt":{"rendered":"<p>&nbsp; Die W\u00e4rmed\u00e4mmung von Aussenbauteilen des Hauses reduziert Heizw\u00e4rmeverluste. Ein von Fachbetrieben energetisch saniertes Geb\u00e4ude verbraucht nur einen Bruchteil der Energie zum Heizen wie ein unged\u00e4mmtes<span class=\"excerpt-hellip\"> [\u2026]<\/span><\/p>\n","protected":false},"author":1,"featured_media":0,"parent":0,"menu_order":0,"comment_status":"closed","ping_status":"closed","template":"","meta":{"ngg_post_thumbnail":0,"footnotes":""},"class_list":["post-241","page","type-page","status-publish","hentry"],"_links":{"self":[{"href":"https:\/\/www.pixelway.de\/projekt-klein\/wp-json\/wp\/v2\/pages\/241","targetHints":{"allow":["GET"]}}],"collection":[{"href":"https:\/\/www.pixelway.de\/projekt-klein\/wp-json\/wp\/v2\/pages"}],"about":[{"href":"https:\/\/www.pixelway.de\/projekt-klein\/wp-json\/wp\/v2\/types\/page"}],"author":[{"embeddable":true,"href":"https:\/\/www.pixelway.de\/projekt-klein\/wp-json\/wp\/v2\/users\/1"}],"replies":[{"embeddable":true,"href":"https:\/\/www.pixelway.de\/projekt-klein\/wp-json\/wp\/v2\/comments?post=241"}],"version-history":[{"count":2,"href":"https:\/\/www.pixelway.de\/projekt-klein\/wp-json\/wp\/v2\/pages\/241\/revisions"}],"predecessor-version":[{"id":418,"href":"https:\/\/www.pixelway.de\/projekt-klein\/wp-json\/wp\/v2\/pages\/241\/revisions\/418"}],"wp:attachment":[{"href":"https:\/\/www.pixelway.de\/projekt-klein\/wp-json\/wp\/v2\/media?parent=241"}],"curies":[{"name":"wp","href":"https:\/\/api.w.org\/{rel}","templated":true}]}}